{"id":10152,"date":"2024-04-16T11:17:53","date_gmt":"2024-04-16T11:17:53","guid":{"rendered":"https:\/\/www.polskismak.nl\/?post_type=product&#038;p=10152"},"modified":"2025-02-11T10:21:45","modified_gmt":"2025-02-11T10:21:45","slug":"hellena-oranzada-czerwona-zolta","status":"publish","type":"product","link":"https:\/\/www.polskismak.nl\/index.php\/product\/hellena-oranzada-czerwona-zolta\/","title":{"rendered":"Hellena Oran\u017cada Czerwona"},"content":{"rendered":"<p>Sk\u0142ad: woda, cukier (D) i\/lub syrop glukozowo-fruktozowy (G)*, dwutlenek w\u0119gla, regulator kwasowo\u015bci: kwas cytrynowy, aromat, ekstrakt z krokosza barwierskiego, substancja konserwuj\u0105ca: srobinian potasu, barwnik: karoteny, przeciwutleniacz: kwas askorbinowy.<\/p>\n<p>1,25 l<\/p>\n","protected":false},"excerpt":{"rendered":"<p>Sk\u0142ad: woda, cukier (D) i\/lub syrop glukozowo-fruktozowy (G)*, dwutlenek w\u0119gla, regulator kwasowo\u015bci: kwas cytrynowy, aromat, ekstrakt z krokosza barwierskiego, substancja konserwuj\u0105ca: srobinian potasu, barwnik: karoteny, przeciwutleniacz: kwas askorbinowy. 1,25 l<\/p>\n","protected":false},"featured_media":10133,"template":"","meta":[],"product_brand":[],"product_cat":[131,130],"product_tag":[],"class_list":{"0":"post-10152","1":"product","2":"type-product","3":"status-publish","4":"has-post-thumbnail","6":"product_cat-napoje-napoje","7":"product_cat-napoje","9":"first","10":"instock","11":"taxable","12":"shipping-taxable","13":"purchasable","14":"product-type-simple"},"_links":{"self":[{"href":"https:\/\/www.polskismak.nl\/index.php\/wp-json\/wp\/v2\/product\/10152","targetHints":{"allow":["GET"]}}],"collection":[{"href":"https:\/\/www.polskismak.nl\/index.php\/wp-json\/wp\/v2\/product"}],"about":[{"href":"https:\/\/www.polskismak.nl\/index.php\/wp-json\/wp\/v2\/types\/product"}],"wp:featuredmedia":[{"embeddable":true,"href":"https:\/\/www.polskismak.nl\/index.php\/wp-json\/wp\/v2\/media\/10133"}],"wp:attachment":[{"href":"https:\/\/www.polskismak.nl\/index.php\/wp-json\/wp\/v2\/media?parent=10152"}],"wp:term":[{"taxonomy":"product_brand","embeddable":true,"href":"https:\/\/www.polskismak.nl\/index.php\/wp-json\/wp\/v2\/product_brand?post=10152"},{"taxonomy":"product_cat","embeddable":true,"href":"https:\/\/www.polskismak.nl\/index.php\/wp-json\/wp\/v2\/product_cat?post=10152"},{"taxonomy":"product_tag","embeddable":true,"href":"https:\/\/www.polskismak.nl\/index.php\/wp-json\/wp\/v2\/product_tag?post=10152"}],"curies":[{"name":"wp","href":"https:\/\/api.w.org\/{rel}","templated":true}]}}