{"id":10166,"date":"2024-04-16T11:47:24","date_gmt":"2024-04-16T11:47:24","guid":{"rendered":"https:\/\/www.polskismak.nl\/?post_type=product&#038;p=10166"},"modified":"2024-07-04T12:26:13","modified_gmt":"2024-07-04T12:26:13","slug":"dawtona-sok-z-burakow","status":"publish","type":"product","link":"https:\/\/www.polskismak.nl\/index.php\/product\/dawtona-sok-z-burakow\/","title":{"rendered":"Dawtona sok z burak\u00f3w"},"content":{"rendered":"<p>[:pl]Sk\u0142ad:\u00a0soki odtworzone z zag\u0119szczonych sok\u00f3w i przeciery z: burak\u00f3w \u0107wik\u0142owych (87%), jab\u0142ek (10%), selera naciowego, cytryn, imbiru, czosnku, s\u00f3l, przyprawy<\/p>\n<p>300 ml<\/p>\n<p>Waga: 470 g<\/p>\n<p>&nbsp;[:nl]&nbsp;<\/p>\n<p>Ingredi\u00ebnten: gereconstitueerde sappen uit geconcentreerde sappen en puree van: rode biet (87%), appels (10%), selderij, citroenen, gember, knoflook, zout, kruiden<\/p>\n<p>300 ml<\/p>\n<p>Gewicht: 470 gram[:]<\/p>\n","protected":false},"excerpt":{"rendered":"<p>[:pl]Sk\u0142ad:\u00a0soki odtworzone z zag\u0119szczonych sok\u00f3w i przeciery z: burak\u00f3w \u0107wik\u0142owych (87%), jab\u0142ek (10%), selera naciowego, cytryn, imbiru, czosnku, s\u00f3l, przyprawy 300 ml Waga: 470 g &nbsp;[:nl]&nbsp; Ingredi\u00ebnten: gereconstitueerde sappen uit geconcentreerde sappen en puree van: rode biet (87%), appels (10%), selderij, citroenen, gember, knoflook, zout, kruiden 300 ml Gewicht: 470 gram[:]<\/p>\n","protected":false},"featured_media":10122,"template":"","meta":[],"product_brand":[],"product_cat":[130,132],"product_tag":[],"class_list":{"0":"post-10166","1":"product","2":"type-product","3":"status-publish","4":"has-post-thumbnail","6":"product_cat-napoje","7":"product_cat-soki-i-nektary","9":"first","10":"instock","11":"taxable","12":"shipping-taxable","13":"purchasable","14":"product-type-simple"},"_links":{"self":[{"href":"https:\/\/www.polskismak.nl\/index.php\/wp-json\/wp\/v2\/product\/10166","targetHints":{"allow":["GET"]}}],"collection":[{"href":"https:\/\/www.polskismak.nl\/index.php\/wp-json\/wp\/v2\/product"}],"about":[{"href":"https:\/\/www.polskismak.nl\/index.php\/wp-json\/wp\/v2\/types\/product"}],"wp:featuredmedia":[{"embeddable":true,"href":"https:\/\/www.polskismak.nl\/index.php\/wp-json\/wp\/v2\/media\/10122"}],"wp:attachment":[{"href":"https:\/\/www.polskismak.nl\/index.php\/wp-json\/wp\/v2\/media?parent=10166"}],"wp:term":[{"taxonomy":"product_brand","embeddable":true,"href":"https:\/\/www.polskismak.nl\/index.php\/wp-json\/wp\/v2\/product_brand?post=10166"},{"taxonomy":"product_cat","embeddable":true,"href":"https:\/\/www.polskismak.nl\/index.php\/wp-json\/wp\/v2\/product_cat?post=10166"},{"taxonomy":"product_tag","embeddable":true,"href":"https:\/\/www.polskismak.nl\/index.php\/wp-json\/wp\/v2\/product_tag?post=10166"}],"curies":[{"name":"wp","href":"https:\/\/api.w.org\/{rel}","templated":true}]}}