{"id":10168,"date":"2024-04-18T08:49:18","date_gmt":"2024-04-18T08:49:18","guid":{"rendered":"https:\/\/www.polskismak.nl\/?post_type=product&#038;p=10168"},"modified":"2024-07-04T12:22:04","modified_gmt":"2024-07-04T12:22:04","slug":"paola-syrop-malina","status":"publish","type":"product","link":"https:\/\/www.polskismak.nl\/index.php\/product\/paola-syrop-malina\/","title":{"rendered":"Paola Syrop Malina"},"content":{"rendered":"<p>[:pl]Sk\u0142adniki: syrop glukozowo-fruktozowy; cukier; woda; sok malinowy z zag\u0119szczonego soku malinowego (3%); regulator kwasowo\u015bci: kwas cytrynowy; \u015brodek spo\u017cywczy o w\u0142a\u015bciwo\u015bciach barwi\u0105cych (koncentrat marchwi, czarnej porzeczki, jab\u0142ka i hibiskusa) aromat.<\/p>\n<p>680 ml<\/p>\n<p>Waga: 1200 g[:nl]Ingredi\u00ebnten: glucose-fructosestroop; suiker; water; frambozensap uit geconcentreerd frambozensap (3%); zuurteregelaar: citroenzuur; voedsel met kleureigenschappen (wortel-, zwarte bes-, appel- en hibiscusconcentraat), smaak.<\/p>\n<p>680 ml<\/p>\n<p>Gewicht: 1200 gram[:]<\/p>\n","protected":false},"excerpt":{"rendered":"<p>[:pl]Sk\u0142adniki: syrop glukozowo-fruktozowy; cukier; woda; sok malinowy z zag\u0119szczonego soku malinowego (3%); regulator kwasowo\u015bci: kwas cytrynowy; \u015brodek spo\u017cywczy o w\u0142a\u015bciwo\u015bciach barwi\u0105cych (koncentrat marchwi, czarnej porzeczki, jab\u0142ka i hibiskusa) aromat. 680 ml Waga: 1200 g[:nl]Ingredi\u00ebnten: glucose-fructosestroop; suiker; water; frambozensap uit geconcentreerd frambozensap (3%); zuurteregelaar: citroenzuur; voedsel met kleureigenschappen (wortel-, zwarte bes-, appel- en hibiscusconcentraat), smaak. 680 [&hellip;]<\/p>\n","protected":false},"featured_media":10123,"template":"","meta":[],"product_brand":[],"product_cat":[130,133],"product_tag":[],"class_list":{"0":"post-10168","1":"product","2":"type-product","3":"status-publish","4":"has-post-thumbnail","6":"product_cat-napoje","7":"product_cat-syropy","9":"first","10":"instock","11":"taxable","12":"shipping-taxable","13":"purchasable","14":"product-type-simple"},"_links":{"self":[{"href":"https:\/\/www.polskismak.nl\/index.php\/wp-json\/wp\/v2\/product\/10168","targetHints":{"allow":["GET"]}}],"collection":[{"href":"https:\/\/www.polskismak.nl\/index.php\/wp-json\/wp\/v2\/product"}],"about":[{"href":"https:\/\/www.polskismak.nl\/index.php\/wp-json\/wp\/v2\/types\/product"}],"wp:featuredmedia":[{"embeddable":true,"href":"https:\/\/www.polskismak.nl\/index.php\/wp-json\/wp\/v2\/media\/10123"}],"wp:attachment":[{"href":"https:\/\/www.polskismak.nl\/index.php\/wp-json\/wp\/v2\/media?parent=10168"}],"wp:term":[{"taxonomy":"product_brand","embeddable":true,"href":"https:\/\/www.polskismak.nl\/index.php\/wp-json\/wp\/v2\/product_brand?post=10168"},{"taxonomy":"product_cat","embeddable":true,"href":"https:\/\/www.polskismak.nl\/index.php\/wp-json\/wp\/v2\/product_cat?post=10168"},{"taxonomy":"product_tag","embeddable":true,"href":"https:\/\/www.polskismak.nl\/index.php\/wp-json\/wp\/v2\/product_tag?post=10168"}],"curies":[{"name":"wp","href":"https:\/\/api.w.org\/{rel}","templated":true}]}}