{"id":10170,"date":"2024-04-18T08:58:11","date_gmt":"2024-04-18T08:58:11","guid":{"rendered":"https:\/\/www.polskismak.nl\/?post_type=product&#038;p=10170"},"modified":"2024-07-04T12:19:48","modified_gmt":"2024-07-04T12:19:48","slug":"hellena-oranzada-400-ml","status":"publish","type":"product","link":"https:\/\/www.polskismak.nl\/index.php\/product\/hellena-oranzada-400-ml\/","title":{"rendered":"Hellena oran\u017cada 400 ml"},"content":{"rendered":"<p>[:pl]woda, sok jab\u0142kowy otrzymany z zag\u0119szczonego soku (20 %), cukier, dwutlenek w\u0119gla, regulator kwasowo\u015bci: kwas cytrynowy, koncentrat z czarnej marchwi, aromaty, substancje s\u0142odz\u0105ce: sukraloza, cyklaminiany Zawarto\u015b\u0107 soku owocowego minimum 20 %<\/p>\n<p>400 ml<\/p>\n<p>Waga: 435 g[:nl]water, appelsap verkregen uit geconcentreerd sap (20%), suiker, kooldioxide, zuurteregelaar: citroenzuur, zwarte wortelconcentraat, aroma&#8217;s, zoetstoffen: sucralose, cyclamaten. Vruchtensapgehalte: minimaal 20%.<\/p>\n<p>400 ml<\/p>\n<p>Gewicht: 435 g[:]<\/p>\n","protected":false},"excerpt":{"rendered":"<p>[:pl]woda, sok jab\u0142kowy otrzymany z zag\u0119szczonego soku (20 %), cukier, dwutlenek w\u0119gla, regulator kwasowo\u015bci: kwas cytrynowy, koncentrat z czarnej marchwi, aromaty, substancje s\u0142odz\u0105ce: sukraloza, cyklaminiany Zawarto\u015b\u0107 soku owocowego minimum 20 % 400 ml Waga: 435 g[:nl]water, appelsap verkregen uit geconcentreerd sap (20%), suiker, kooldioxide, zuurteregelaar: citroenzuur, zwarte wortelconcentraat, aroma&#8217;s, zoetstoffen: sucralose, cyclamaten. Vruchtensapgehalte: minimaal 20%. [&hellip;]<\/p>\n","protected":false},"featured_media":10121,"template":"","meta":[],"product_brand":[],"product_cat":[130,131],"product_tag":[],"class_list":{"0":"post-10170","1":"product","2":"type-product","3":"status-publish","4":"has-post-thumbnail","6":"product_cat-napoje","7":"product_cat-napoje-napoje","9":"first","10":"instock","11":"taxable","12":"shipping-taxable","13":"purchasable","14":"product-type-simple"},"_links":{"self":[{"href":"https:\/\/www.polskismak.nl\/index.php\/wp-json\/wp\/v2\/product\/10170","targetHints":{"allow":["GET"]}}],"collection":[{"href":"https:\/\/www.polskismak.nl\/index.php\/wp-json\/wp\/v2\/product"}],"about":[{"href":"https:\/\/www.polskismak.nl\/index.php\/wp-json\/wp\/v2\/types\/product"}],"wp:featuredmedia":[{"embeddable":true,"href":"https:\/\/www.polskismak.nl\/index.php\/wp-json\/wp\/v2\/media\/10121"}],"wp:attachment":[{"href":"https:\/\/www.polskismak.nl\/index.php\/wp-json\/wp\/v2\/media?parent=10170"}],"wp:term":[{"taxonomy":"product_brand","embeddable":true,"href":"https:\/\/www.polskismak.nl\/index.php\/wp-json\/wp\/v2\/product_brand?post=10170"},{"taxonomy":"product_cat","embeddable":true,"href":"https:\/\/www.polskismak.nl\/index.php\/wp-json\/wp\/v2\/product_cat?post=10170"},{"taxonomy":"product_tag","embeddable":true,"href":"https:\/\/www.polskismak.nl\/index.php\/wp-json\/wp\/v2\/product_tag?post=10170"}],"curies":[{"name":"wp","href":"https:\/\/api.w.org\/{rel}","templated":true}]}}