{"id":10171,"date":"2024-04-18T09:05:49","date_gmt":"2024-04-18T09:05:49","guid":{"rendered":"https:\/\/www.polskismak.nl\/?post_type=product&#038;p=10171"},"modified":"2025-01-23T11:44:02","modified_gmt":"2025-01-23T11:44:02","slug":"prymat-oregano-suszone","status":"publish","type":"product","link":"https:\/\/www.polskismak.nl\/index.php\/product\/prymat-oregano-suszone\/","title":{"rendered":"Prymat Oregano suszone"},"content":{"rendered":"<p>[:nl]<a href=\"http:\/\/www.polskismak.nl\/wp-content\/uploads\/2024\/04\/IMG_6373-scaled.jpg\"><img loading=\"lazy\" decoding=\"async\" class=\"alignnone size-medium wp-image-10163\" src=\"http:\/\/www.polskismak.nl\/wp-content\/uploads\/2024\/04\/IMG_6373-200x300.jpg\" alt=\"\" width=\"200\" height=\"300\" srcset=\"https:\/\/www.polskismak.nl\/wp-content\/uploads\/2024\/04\/IMG_6373-200x300.jpg 200w, https:\/\/www.polskismak.nl\/wp-content\/uploads\/2024\/04\/IMG_6373-683x1024.jpg 683w, https:\/\/www.polskismak.nl\/wp-content\/uploads\/2024\/04\/IMG_6373-768x1152.jpg 768w, https:\/\/www.polskismak.nl\/wp-content\/uploads\/2024\/04\/IMG_6373-scaled.jpg 1707w\" sizes=\"auto, (max-width: 200px) 100vw, 200px\" \/><\/a><a href=\"http:\/\/www.polskismak.nl\/wp-content\/uploads\/2024\/04\/IMG_6374-scaled.jpg\"><img loading=\"lazy\" decoding=\"async\" class=\"alignnone size-medium wp-image-10164\" src=\"http:\/\/www.polskismak.nl\/wp-content\/uploads\/2024\/04\/IMG_6374-200x300.jpg\" alt=\"\" width=\"200\" height=\"300\" srcset=\"https:\/\/www.polskismak.nl\/wp-content\/uploads\/2024\/04\/IMG_6374-200x300.jpg 200w, https:\/\/www.polskismak.nl\/wp-content\/uploads\/2024\/04\/IMG_6374-683x1024.jpg 683w, https:\/\/www.polskismak.nl\/wp-content\/uploads\/2024\/04\/IMG_6374-768x1152.jpg 768w, https:\/\/www.polskismak.nl\/wp-content\/uploads\/2024\/04\/IMG_6374-scaled.jpg 1707w\" sizes=\"auto, (max-width: 200px) 100vw, 200px\" \/><\/a><\/p>\n<p>Produkt mo\u017ce zawiera\u0107: jaja, mleko, soj\u0119 , gorczyc\u0119, orzeczki ziemne i seler[:]<\/p>\n","protected":false},"excerpt":{"rendered":"<p>[:nl] Produkt mo\u017ce zawiera\u0107: jaja, mleko, soj\u0119 , gorczyc\u0119, orzeczki ziemne i seler[:]<\/p>\n","protected":false},"featured_media":10163,"template":"","meta":[],"product_brand":[],"product_cat":[147,146],"product_tag":[],"class_list":{"0":"post-10171","1":"product","2":"type-product","3":"status-publish","4":"has-post-thumbnail","6":"product_cat-przyprawy","7":"product_cat-przyprawy-i-sosy","9":"first","10":"instock","11":"taxable","12":"shipping-taxable","13":"purchasable","14":"product-type-simple"},"_links":{"self":[{"href":"https:\/\/www.polskismak.nl\/index.php\/wp-json\/wp\/v2\/product\/10171","targetHints":{"allow":["GET"]}}],"collection":[{"href":"https:\/\/www.polskismak.nl\/index.php\/wp-json\/wp\/v2\/product"}],"about":[{"href":"https:\/\/www.polskismak.nl\/index.php\/wp-json\/wp\/v2\/types\/product"}],"wp:featuredmedia":[{"embeddable":true,"href":"https:\/\/www.polskismak.nl\/index.php\/wp-json\/wp\/v2\/media\/10163"}],"wp:attachment":[{"href":"https:\/\/www.polskismak.nl\/index.php\/wp-json\/wp\/v2\/media?parent=10171"}],"wp:term":[{"taxonomy":"product_brand","embeddable":true,"href":"https:\/\/www.polskismak.nl\/index.php\/wp-json\/wp\/v2\/product_brand?post=10171"},{"taxonomy":"product_cat","embeddable":true,"href":"https:\/\/www.polskismak.nl\/index.php\/wp-json\/wp\/v2\/product_cat?post=10171"},{"taxonomy":"product_tag","embeddable":true,"href":"https:\/\/www.polskismak.nl\/index.php\/wp-json\/wp\/v2\/product_tag?post=10171"}],"curies":[{"name":"wp","href":"https:\/\/api.w.org\/{rel}","templated":true}]}}