{"id":10173,"date":"2024-04-18T09:20:10","date_gmt":"2024-04-18T09:20:10","guid":{"rendered":"https:\/\/www.polskismak.nl\/?post_type=product&#038;p=10173"},"modified":"2024-07-04T12:17:27","modified_gmt":"2024-07-04T12:17:27","slug":"prymat-bazylia","status":"publish","type":"product","link":"https:\/\/www.polskismak.nl\/index.php\/product\/prymat-bazylia\/","title":{"rendered":"Prymat Bazylia"},"content":{"rendered":"<p>[:pl]<a href=\"http:\/\/www.polskismak.nl\/wp-content\/uploads\/2024\/04\/IMG_6369-scaled.jpg\"><img loading=\"lazy\" decoding=\"async\" class=\"alignnone size-medium wp-image-10159\" src=\"http:\/\/www.polskismak.nl\/wp-content\/uploads\/2024\/04\/IMG_6369-200x300.jpg\" alt=\"\" width=\"200\" height=\"300\" srcset=\"https:\/\/www.polskismak.nl\/wp-content\/uploads\/2024\/04\/IMG_6369-200x300.jpg 200w, https:\/\/www.polskismak.nl\/wp-content\/uploads\/2024\/04\/IMG_6369-683x1024.jpg 683w, https:\/\/www.polskismak.nl\/wp-content\/uploads\/2024\/04\/IMG_6369-768x1152.jpg 768w, https:\/\/www.polskismak.nl\/wp-content\/uploads\/2024\/04\/IMG_6369-scaled.jpg 1707w\" sizes=\"auto, (max-width: 200px) 100vw, 200px\" \/><\/a><a href=\"http:\/\/www.polskismak.nl\/wp-content\/uploads\/2024\/04\/IMG_6370-scaled.jpg\"><img loading=\"lazy\" decoding=\"async\" class=\"alignnone size-medium wp-image-10160\" src=\"http:\/\/www.polskismak.nl\/wp-content\/uploads\/2024\/04\/IMG_6370-200x300.jpg\" alt=\"\" width=\"200\" height=\"300\" srcset=\"https:\/\/www.polskismak.nl\/wp-content\/uploads\/2024\/04\/IMG_6370-200x300.jpg 200w, https:\/\/www.polskismak.nl\/wp-content\/uploads\/2024\/04\/IMG_6370-683x1024.jpg 683w, https:\/\/www.polskismak.nl\/wp-content\/uploads\/2024\/04\/IMG_6370-768x1152.jpg 768w, https:\/\/www.polskismak.nl\/wp-content\/uploads\/2024\/04\/IMG_6370-scaled.jpg 1707w\" sizes=\"auto, (max-width: 200px) 100vw, 200px\" \/><\/a><\/p>\n<p>Produkt mo\u017ce zawiera\u0107: jaja, mleko (\u0142\u0105cznie z laktoz\u0105), soj\u0119, gorczyc\u0119, seler i orzeszki ziemne.[:nl]<a href=\"http:\/\/www.polskismak.nl\/wp-content\/uploads\/2024\/04\/IMG_6369-scaled.jpg\"><img loading=\"lazy\" decoding=\"async\" class=\"alignnone size-medium wp-image-10159\" src=\"http:\/\/www.polskismak.nl\/wp-content\/uploads\/2024\/04\/IMG_6369-200x300.jpg\" alt=\"\" width=\"200\" height=\"300\" srcset=\"https:\/\/www.polskismak.nl\/wp-content\/uploads\/2024\/04\/IMG_6369-200x300.jpg 200w, https:\/\/www.polskismak.nl\/wp-content\/uploads\/2024\/04\/IMG_6369-683x1024.jpg 683w, https:\/\/www.polskismak.nl\/wp-content\/uploads\/2024\/04\/IMG_6369-768x1152.jpg 768w, https:\/\/www.polskismak.nl\/wp-content\/uploads\/2024\/04\/IMG_6369-scaled.jpg 1707w\" sizes=\"auto, (max-width: 200px) 100vw, 200px\" \/><\/a><a href=\"http:\/\/www.polskismak.nl\/wp-content\/uploads\/2024\/04\/IMG_6370-scaled.jpg\"><img loading=\"lazy\" decoding=\"async\" class=\"alignnone size-medium wp-image-10160\" src=\"http:\/\/www.polskismak.nl\/wp-content\/uploads\/2024\/04\/IMG_6370-200x300.jpg\" alt=\"\" width=\"200\" height=\"300\" srcset=\"https:\/\/www.polskismak.nl\/wp-content\/uploads\/2024\/04\/IMG_6370-200x300.jpg 200w, https:\/\/www.polskismak.nl\/wp-content\/uploads\/2024\/04\/IMG_6370-683x1024.jpg 683w, https:\/\/www.polskismak.nl\/wp-content\/uploads\/2024\/04\/IMG_6370-768x1152.jpg 768w, https:\/\/www.polskismak.nl\/wp-content\/uploads\/2024\/04\/IMG_6370-scaled.jpg 1707w\" sizes=\"auto, (max-width: 200px) 100vw, 200px\" \/><\/a><\/p>\n<p>Basilicum<br \/>\nHet product kan bevatten: eieren, melk (inclusief lactose), soja, mosterd, selderij en pinda&#8217;s.[:]<\/p>\n","protected":false},"excerpt":{"rendered":"<p>[:pl] Produkt mo\u017ce zawiera\u0107: jaja, mleko (\u0142\u0105cznie z laktoz\u0105), soj\u0119, gorczyc\u0119, seler i orzeszki ziemne.[:nl] Basilicum Het product kan bevatten: eieren, melk (inclusief lactose), soja, mosterd, selderij en pinda&#8217;s.[:]<\/p>\n","protected":false},"featured_media":10159,"template":"","meta":[],"product_brand":[],"product_cat":[147,146],"product_tag":[],"class_list":{"0":"post-10173","1":"product","2":"type-product","3":"status-publish","4":"has-post-thumbnail","6":"product_cat-przyprawy","7":"product_cat-przyprawy-i-sosy","9":"first","10":"instock","11":"taxable","12":"shipping-taxable","13":"purchasable","14":"product-type-simple"},"_links":{"self":[{"href":"https:\/\/www.polskismak.nl\/index.php\/wp-json\/wp\/v2\/product\/10173","targetHints":{"allow":["GET"]}}],"collection":[{"href":"https:\/\/www.polskismak.nl\/index.php\/wp-json\/wp\/v2\/product"}],"about":[{"href":"https:\/\/www.polskismak.nl\/index.php\/wp-json\/wp\/v2\/types\/product"}],"wp:featuredmedia":[{"embeddable":true,"href":"https:\/\/www.polskismak.nl\/index.php\/wp-json\/wp\/v2\/media\/10159"}],"wp:attachment":[{"href":"https:\/\/www.polskismak.nl\/index.php\/wp-json\/wp\/v2\/media?parent=10173"}],"wp:term":[{"taxonomy":"product_brand","embeddable":true,"href":"https:\/\/www.polskismak.nl\/index.php\/wp-json\/wp\/v2\/product_brand?post=10173"},{"taxonomy":"product_cat","embeddable":true,"href":"https:\/\/www.polskismak.nl\/index.php\/wp-json\/wp\/v2\/product_cat?post=10173"},{"taxonomy":"product_tag","embeddable":true,"href":"https:\/\/www.polskismak.nl\/index.php\/wp-json\/wp\/v2\/product_tag?post=10173"}],"curies":[{"name":"wp","href":"https:\/\/api.w.org\/{rel}","templated":true}]}}