{"id":10176,"date":"2024-04-18T09:33:09","date_gmt":"2024-04-18T09:33:09","guid":{"rendered":"https:\/\/www.polskismak.nl\/?post_type=product&#038;p=10176"},"modified":"2024-07-04T12:15:14","modified_gmt":"2024-07-04T12:15:14","slug":"knorr-fix-kurczak-w-sosie-kurkowym","status":"publish","type":"product","link":"https:\/\/www.polskismak.nl\/index.php\/product\/knorr-fix-kurczak-w-sosie-kurkowym\/","title":{"rendered":"Knorr Fix Kurczak w sosie Kurkowym"},"content":{"rendered":"<p>[:pl]<a href=\"http:\/\/www.polskismak.nl\/wp-content\/uploads\/2024\/04\/IMG_6367-scaled.jpg\"><img loading=\"lazy\" decoding=\"async\" class=\"alignnone size-medium wp-image-10157\" src=\"http:\/\/www.polskismak.nl\/wp-content\/uploads\/2024\/04\/IMG_6367-200x300.jpg\" alt=\"\" width=\"200\" height=\"300\" srcset=\"https:\/\/www.polskismak.nl\/wp-content\/uploads\/2024\/04\/IMG_6367-200x300.jpg 200w, https:\/\/www.polskismak.nl\/wp-content\/uploads\/2024\/04\/IMG_6367-683x1024.jpg 683w, https:\/\/www.polskismak.nl\/wp-content\/uploads\/2024\/04\/IMG_6367-768x1152.jpg 768w, https:\/\/www.polskismak.nl\/wp-content\/uploads\/2024\/04\/IMG_6367-scaled.jpg 1707w\" sizes=\"auto, (max-width: 200px) 100vw, 200px\" \/><\/a><a href=\"http:\/\/www.polskismak.nl\/wp-content\/uploads\/2024\/04\/IMG_6368-scaled.jpg\"><img loading=\"lazy\" decoding=\"async\" class=\"alignnone size-medium wp-image-10158\" src=\"http:\/\/www.polskismak.nl\/wp-content\/uploads\/2024\/04\/IMG_6368-200x300.jpg\" alt=\"\" width=\"200\" height=\"300\" srcset=\"https:\/\/www.polskismak.nl\/wp-content\/uploads\/2024\/04\/IMG_6368-200x300.jpg 200w, https:\/\/www.polskismak.nl\/wp-content\/uploads\/2024\/04\/IMG_6368-683x1024.jpg 683w, https:\/\/www.polskismak.nl\/wp-content\/uploads\/2024\/04\/IMG_6368-768x1152.jpg 768w, https:\/\/www.polskismak.nl\/wp-content\/uploads\/2024\/04\/IMG_6368-scaled.jpg 1707w\" sizes=\"auto, (max-width: 200px) 100vw, 200px\" \/><\/a><\/p>\n<p>Sk\u0142ad: t\u0142uszcz palmowy, skrobia, ziemniaki*, m\u0105ka pszenna, s\u00f3l jodowana, syrop glukozowy, maltodekstryna, cebula* 3%, cukier, mineralna s\u00f3l potasowa, hydrolizowane bia\u0142ko ro\u015blinne, bia\u0142ka mleka, aromaty, kurki* 1,3%, ekstrakt dro\u017cd\u017cowy, koncentrat soku z pieczarek*, szczypiorek* 0,2%, natka pietruszki*, s\u00f3l, ekstrakt bia\u0142ego wina, kurkuma. *sk\u0142adniki uprawiane w spos\u00f3b zr\u00f3wnowa\u017cony.Produkt mo\u017ce zawiera\u0107: gorczyca, jaja, soja, seler, inne zbo\u017ca zawieraj\u0105ce gluten[:nl]<a href=\"http:\/\/www.polskismak.nl\/wp-content\/uploads\/2024\/04\/IMG_6367-scaled.jpg\"><img loading=\"lazy\" decoding=\"async\" class=\"alignnone size-medium wp-image-10157\" src=\"http:\/\/www.polskismak.nl\/wp-content\/uploads\/2024\/04\/IMG_6367-200x300.jpg\" alt=\"\" width=\"200\" height=\"300\" srcset=\"https:\/\/www.polskismak.nl\/wp-content\/uploads\/2024\/04\/IMG_6367-200x300.jpg 200w, https:\/\/www.polskismak.nl\/wp-content\/uploads\/2024\/04\/IMG_6367-683x1024.jpg 683w, https:\/\/www.polskismak.nl\/wp-content\/uploads\/2024\/04\/IMG_6367-768x1152.jpg 768w, https:\/\/www.polskismak.nl\/wp-content\/uploads\/2024\/04\/IMG_6367-scaled.jpg 1707w\" sizes=\"auto, (max-width: 200px) 100vw, 200px\" \/><\/a><a href=\"http:\/\/www.polskismak.nl\/wp-content\/uploads\/2024\/04\/IMG_6368-scaled.jpg\"><img loading=\"lazy\" decoding=\"async\" class=\"alignnone size-medium wp-image-10158\" src=\"http:\/\/www.polskismak.nl\/wp-content\/uploads\/2024\/04\/IMG_6368-200x300.jpg\" alt=\"\" width=\"200\" height=\"300\" srcset=\"https:\/\/www.polskismak.nl\/wp-content\/uploads\/2024\/04\/IMG_6368-200x300.jpg 200w, https:\/\/www.polskismak.nl\/wp-content\/uploads\/2024\/04\/IMG_6368-683x1024.jpg 683w, https:\/\/www.polskismak.nl\/wp-content\/uploads\/2024\/04\/IMG_6368-768x1152.jpg 768w, https:\/\/www.polskismak.nl\/wp-content\/uploads\/2024\/04\/IMG_6368-scaled.jpg 1707w\" sizes=\"auto, (max-width: 200px) 100vw, 200px\" \/><\/a><\/p>\n<p>Ingredi\u00ebnten: palmvet, zetmeel, aardappelen*, tarwebloem, gejodeerd zout, glucosestroop, maltodextrine, ui* 3%, suiker, mineraal kaliumzout, gehydrolyseerd plantaardig eiwit, melkeiwitten, aroma&#8217;s, cantharellen* 1,3%, gistextract, champignon sapconcentraat*, bieslook* 0,2%, peterselie*, zout, witte wijnextract, kurkuma. *ingredi\u00ebnten duurzaam geteeld. Het product kan bevatten: mosterd, eieren, soja, selderij en andere glutenbevattende granen[:]<\/p>\n","protected":false},"excerpt":{"rendered":"<p>[:pl] Sk\u0142ad: t\u0142uszcz palmowy, skrobia, ziemniaki*, m\u0105ka pszenna, s\u00f3l jodowana, syrop glukozowy, maltodekstryna, cebula* 3%, cukier, mineralna s\u00f3l potasowa, hydrolizowane bia\u0142ko ro\u015blinne, bia\u0142ka mleka, aromaty, kurki* 1,3%, ekstrakt dro\u017cd\u017cowy, koncentrat soku z pieczarek*, szczypiorek* 0,2%, natka pietruszki*, s\u00f3l, ekstrakt bia\u0142ego wina, kurkuma. *sk\u0142adniki uprawiane w spos\u00f3b zr\u00f3wnowa\u017cony.Produkt mo\u017ce zawiera\u0107: gorczyca, jaja, soja, seler, inne zbo\u017ca [&hellip;]<\/p>\n","protected":false},"featured_media":10157,"template":"","meta":[],"product_brand":[],"product_cat":[146,148],"product_tag":[],"class_list":{"0":"post-10176","1":"product","2":"type-product","3":"status-publish","4":"has-post-thumbnail","6":"product_cat-przyprawy-i-sosy","7":"product_cat-sosy","9":"first","10":"instock","11":"taxable","12":"shipping-taxable","13":"purchasable","14":"product-type-simple"},"_links":{"self":[{"href":"https:\/\/www.polskismak.nl\/index.php\/wp-json\/wp\/v2\/product\/10176","targetHints":{"allow":["GET"]}}],"collection":[{"href":"https:\/\/www.polskismak.nl\/index.php\/wp-json\/wp\/v2\/product"}],"about":[{"href":"https:\/\/www.polskismak.nl\/index.php\/wp-json\/wp\/v2\/types\/product"}],"wp:featuredmedia":[{"embeddable":true,"href":"https:\/\/www.polskismak.nl\/index.php\/wp-json\/wp\/v2\/media\/10157"}],"wp:attachment":[{"href":"https:\/\/www.polskismak.nl\/index.php\/wp-json\/wp\/v2\/media?parent=10176"}],"wp:term":[{"taxonomy":"product_brand","embeddable":true,"href":"https:\/\/www.polskismak.nl\/index.php\/wp-json\/wp\/v2\/product_brand?post=10176"},{"taxonomy":"product_cat","embeddable":true,"href":"https:\/\/www.polskismak.nl\/index.php\/wp-json\/wp\/v2\/product_cat?post=10176"},{"taxonomy":"product_tag","embeddable":true,"href":"https:\/\/www.polskismak.nl\/index.php\/wp-json\/wp\/v2\/product_tag?post=10176"}],"curies":[{"name":"wp","href":"https:\/\/api.w.org\/{rel}","templated":true}]}}