{"id":10219,"date":"2024-04-19T13:38:08","date_gmt":"2024-04-19T13:38:08","guid":{"rendered":"https:\/\/www.polskismak.nl\/?post_type=product&#038;p=10219"},"modified":"2024-07-04T12:05:16","modified_gmt":"2024-07-04T12:05:16","slug":"fix-knorr-kurczak-w-sosie-dyniowym","status":"publish","type":"product","link":"https:\/\/www.polskismak.nl\/index.php\/product\/fix-knorr-kurczak-w-sosie-dyniowym\/","title":{"rendered":"Knorr Fix Kurczak w sosie dyniowym"},"content":{"rendered":"<p>[:pl]<a href=\"http:\/\/www.polskismak.nl\/wp-content\/uploads\/2024\/04\/IMG_6382-scaled.jpg\"><img loading=\"lazy\" decoding=\"async\" class=\"alignnone wp-image-10184\" src=\"http:\/\/www.polskismak.nl\/wp-content\/uploads\/2024\/04\/IMG_6382-scaled.jpg\" alt=\"\" width=\"258\" height=\"387\" \/><\/a><a href=\"http:\/\/www.polskismak.nl\/wp-content\/uploads\/2024\/04\/IMG_6383-scaled.jpg\"><img loading=\"lazy\" decoding=\"async\" class=\"alignnone wp-image-10185\" src=\"http:\/\/www.polskismak.nl\/wp-content\/uploads\/2024\/04\/IMG_6383-scaled.jpg\" alt=\"\" width=\"257\" height=\"386\" \/><\/a><\/p>\n<p>T\u0142uszcz palmowy, dynia (17%), skrobia, m\u0105ka pszenna, cukier, s\u00f3l jodowana, suszony syrop glukozowy, ekstrakt dro\u017cd\u017cowy, bia\u0142ka mleka, czosnek 0,5%, papryka, kminek, s\u00f3l, maltodekstryna,\u00a0<b>sos<\/b>\u00a0sojowy (soja, pszenica), natka pietruszki, sok z cytryny, fruktoza, aromaty.[:nl]<a href=\"http:\/\/www.polskismak.nl\/wp-content\/uploads\/2024\/04\/IMG_6382-scaled.jpg\"><img loading=\"lazy\" decoding=\"async\" class=\"alignnone wp-image-10184\" src=\"http:\/\/www.polskismak.nl\/wp-content\/uploads\/2024\/04\/IMG_6382-scaled.jpg\" alt=\"\" width=\"199\" height=\"298\" \/><\/a><a href=\"http:\/\/www.polskismak.nl\/wp-content\/uploads\/2024\/04\/IMG_6383-scaled.jpg\"><img loading=\"lazy\" decoding=\"async\" class=\"alignnone wp-image-10185\" src=\"http:\/\/www.polskismak.nl\/wp-content\/uploads\/2024\/04\/IMG_6383-scaled.jpg\" alt=\"\" width=\"198\" height=\"297\" \/><\/a><\/p>\n<p>Palmvet, pompoen (17%), zetmeel, tarwebloem, suiker, gejodeerd zout, gedroogde glucosestroop, gistextract, melkeiwitten, knoflook 0,5%, paprika, komijn, zout, maltodextrine, sojasaus (soja, tarwe), peterselie , citroensap, fructose, aroma&#8217;s.[:]<\/p>\n","protected":false},"excerpt":{"rendered":"<p>[:pl] T\u0142uszcz palmowy, dynia (17%), skrobia, m\u0105ka pszenna, cukier, s\u00f3l jodowana, suszony syrop glukozowy, ekstrakt dro\u017cd\u017cowy, bia\u0142ka mleka, czosnek 0,5%, papryka, kminek, s\u00f3l, maltodekstryna,\u00a0sos\u00a0sojowy (soja, pszenica), natka pietruszki, sok z cytryny, fruktoza, aromaty.[:nl] Palmvet, pompoen (17%), zetmeel, tarwebloem, suiker, gejodeerd zout, gedroogde glucosestroop, gistextract, melkeiwitten, knoflook 0,5%, paprika, komijn, zout, maltodextrine, sojasaus (soja, tarwe), peterselie [&hellip;]<\/p>\n","protected":false},"featured_media":10184,"template":"","meta":[],"product_brand":[],"product_cat":[146,148],"product_tag":[],"class_list":{"0":"post-10219","1":"product","2":"type-product","3":"status-publish","4":"has-post-thumbnail","6":"product_cat-przyprawy-i-sosy","7":"product_cat-sosy","9":"first","10":"instock","11":"taxable","12":"shipping-taxable","13":"purchasable","14":"product-type-simple"},"_links":{"self":[{"href":"https:\/\/www.polskismak.nl\/index.php\/wp-json\/wp\/v2\/product\/10219","targetHints":{"allow":["GET"]}}],"collection":[{"href":"https:\/\/www.polskismak.nl\/index.php\/wp-json\/wp\/v2\/product"}],"about":[{"href":"https:\/\/www.polskismak.nl\/index.php\/wp-json\/wp\/v2\/types\/product"}],"wp:featuredmedia":[{"embeddable":true,"href":"https:\/\/www.polskismak.nl\/index.php\/wp-json\/wp\/v2\/media\/10184"}],"wp:attachment":[{"href":"https:\/\/www.polskismak.nl\/index.php\/wp-json\/wp\/v2\/media?parent=10219"}],"wp:term":[{"taxonomy":"product_brand","embeddable":true,"href":"https:\/\/www.polskismak.nl\/index.php\/wp-json\/wp\/v2\/product_brand?post=10219"},{"taxonomy":"product_cat","embeddable":true,"href":"https:\/\/www.polskismak.nl\/index.php\/wp-json\/wp\/v2\/product_cat?post=10219"},{"taxonomy":"product_tag","embeddable":true,"href":"https:\/\/www.polskismak.nl\/index.php\/wp-json\/wp\/v2\/product_tag?post=10219"}],"curies":[{"name":"wp","href":"https:\/\/api.w.org\/{rel}","templated":true}]}}