{"id":10228,"date":"2024-04-26T13:17:32","date_gmt":"2024-04-26T13:17:32","guid":{"rendered":"https:\/\/www.polskismak.nl\/?post_type=product&#038;p=10228"},"modified":"2024-07-04T12:03:52","modified_gmt":"2024-07-04T12:03:52","slug":"winiary-sos-cztery-sery-z-bazylia","status":"publish","type":"product","link":"https:\/\/www.polskismak.nl\/index.php\/product\/winiary-sos-cztery-sery-z-bazylia\/","title":{"rendered":"Winiary Sos cztery sery z bazyli\u0105"},"content":{"rendered":"<p>[:pl]<a href=\"http:\/\/www.polskismak.nl\/wp-content\/uploads\/2024\/04\/IMG_6395-scaled.jpg\"><img loading=\"lazy\" decoding=\"async\" class=\"alignnone  wp-image-10197\" src=\"http:\/\/www.polskismak.nl\/wp-content\/uploads\/2024\/04\/IMG_6395-scaled.jpg\" alt=\"\" width=\"221\" height=\"331\" \/><\/a><a href=\"http:\/\/www.polskismak.nl\/wp-content\/uploads\/2024\/04\/IMG_6396-scaled.jpg\"><img loading=\"lazy\" decoding=\"async\" class=\"alignnone  wp-image-10198\" src=\"http:\/\/www.polskismak.nl\/wp-content\/uploads\/2024\/04\/IMG_6396-scaled.jpg\" alt=\"\" width=\"222\" height=\"332\" \/><\/a><\/p>\n<p>Ser w proszku 24,4% z\u00a0<strong>mleka\u00a0<\/strong>(w tym cztery sery 7,7%: camembert, parmezan 0,5%, gouda, mozzarella), \u015bmietanka w proszku (z\u00a0<strong>mleka<\/strong>) 17,4%, skrobia ziemniaczana, m\u0105ka\u00a0<strong>pszenna<\/strong>, t\u0142uszcz palmowy, skrobia kukurydziana, s\u00f3l, aromaty (z\u00a0<strong>mlekiem<\/strong>), ekstrakt dro\u017cd\u017cy, odt\u0142uszczone\u00a0<strong>mleko\u00a0<\/strong>w proszku, serwatka w proszku (z\u00a0<strong>mleka<\/strong>), zio\u0142a 0,5%, kwas (kwas cytrynowy), kurkuma.<\/p>\n<p>Mo\u017ce zawiera\u0107 seler, jaja, gorczyc\u0119, soj\u0119. Zawiera mleko, pszenic\u0119. Sery spoza Polski.[:nl]<a href=\"http:\/\/www.polskismak.nl\/wp-content\/uploads\/2024\/04\/IMG_6395-scaled.jpg\"><img loading=\"lazy\" decoding=\"async\" class=\"alignnone  wp-image-10197\" src=\"http:\/\/www.polskismak.nl\/wp-content\/uploads\/2024\/04\/IMG_6395-scaled.jpg\" alt=\"\" width=\"183\" height=\"274\" \/><\/a><a href=\"http:\/\/www.polskismak.nl\/wp-content\/uploads\/2024\/04\/IMG_6396-scaled.jpg\"><img loading=\"lazy\" decoding=\"async\" class=\"alignnone  wp-image-10198\" src=\"http:\/\/www.polskismak.nl\/wp-content\/uploads\/2024\/04\/IMG_6396-scaled.jpg\" alt=\"\" width=\"175\" height=\"262\" \/><\/a><\/p>\n<p>Kaaspoeder 24,4% uit melk (waarvan vier kazen 7,7%: camembert, parmezaan 0,5%, Gouda, mozzarella), roompoeder (uit melk) 17,4%, aardappelzetmeel, tarwemeel, palmvet, ma\u00efszetmeel, zout, aroma&#8217;s (met melk), gistextract, magere melkpoeder, weipoeder (van melk), kruiden 0,5%, voedingszuur (citroenzuur), kurkuma.<\/p>\n<p>Kan selderij, eieren, mosterd en soja bevatten. Bevat melk, tarwe. Kazen van buiten Polen.[:]<\/p>\n","protected":false},"excerpt":{"rendered":"<p>[:pl] Ser w proszku 24,4% z\u00a0mleka\u00a0(w tym cztery sery 7,7%: camembert, parmezan 0,5%, gouda, mozzarella), \u015bmietanka w proszku (z\u00a0mleka) 17,4%, skrobia ziemniaczana, m\u0105ka\u00a0pszenna, t\u0142uszcz palmowy, skrobia kukurydziana, s\u00f3l, aromaty (z\u00a0mlekiem), ekstrakt dro\u017cd\u017cy, odt\u0142uszczone\u00a0mleko\u00a0w proszku, serwatka w proszku (z\u00a0mleka), zio\u0142a 0,5%, kwas (kwas cytrynowy), kurkuma. Mo\u017ce zawiera\u0107 seler, jaja, gorczyc\u0119, soj\u0119. Zawiera mleko, pszenic\u0119. Sery spoza [&hellip;]<\/p>\n","protected":false},"featured_media":10197,"template":"","meta":[],"product_brand":[],"product_cat":[146,148],"product_tag":[],"class_list":{"0":"post-10228","1":"product","2":"type-product","3":"status-publish","4":"has-post-thumbnail","6":"product_cat-przyprawy-i-sosy","7":"product_cat-sosy","9":"first","10":"instock","11":"taxable","12":"shipping-taxable","13":"purchasable","14":"product-type-simple"},"_links":{"self":[{"href":"https:\/\/www.polskismak.nl\/index.php\/wp-json\/wp\/v2\/product\/10228","targetHints":{"allow":["GET"]}}],"collection":[{"href":"https:\/\/www.polskismak.nl\/index.php\/wp-json\/wp\/v2\/product"}],"about":[{"href":"https:\/\/www.polskismak.nl\/index.php\/wp-json\/wp\/v2\/types\/product"}],"wp:featuredmedia":[{"embeddable":true,"href":"https:\/\/www.polskismak.nl\/index.php\/wp-json\/wp\/v2\/media\/10197"}],"wp:attachment":[{"href":"https:\/\/www.polskismak.nl\/index.php\/wp-json\/wp\/v2\/media?parent=10228"}],"wp:term":[{"taxonomy":"product_brand","embeddable":true,"href":"https:\/\/www.polskismak.nl\/index.php\/wp-json\/wp\/v2\/product_brand?post=10228"},{"taxonomy":"product_cat","embeddable":true,"href":"https:\/\/www.polskismak.nl\/index.php\/wp-json\/wp\/v2\/product_cat?post=10228"},{"taxonomy":"product_tag","embeddable":true,"href":"https:\/\/www.polskismak.nl\/index.php\/wp-json\/wp\/v2\/product_tag?post=10228"}],"curies":[{"name":"wp","href":"https:\/\/api.w.org\/{rel}","templated":true}]}}