{"id":10229,"date":"2024-04-26T13:24:33","date_gmt":"2024-04-26T13:24:33","guid":{"rendered":"https:\/\/www.polskismak.nl\/?post_type=product&#038;p=10229"},"modified":"2025-01-23T15:09:40","modified_gmt":"2025-01-23T15:09:40","slug":"knorr-fix-kurczak-po-szanghajsku","status":"publish","type":"product","link":"https:\/\/www.polskismak.nl\/index.php\/product\/knorr-fix-kurczak-po-szanghajsku\/","title":{"rendered":"Knorr Fix Kurczak po Szanghajsku"},"content":{"rendered":"<p>[:pl]<a href=\"http:\/\/www.polskismak.nl\/wp-content\/uploads\/2024\/04\/IMG_6397-scaled.jpg\"><img loading=\"lazy\" decoding=\"async\" class=\"alignnone wp-image-10199\" src=\"http:\/\/www.polskismak.nl\/wp-content\/uploads\/2024\/04\/IMG_6397-scaled.jpg\" alt=\"\" width=\"217\" height=\"325\" \/><\/a><a href=\"http:\/\/www.polskismak.nl\/wp-content\/uploads\/2024\/04\/IMG_6398-scaled.jpg\"><img loading=\"lazy\" decoding=\"async\" class=\"alignnone wp-image-10200\" src=\"http:\/\/www.polskismak.nl\/wp-content\/uploads\/2024\/04\/IMG_6398-scaled.jpg\" alt=\"\" width=\"217\" height=\"326\" \/><\/a><\/p>\n<p>Sk\u0142ad: skrobia, aromaty (w tym SKORUPIAKI), cukier trzcinowy, cukier, nasiona SEZAMU (9,5%), czosnek*** (8,6%), marchew***, barwnik: karmel amoniakalny, s\u00f3l, sok z cytryny w proszku (maltodekstryna, sok z cytryny), pieprz, mineralna s\u00f3l potasowa, sos sojowy w proszku (1,1%) [maltodekstryna, s\u00f3l, sos sojowy (SOJA, PSZENICA)], hydrolizowane bia\u0142ko ro\u015blinne, olej palmowy, ekstrakt dro\u017cd\u017cowy, nasiona kolendry (0,5%), olej SEZAMOWY, koncentrat soku z pieczarek***, KREWETKI w proszku, ***Uprawiane w spos\u00f3b zr\u00f3wnowa\u017cony Mo\u017ce zawiera\u0107 mi\u0119czaki, jaja, ryby, mleko, seler i gorczyc\u0119.<\/p>\n<p>&nbsp;[:nl]<a href=\"http:\/\/www.polskismak.nl\/wp-content\/uploads\/2024\/04\/IMG_6397-scaled.jpg\"><img loading=\"lazy\" decoding=\"async\" class=\"alignnone wp-image-10199\" src=\"http:\/\/www.polskismak.nl\/wp-content\/uploads\/2024\/04\/IMG_6397-scaled.jpg\" alt=\"\" width=\"214\" height=\"321\" \/><\/a><a href=\"http:\/\/www.polskismak.nl\/wp-content\/uploads\/2024\/04\/IMG_6398-scaled.jpg\"><img loading=\"lazy\" decoding=\"async\" class=\"alignnone wp-image-10200\" src=\"http:\/\/www.polskismak.nl\/wp-content\/uploads\/2024\/04\/IMG_6398-scaled.jpg\" alt=\"\" width=\"214\" height=\"321\" \/><\/a><\/p>\n<p>Ingredi\u00ebnten: zetmeel, aroma&#8217;s (o.a. SCHAALDIEREN), rietsuiker, suiker, SESAMzaad (9,5%), knoflook*** (8,6%), wortel***, kleurstof: ammoniakaramel, zout, sap citroenpoeder (maltodextrine, citroen sap), peper, mineraal kaliumzout, sojasauspoeder (1,1%) [maltodextrine, zout, sojasaus (SOJA, TARWE)], gehydrolyseerde plantaardige eiwitten, palmolie, gistextract, korianderzaad (0,5%), SESAMolie, champignonsapconcentraat***, GARNALENpoeder, ***Duurzaam geteeld. Kan weekdieren, eieren, vis, melk, selderij en mosterd bevatten.[:]<\/p>\n","protected":false},"excerpt":{"rendered":"<p>[:pl] Sk\u0142ad: skrobia, aromaty (w tym SKORUPIAKI), cukier trzcinowy, cukier, nasiona SEZAMU (9,5%), czosnek*** (8,6%), marchew***, barwnik: karmel amoniakalny, s\u00f3l, sok z cytryny w proszku (maltodekstryna, sok z cytryny), pieprz, mineralna s\u00f3l potasowa, sos sojowy w proszku (1,1%) [maltodekstryna, s\u00f3l, sos sojowy (SOJA, PSZENICA)], hydrolizowane bia\u0142ko ro\u015blinne, olej palmowy, ekstrakt dro\u017cd\u017cowy, nasiona kolendry (0,5%), olej [&hellip;]<\/p>\n","protected":false},"featured_media":10199,"template":"","meta":[],"product_brand":[],"product_cat":[149,146,148],"product_tag":[],"class_list":{"0":"post-10229","1":"product","2":"type-product","3":"status-publish","4":"has-post-thumbnail","6":"product_cat-inne-przyprawy-i-sosy","7":"product_cat-przyprawy-i-sosy","8":"product_cat-sosy","10":"first","11":"outofstock","12":"taxable","13":"shipping-taxable","14":"purchasable","15":"product-type-simple"},"_links":{"self":[{"href":"https:\/\/www.polskismak.nl\/index.php\/wp-json\/wp\/v2\/product\/10229","targetHints":{"allow":["GET"]}}],"collection":[{"href":"https:\/\/www.polskismak.nl\/index.php\/wp-json\/wp\/v2\/product"}],"about":[{"href":"https:\/\/www.polskismak.nl\/index.php\/wp-json\/wp\/v2\/types\/product"}],"wp:featuredmedia":[{"embeddable":true,"href":"https:\/\/www.polskismak.nl\/index.php\/wp-json\/wp\/v2\/media\/10199"}],"wp:attachment":[{"href":"https:\/\/www.polskismak.nl\/index.php\/wp-json\/wp\/v2\/media?parent=10229"}],"wp:term":[{"taxonomy":"product_brand","embeddable":true,"href":"https:\/\/www.polskismak.nl\/index.php\/wp-json\/wp\/v2\/product_brand?post=10229"},{"taxonomy":"product_cat","embeddable":true,"href":"https:\/\/www.polskismak.nl\/index.php\/wp-json\/wp\/v2\/product_cat?post=10229"},{"taxonomy":"product_tag","embeddable":true,"href":"https:\/\/www.polskismak.nl\/index.php\/wp-json\/wp\/v2\/product_tag?post=10229"}],"curies":[{"name":"wp","href":"https:\/\/api.w.org\/{rel}","templated":true}]}}