{"id":10230,"date":"2024-04-26T13:30:33","date_gmt":"2024-04-26T13:30:33","guid":{"rendered":"https:\/\/www.polskismak.nl\/?post_type=product&#038;p=10230"},"modified":"2024-06-27T16:11:38","modified_gmt":"2024-06-27T16:11:38","slug":"knorr-fix-do-potraw-chinskich","status":"publish","type":"product","link":"https:\/\/www.polskismak.nl\/index.php\/product\/knorr-fix-do-potraw-chinskich\/","title":{"rendered":"Knorr Fix do potraw chi\u0144skich"},"content":{"rendered":"<p>[:pl]<a href=\"http:\/\/www.polskismak.nl\/wp-content\/uploads\/2024\/04\/IMG_6400-scaled.jpg\"><img loading=\"lazy\" decoding=\"async\" class=\"alignnone  wp-image-10201\" src=\"http:\/\/www.polskismak.nl\/wp-content\/uploads\/2024\/04\/IMG_6400-scaled.jpg\" alt=\"\" width=\"217\" height=\"325\" \/><\/a><a href=\"http:\/\/www.polskismak.nl\/wp-content\/uploads\/2024\/04\/IMG_6401-scaled.jpg\"><img loading=\"lazy\" decoding=\"async\" class=\"alignnone  wp-image-10202\" src=\"http:\/\/www.polskismak.nl\/wp-content\/uploads\/2024\/04\/IMG_6401-scaled.jpg\" alt=\"\" width=\"215\" height=\"323\" \/><\/a><\/p>\n<p>Sk\u0142ad: skrobia, sos SOJOWY w proszku (SOJA, PSZENICA, s\u00f3l, maltodekstryna), marchew1 (14,8 %), aromaty, s\u00f3l jodowana, SELER1(4,5 %), papryka zielona (3 %), grzyby chi\u0144skie1 (2,7 %), czerwona papryka 1 (2,7 %), ekstrakt dro\u017cd\u017cowy, curry (1,6 %) (kurkuma, pieprz cayenne, imbir, kmin, czarny pieprz, kolendra, li\u015b\u0107 laurowe, lubczyk), imbir (1,6 %), mielona papryka1, olej kukurydziany, p\u0119dy bambusa (1,1 %), por1, maltodeksytryna, sok z cytryny, s\u00f3l, kminek, pieprz cayenne (chili). Mo\u017ce zawiera\u0107 inne zbo\u017ca zawieraj\u0105ce gluten, jaja, mleko i gorczyc\u0119. 1Uprawiane w spos\u00f3b zr\u00f3wnowa\u017cony.[:nl]<a href=\"http:\/\/www.polskismak.nl\/wp-content\/uploads\/2024\/04\/IMG_6400-scaled.jpg\"><img loading=\"lazy\" decoding=\"async\" class=\"alignnone wp-image-10201\" src=\"http:\/\/www.polskismak.nl\/wp-content\/uploads\/2024\/04\/IMG_6400-scaled.jpg\" alt=\"\" width=\"198\" height=\"297\" \/><\/a><a href=\"http:\/\/www.polskismak.nl\/wp-content\/uploads\/2024\/04\/IMG_6401-scaled.jpg\"><img loading=\"lazy\" decoding=\"async\" class=\"alignnone wp-image-10202\" src=\"http:\/\/www.polskismak.nl\/wp-content\/uploads\/2024\/04\/IMG_6401-scaled.jpg\" alt=\"\" width=\"198\" height=\"297\" \/><\/a><\/p>\n<p>Ingredi\u00ebnten: zetmeel, SOJAsauspoeder (SOJA, TARWE, zout, maltodextrine), wortel1 (14,8%), aroma&#8217;s, gejodeerd zout, SELDERIJ1 (4,5%), groene paprika (3%), Chinese champignons1 (2). ), rode paprika 1 (2,7%), gistextract, kerrie (1,6%) (kurkuma, cayennepeper, gember, komijn, zwarte peper, koriander, laurier, lavas), gember (1, 6%), gemalen peper1, ma\u00efsolie, bamboescheuten (1,1%), prei1, maltodexitrine, citroensap, zout, komijn, cayennepeper (chili). Kan andere granen bevatten die gluten, eieren, melk en mosterd bevatten. 1Duurzaam geteeld.[:]<\/p>\n","protected":false},"excerpt":{"rendered":"<p>[:pl] Sk\u0142ad: skrobia, sos SOJOWY w proszku (SOJA, PSZENICA, s\u00f3l, maltodekstryna), marchew1 (14,8 %), aromaty, s\u00f3l jodowana, SELER1(4,5 %), papryka zielona (3 %), grzyby chi\u0144skie1 (2,7 %), czerwona papryka 1 (2,7 %), ekstrakt dro\u017cd\u017cowy, curry (1,6 %) (kurkuma, pieprz cayenne, imbir, kmin, czarny pieprz, kolendra, li\u015b\u0107 laurowe, lubczyk), imbir (1,6 %), mielona papryka1, olej kukurydziany, [&hellip;]<\/p>\n","protected":false},"featured_media":10201,"template":"","meta":[],"product_brand":[],"product_cat":[149,146,148],"product_tag":[],"class_list":{"0":"post-10230","1":"product","2":"type-product","3":"status-publish","4":"has-post-thumbnail","6":"product_cat-inne-przyprawy-i-sosy","7":"product_cat-przyprawy-i-sosy","8":"product_cat-sosy","10":"first","11":"instock","12":"taxable","13":"shipping-taxable","14":"purchasable","15":"product-type-simple"},"_links":{"self":[{"href":"https:\/\/www.polskismak.nl\/index.php\/wp-json\/wp\/v2\/product\/10230","targetHints":{"allow":["GET"]}}],"collection":[{"href":"https:\/\/www.polskismak.nl\/index.php\/wp-json\/wp\/v2\/product"}],"about":[{"href":"https:\/\/www.polskismak.nl\/index.php\/wp-json\/wp\/v2\/types\/product"}],"wp:featuredmedia":[{"embeddable":true,"href":"https:\/\/www.polskismak.nl\/index.php\/wp-json\/wp\/v2\/media\/10201"}],"wp:attachment":[{"href":"https:\/\/www.polskismak.nl\/index.php\/wp-json\/wp\/v2\/media?parent=10230"}],"wp:term":[{"taxonomy":"product_brand","embeddable":true,"href":"https:\/\/www.polskismak.nl\/index.php\/wp-json\/wp\/v2\/product_brand?post=10230"},{"taxonomy":"product_cat","embeddable":true,"href":"https:\/\/www.polskismak.nl\/index.php\/wp-json\/wp\/v2\/product_cat?post=10230"},{"taxonomy":"product_tag","embeddable":true,"href":"https:\/\/www.polskismak.nl\/index.php\/wp-json\/wp\/v2\/product_tag?post=10230"}],"curies":[{"name":"wp","href":"https:\/\/api.w.org\/{rel}","templated":true}]}}