{"id":10231,"date":"2024-04-26T13:38:31","date_gmt":"2024-04-26T13:38:31","guid":{"rendered":"https:\/\/www.polskismak.nl\/?post_type=product&#038;p=10231"},"modified":"2024-07-04T12:03:31","modified_gmt":"2024-07-04T12:03:31","slug":"fix-knorr-leczo","status":"publish","type":"product","link":"https:\/\/www.polskismak.nl\/index.php\/product\/fix-knorr-leczo\/","title":{"rendered":"Knorr Fix Leczo"},"content":{"rendered":"<p>[:pl]<a href=\"http:\/\/www.polskismak.nl\/wp-content\/uploads\/2024\/04\/IMG_6404.jpg\"><img loading=\"lazy\" decoding=\"async\" class=\"alignnone size-medium wp-image-10203\" src=\"http:\/\/www.polskismak.nl\/wp-content\/uploads\/2024\/04\/IMG_6404.jpg\" alt=\"\" width=\"1\" height=\"1\" \/><\/a><a href=\"http:\/\/www.polskismak.nl\/wp-content\/uploads\/2024\/04\/IMG_6405-scaled.jpg\"><img loading=\"lazy\" decoding=\"async\" class=\"alignnone  wp-image-10204\" src=\"http:\/\/www.polskismak.nl\/wp-content\/uploads\/2024\/04\/IMG_6405-scaled.jpg\" alt=\"\" width=\"231\" height=\"347\" \/><\/a><\/p>\n<p>Sk\u0142ad: koncentrat pomidorowy (44 %), skrobia, oleje ro\u015blinne (s\u0142onecznikowy, kukurydziany), cukier, w\u0119dzony boczek (6,5 %) (boczek wieprzowy, s\u00f3l), s\u00f3l jodowana, czosnek (4 %), ekstrakt drod\u017cowy, mineralna s\u00f3l potasowa, oregano (1,2 %), bazylia, pieprz (0,3 %), rozmaryn (0,2 %), LAKTOZA, s\u00f3l, bia\u0142ka MLEKA, aromaty, kmin, kwas: kwas cytrynowy. Mo\u017ce zawiera\u0107 seler, gluten (zbo\u017ca), jaja, gorczyc\u0119 i soj\u0119.[:nl]<a href=\"http:\/\/www.polskismak.nl\/wp-content\/uploads\/2024\/04\/IMG_6405-scaled.jpg\"><img loading=\"lazy\" decoding=\"async\" class=\"alignnone  wp-image-10204\" src=\"http:\/\/www.polskismak.nl\/wp-content\/uploads\/2024\/04\/IMG_6405-scaled.jpg\" alt=\"\" width=\"201\" height=\"302\" \/><\/a><a href=\"http:\/\/www.polskismak.nl\/wp-content\/uploads\/2024\/04\/IMG_6404.jpg\"><img loading=\"lazy\" decoding=\"async\" class=\"alignnone size-medium wp-image-10203\" src=\"http:\/\/www.polskismak.nl\/wp-content\/uploads\/2024\/04\/IMG_6404.jpg\" alt=\"\" width=\"1\" height=\"1\" \/><\/a><\/p>\n<p>Ingredi\u00ebnten: tomatenconcentraat (44%), zetmeel, plantaardige oli\u00ebn (zonnebloem, ma\u00efs), suiker, gerookt spek (6,5%) (varkensspek, zout), gejodeerd zout, knoflook (4%), gistextract, mineraalzout kalium, oregano (1,2%), basilicum, peper (0,3%), rozemarijn (0,2%), LACTOSE, zout, MELKeiwitten, aroma&#8217;s, komijn, voedingszuur: citroenzuur. Kan selderij, gluten (granen), eieren, mosterd en soja bevatten.[:]<\/p>\n","protected":false},"excerpt":{"rendered":"<p>[:pl] Sk\u0142ad: koncentrat pomidorowy (44 %), skrobia, oleje ro\u015blinne (s\u0142onecznikowy, kukurydziany), cukier, w\u0119dzony boczek (6,5 %) (boczek wieprzowy, s\u00f3l), s\u00f3l jodowana, czosnek (4 %), ekstrakt drod\u017cowy, mineralna s\u00f3l potasowa, oregano (1,2 %), bazylia, pieprz (0,3 %), rozmaryn (0,2 %), LAKTOZA, s\u00f3l, bia\u0142ka MLEKA, aromaty, kmin, kwas: kwas cytrynowy. Mo\u017ce zawiera\u0107 seler, gluten (zbo\u017ca), jaja, gorczyc\u0119 [&hellip;]<\/p>\n","protected":false},"featured_media":10203,"template":"","meta":[],"product_brand":[],"product_cat":[149,146,148],"product_tag":[],"class_list":{"0":"post-10231","1":"product","2":"type-product","3":"status-publish","4":"has-post-thumbnail","6":"product_cat-inne-przyprawy-i-sosy","7":"product_cat-przyprawy-i-sosy","8":"product_cat-sosy","10":"first","11":"instock","12":"taxable","13":"shipping-taxable","14":"purchasable","15":"product-type-simple"},"_links":{"self":[{"href":"https:\/\/www.polskismak.nl\/index.php\/wp-json\/wp\/v2\/product\/10231","targetHints":{"allow":["GET"]}}],"collection":[{"href":"https:\/\/www.polskismak.nl\/index.php\/wp-json\/wp\/v2\/product"}],"about":[{"href":"https:\/\/www.polskismak.nl\/index.php\/wp-json\/wp\/v2\/types\/product"}],"wp:featuredmedia":[{"embeddable":true,"href":"https:\/\/www.polskismak.nl\/index.php\/wp-json\/wp\/v2\/media\/10203"}],"wp:attachment":[{"href":"https:\/\/www.polskismak.nl\/index.php\/wp-json\/wp\/v2\/media?parent=10231"}],"wp:term":[{"taxonomy":"product_brand","embeddable":true,"href":"https:\/\/www.polskismak.nl\/index.php\/wp-json\/wp\/v2\/product_brand?post=10231"},{"taxonomy":"product_cat","embeddable":true,"href":"https:\/\/www.polskismak.nl\/index.php\/wp-json\/wp\/v2\/product_cat?post=10231"},{"taxonomy":"product_tag","embeddable":true,"href":"https:\/\/www.polskismak.nl\/index.php\/wp-json\/wp\/v2\/product_tag?post=10231"}],"curies":[{"name":"wp","href":"https:\/\/api.w.org\/{rel}","templated":true}]}}