{"id":10233,"date":"2024-04-26T13:49:24","date_gmt":"2024-04-26T13:49:24","guid":{"rendered":"https:\/\/www.polskismak.nl\/?post_type=product&#038;p=10233"},"modified":"2025-01-23T15:00:03","modified_gmt":"2025-01-23T15:00:03","slug":"winiary-pomysl-na-gulasz-z-tego-co-sie-nawinie","status":"publish","type":"product","link":"https:\/\/www.polskismak.nl\/index.php\/product\/winiary-pomysl-na-gulasz-z-tego-co-sie-nawinie\/","title":{"rendered":"Winiary Pomys\u0142 na&#8230; gulasz z tego, co si\u0119 nawinie"},"content":{"rendered":"<p>[:pl]<a href=\"http:\/\/www.polskismak.nl\/wp-content\/uploads\/2024\/04\/IMG_6414-scaled.jpg\"><img loading=\"lazy\" decoding=\"async\" class=\"alignnone size-medium wp-image-10211\" src=\"http:\/\/www.polskismak.nl\/wp-content\/uploads\/2024\/04\/IMG_6414-200x300.jpg\" alt=\"\" width=\"200\" height=\"300\" srcset=\"https:\/\/www.polskismak.nl\/wp-content\/uploads\/2024\/04\/IMG_6414-200x300.jpg 200w, https:\/\/www.polskismak.nl\/wp-content\/uploads\/2024\/04\/IMG_6414-scaled.jpg 1707w\" sizes=\"auto, (max-width: 200px) 100vw, 200px\" \/><\/a><a href=\"http:\/\/www.polskismak.nl\/wp-content\/uploads\/2024\/04\/IMG_6415-scaled.jpg\"><img loading=\"lazy\" decoding=\"async\" class=\"alignnone  wp-image-10212\" src=\"http:\/\/www.polskismak.nl\/wp-content\/uploads\/2024\/04\/IMG_6415-scaled.jpg\" alt=\"\" width=\"201\" height=\"301\" \/><\/a><\/p>\n<p>Sk\u0142ad: warzywa suszone (cebula* 11,0%, papryka czerwona* 8,6%, pomidor*, czosnek*, seler*), m\u0105ka pszenna*, skrobia kukurydziana*, s\u00f3l jodowana, aromaty (z pszenic\u0105), przyprawy (papryka chili*, nasiona kolendry*, pieprz czarny*, kmin rzymski*, li\u015b\u0107 laurowy*), zio\u0142a (tymianek*, li\u015b\u0107 pietruszki*), hydrolizowane bia\u0142ko pszenne, olej palmowy, s\u00f3l, cukier*, ekstrakt s\u0142odu j\u0119czmiennego*, olej z czerwonej papryki*, sok cytrynowy*.<\/p>\n<p>Mo\u017ce zawiera\u0107: jaja, mleko, gorczyc\u0119, soj\u0119.<\/p>\n<p>* naturalne sk\u0142adniki<\/p>\n<p>&nbsp;[:nl]<a href=\"http:\/\/www.polskismak.nl\/wp-content\/uploads\/2024\/04\/IMG_6414-scaled.jpg\"><img loading=\"lazy\" decoding=\"async\" class=\"alignnone size-medium wp-image-10211\" src=\"http:\/\/www.polskismak.nl\/wp-content\/uploads\/2024\/04\/IMG_6414-200x300.jpg\" alt=\"\" width=\"200\" height=\"300\" srcset=\"https:\/\/www.polskismak.nl\/wp-content\/uploads\/2024\/04\/IMG_6414-200x300.jpg 200w, https:\/\/www.polskismak.nl\/wp-content\/uploads\/2024\/04\/IMG_6414-scaled.jpg 1707w\" sizes=\"auto, (max-width: 200px) 100vw, 200px\" \/><\/a><a href=\"http:\/\/www.polskismak.nl\/wp-content\/uploads\/2024\/04\/IMG_6415-scaled.jpg\"><img loading=\"lazy\" decoding=\"async\" class=\"alignnone  wp-image-10212\" src=\"http:\/\/www.polskismak.nl\/wp-content\/uploads\/2024\/04\/IMG_6415-scaled.jpg\" alt=\"\" width=\"199\" height=\"299\" \/><\/a><\/p>\n<p>Ingredi\u00ebnten: gedroogde groenten (ui* 11,0%, rode paprika* 8,6%, tomaat*, knoflook*, selderij*), tarwebloem*, ma\u00efszetmeel*, gejodeerd zout, aroma&#8217;s (met tarwe), specerijen (paprika chili*, koriander zaden*, zwarte peper*, komijn*, laurier*), kruiden (tijm*, peterselieblad*), gehydrolyseerd tarwe-eiwit, palmolie, zout, suiker*, gerstemoutextract*, rode peperoliepepers*, citroensap *.<\/p>\n<p>Kan bevatten: eieren, melk, mosterd, soja.<\/p>\n<p>* natuurlijke ingredi\u00ebnten[:]<\/p>\n","protected":false},"excerpt":{"rendered":"<p>[:pl] Sk\u0142ad: warzywa suszone (cebula* 11,0%, papryka czerwona* 8,6%, pomidor*, czosnek*, seler*), m\u0105ka pszenna*, skrobia kukurydziana*, s\u00f3l jodowana, aromaty (z pszenic\u0105), przyprawy (papryka chili*, nasiona kolendry*, pieprz czarny*, kmin rzymski*, li\u015b\u0107 laurowy*), zio\u0142a (tymianek*, li\u015b\u0107 pietruszki*), hydrolizowane bia\u0142ko pszenne, olej palmowy, s\u00f3l, cukier*, ekstrakt s\u0142odu j\u0119czmiennego*, olej z czerwonej papryki*, sok cytrynowy*. Mo\u017ce zawiera\u0107: jaja, [&hellip;]<\/p>\n","protected":false},"featured_media":10211,"template":"","meta":[],"product_brand":[],"product_cat":[146,148],"product_tag":[],"class_list":{"0":"post-10233","1":"product","2":"type-product","3":"status-publish","4":"has-post-thumbnail","6":"product_cat-przyprawy-i-sosy","7":"product_cat-sosy","9":"first","10":"instock","11":"taxable","12":"shipping-taxable","13":"purchasable","14":"product-type-simple"},"_links":{"self":[{"href":"https:\/\/www.polskismak.nl\/index.php\/wp-json\/wp\/v2\/product\/10233","targetHints":{"allow":["GET"]}}],"collection":[{"href":"https:\/\/www.polskismak.nl\/index.php\/wp-json\/wp\/v2\/product"}],"about":[{"href":"https:\/\/www.polskismak.nl\/index.php\/wp-json\/wp\/v2\/types\/product"}],"wp:featuredmedia":[{"embeddable":true,"href":"https:\/\/www.polskismak.nl\/index.php\/wp-json\/wp\/v2\/media\/10211"}],"wp:attachment":[{"href":"https:\/\/www.polskismak.nl\/index.php\/wp-json\/wp\/v2\/media?parent=10233"}],"wp:term":[{"taxonomy":"product_brand","embeddable":true,"href":"https:\/\/www.polskismak.nl\/index.php\/wp-json\/wp\/v2\/product_brand?post=10233"},{"taxonomy":"product_cat","embeddable":true,"href":"https:\/\/www.polskismak.nl\/index.php\/wp-json\/wp\/v2\/product_cat?post=10233"},{"taxonomy":"product_tag","embeddable":true,"href":"https:\/\/www.polskismak.nl\/index.php\/wp-json\/wp\/v2\/product_tag?post=10233"}],"curies":[{"name":"wp","href":"https:\/\/api.w.org\/{rel}","templated":true}]}}