{"id":10240,"date":"2024-05-01T11:02:51","date_gmt":"2024-05-01T11:02:51","guid":{"rendered":"https:\/\/www.polskismak.nl\/?post_type=product&#038;p=10240"},"modified":"2025-02-11T12:31:30","modified_gmt":"2025-02-11T12:31:30","slug":"slodka-chwila-kisiel-rozne-smaki","status":"publish","type":"product","link":"https:\/\/www.polskismak.nl\/index.php\/product\/slodka-chwila-kisiel-rozne-smaki\/","title":{"rendered":"S\u0142odka chwila jab\u0142ko"},"content":{"rendered":"<p>Dr.Oatkar<br \/>\nKisiel S\u0142oska chwila: jab\u0142ko <\/p>\n<p>Sk\u0142adniki: cukier, skrobia ziemniaczana, regulator kwasowo\u015bci (kwas cytrynowy), aromat, s\u00f3l, barwnik (antocyjany), ekstrakt z czarnej marchwi i hibiskusa, witamina C,\u00a0 Mo\u017cliwa obecno\u015b\u0107 GLUTENU i MLEKA..<\/p>\n","protected":false},"excerpt":{"rendered":"<p>Dr.Oatkar Kisiel S\u0142oska chwila: jab\u0142ko Sk\u0142adniki: cukier, skrobia ziemniaczana, regulator kwasowo\u015bci (kwas cytrynowy), aromat, s\u00f3l, barwnik (antocyjany), ekstrakt z czarnej marchwi i hibiskusa, witamina C,\u00a0 Mo\u017cliwa obecno\u015b\u0107 GLUTENU i MLEKA..<\/p>\n","protected":false},"featured_media":10238,"template":"","meta":[],"product_brand":[],"product_cat":[114,109],"product_tag":[],"class_list":{"0":"post-10240","1":"product","2":"type-product","3":"status-publish","4":"has-post-thumbnail","6":"product_cat-kisiele","7":"product_cat-produkty-do-pieczenia-i-desery","9":"first","10":"instock","11":"taxable","12":"shipping-taxable","13":"purchasable","14":"product-type-simple"},"_links":{"self":[{"href":"https:\/\/www.polskismak.nl\/index.php\/wp-json\/wp\/v2\/product\/10240","targetHints":{"allow":["GET"]}}],"collection":[{"href":"https:\/\/www.polskismak.nl\/index.php\/wp-json\/wp\/v2\/product"}],"about":[{"href":"https:\/\/www.polskismak.nl\/index.php\/wp-json\/wp\/v2\/types\/product"}],"wp:featuredmedia":[{"embeddable":true,"href":"https:\/\/www.polskismak.nl\/index.php\/wp-json\/wp\/v2\/media\/10238"}],"wp:attachment":[{"href":"https:\/\/www.polskismak.nl\/index.php\/wp-json\/wp\/v2\/media?parent=10240"}],"wp:term":[{"taxonomy":"product_brand","embeddable":true,"href":"https:\/\/www.polskismak.nl\/index.php\/wp-json\/wp\/v2\/product_brand?post=10240"},{"taxonomy":"product_cat","embeddable":true,"href":"https:\/\/www.polskismak.nl\/index.php\/wp-json\/wp\/v2\/product_cat?post=10240"},{"taxonomy":"product_tag","embeddable":true,"href":"https:\/\/www.polskismak.nl\/index.php\/wp-json\/wp\/v2\/product_tag?post=10240"}],"curies":[{"name":"wp","href":"https:\/\/api.w.org\/{rel}","templated":true}]}}