{"id":10245,"date":"2024-05-01T11:07:58","date_gmt":"2024-05-01T11:07:58","guid":{"rendered":"https:\/\/www.polskismak.nl\/?post_type=product&#038;p=10245"},"modified":"2024-06-27T16:04:12","modified_gmt":"2024-06-27T16:04:12","slug":"slodki-kubek-gellwe-wisnia","status":"publish","type":"product","link":"https:\/\/www.polskismak.nl\/index.php\/product\/slodki-kubek-gellwe-wisnia\/","title":{"rendered":"S\u0142odki Kubek Gellwe wi\u015bnia"},"content":{"rendered":"<p>[:pl]Sk\u0142ad: cukier, skrobia, 2,4%\u00a0<b>wi\u015bnie<\/b>\u00a0liofilizowane, regulator kwasowo\u015bci (kwas cytrynowy) s\u00f3l, aromat, witamina C, barwniki (antocyjany, kurkumina).[:nl]Ingredi\u00ebnten: suiker, zetmeel, 2,4% gevriesdroogde kersen, zuurteregelaar (citroenzuur), zout, aroma, vitamine C, kleurstoffen (anthocyanen, curcumine).[:]<\/p>\n","protected":false},"excerpt":{"rendered":"<p>[:pl]Sk\u0142ad: cukier, skrobia, 2,4%\u00a0wi\u015bnie\u00a0liofilizowane, regulator kwasowo\u015bci (kwas cytrynowy) s\u00f3l, aromat, witamina C, barwniki (antocyjany, kurkumina).[:nl]Ingredi\u00ebnten: suiker, zetmeel, 2,4% gevriesdroogde kersen, zuurteregelaar (citroenzuur), zout, aroma, vitamine C, kleurstoffen (anthocyanen, curcumine).[:]<\/p>\n","protected":false},"featured_media":10234,"template":"","meta":[],"product_brand":[],"product_cat":[114,109],"product_tag":[],"class_list":{"0":"post-10245","1":"product","2":"type-product","3":"status-publish","4":"has-post-thumbnail","6":"product_cat-kisiele","7":"product_cat-produkty-do-pieczenia-i-desery","9":"first","10":"instock","11":"taxable","12":"shipping-taxable","13":"purchasable","14":"product-type-simple"},"_links":{"self":[{"href":"https:\/\/www.polskismak.nl\/index.php\/wp-json\/wp\/v2\/product\/10245","targetHints":{"allow":["GET"]}}],"collection":[{"href":"https:\/\/www.polskismak.nl\/index.php\/wp-json\/wp\/v2\/product"}],"about":[{"href":"https:\/\/www.polskismak.nl\/index.php\/wp-json\/wp\/v2\/types\/product"}],"wp:featuredmedia":[{"embeddable":true,"href":"https:\/\/www.polskismak.nl\/index.php\/wp-json\/wp\/v2\/media\/10234"}],"wp:attachment":[{"href":"https:\/\/www.polskismak.nl\/index.php\/wp-json\/wp\/v2\/media?parent=10245"}],"wp:term":[{"taxonomy":"product_brand","embeddable":true,"href":"https:\/\/www.polskismak.nl\/index.php\/wp-json\/wp\/v2\/product_brand?post=10245"},{"taxonomy":"product_cat","embeddable":true,"href":"https:\/\/www.polskismak.nl\/index.php\/wp-json\/wp\/v2\/product_cat?post=10245"},{"taxonomy":"product_tag","embeddable":true,"href":"https:\/\/www.polskismak.nl\/index.php\/wp-json\/wp\/v2\/product_tag?post=10245"}],"curies":[{"name":"wp","href":"https:\/\/api.w.org\/{rel}","templated":true}]}}