{"id":10267,"date":"2024-05-01T11:32:43","date_gmt":"2024-05-01T11:32:43","guid":{"rendered":"https:\/\/www.polskismak.nl\/?post_type=product&#038;p=10267"},"modified":"2025-02-11T12:52:50","modified_gmt":"2025-02-11T12:52:50","slug":"slodka-chwila-budyn-rozne-smaki","status":"publish","type":"product","link":"https:\/\/www.polskismak.nl\/index.php\/product\/slodka-chwila-budyn-rozne-smaki\/","title":{"rendered":"S\u0142odka Chwila &#8211; budy\u0144 &#8211; s\u0142ony karmel"},"content":{"rendered":"<p>S\u0142odka chwila budy\u0144: s\u0142ony karmel <\/p>\n<p>Sk\u0142adniki: skrobia, cukier, MLEKO odt\u0142uszczone w proszku, 1,1% s\u00f3l morska, aromat, cukier palony, cukier karmelizowany, koncentrat z buraka. Mo\u017cliwa obecno\u015b\u0107 GLUTENU.<\/p>\n","protected":false},"excerpt":{"rendered":"<p>S\u0142odka chwila budy\u0144: s\u0142ony karmel Sk\u0142adniki: skrobia, cukier, MLEKO odt\u0142uszczone w proszku, 1,1% s\u00f3l morska, aromat, cukier palony, cukier karmelizowany, koncentrat z buraka. Mo\u017cliwa obecno\u015b\u0107 GLUTENU.<\/p>\n","protected":false},"featured_media":10272,"template":"","meta":[],"product_brand":[],"product_cat":[115,109],"product_tag":[],"class_list":{"0":"post-10267","1":"product","2":"type-product","3":"status-publish","4":"has-post-thumbnail","6":"product_cat-budynie","7":"product_cat-produkty-do-pieczenia-i-desery","9":"first","10":"instock","11":"taxable","12":"shipping-taxable","13":"purchasable","14":"product-type-simple"},"_links":{"self":[{"href":"https:\/\/www.polskismak.nl\/index.php\/wp-json\/wp\/v2\/product\/10267","targetHints":{"allow":["GET"]}}],"collection":[{"href":"https:\/\/www.polskismak.nl\/index.php\/wp-json\/wp\/v2\/product"}],"about":[{"href":"https:\/\/www.polskismak.nl\/index.php\/wp-json\/wp\/v2\/types\/product"}],"wp:featuredmedia":[{"embeddable":true,"href":"https:\/\/www.polskismak.nl\/index.php\/wp-json\/wp\/v2\/media\/10272"}],"wp:attachment":[{"href":"https:\/\/www.polskismak.nl\/index.php\/wp-json\/wp\/v2\/media?parent=10267"}],"wp:term":[{"taxonomy":"product_brand","embeddable":true,"href":"https:\/\/www.polskismak.nl\/index.php\/wp-json\/wp\/v2\/product_brand?post=10267"},{"taxonomy":"product_cat","embeddable":true,"href":"https:\/\/www.polskismak.nl\/index.php\/wp-json\/wp\/v2\/product_cat?post=10267"},{"taxonomy":"product_tag","embeddable":true,"href":"https:\/\/www.polskismak.nl\/index.php\/wp-json\/wp\/v2\/product_tag?post=10267"}],"curies":[{"name":"wp","href":"https:\/\/api.w.org\/{rel}","templated":true}]}}