{"id":10335,"date":"2024-05-01T13:03:37","date_gmt":"2024-05-01T13:03:37","guid":{"rendered":"https:\/\/www.polskismak.nl\/?post_type=product&#038;p=10335"},"modified":"2024-06-27T15:52:44","modified_gmt":"2024-06-27T15:52:44","slug":"kotlety-sojowe","status":"publish","type":"product","link":"https:\/\/www.polskismak.nl\/index.php\/product\/kotlety-sojowe\/","title":{"rendered":"Kotlety sojowe"},"content":{"rendered":"<p>[:pl]Sk\u0142ad: odt\u0142uszczona m\u0105ka sojowa bez GMO, skrobia ziemniaczana.<\/p>\n<p>Mo\u017ce zawiera\u0107 gluten oraz mleko.[:nl]Ingredi\u00ebnten: niet-GMO ontvet sojameel, aardappelzetmeel.<\/p>\n<p>Kan gluten en melk bevatten.[:]<\/p>\n","protected":false},"excerpt":{"rendered":"<p>[:pl]Sk\u0142ad: odt\u0142uszczona m\u0105ka sojowa bez GMO, skrobia ziemniaczana. Mo\u017ce zawiera\u0107 gluten oraz mleko.[:nl]Ingredi\u00ebnten: niet-GMO ontvet sojameel, aardappelzetmeel. Kan gluten en melk bevatten.[:]<\/p>\n","protected":false},"featured_media":10336,"template":"","meta":[],"product_brand":[],"product_cat":[141,136],"product_tag":[],"class_list":{"0":"post-10335","1":"product","2":"type-product","3":"status-publish","4":"has-post-thumbnail","6":"product_cat-inne-produkty-sypkie","7":"product_cat-produkty-sypkie","9":"first","10":"instock","11":"taxable","12":"shipping-taxable","13":"purchasable","14":"product-type-simple"},"_links":{"self":[{"href":"https:\/\/www.polskismak.nl\/index.php\/wp-json\/wp\/v2\/product\/10335","targetHints":{"allow":["GET"]}}],"collection":[{"href":"https:\/\/www.polskismak.nl\/index.php\/wp-json\/wp\/v2\/product"}],"about":[{"href":"https:\/\/www.polskismak.nl\/index.php\/wp-json\/wp\/v2\/types\/product"}],"wp:featuredmedia":[{"embeddable":true,"href":"https:\/\/www.polskismak.nl\/index.php\/wp-json\/wp\/v2\/media\/10336"}],"wp:attachment":[{"href":"https:\/\/www.polskismak.nl\/index.php\/wp-json\/wp\/v2\/media?parent=10335"}],"wp:term":[{"taxonomy":"product_brand","embeddable":true,"href":"https:\/\/www.polskismak.nl\/index.php\/wp-json\/wp\/v2\/product_brand?post=10335"},{"taxonomy":"product_cat","embeddable":true,"href":"https:\/\/www.polskismak.nl\/index.php\/wp-json\/wp\/v2\/product_cat?post=10335"},{"taxonomy":"product_tag","embeddable":true,"href":"https:\/\/www.polskismak.nl\/index.php\/wp-json\/wp\/v2\/product_tag?post=10335"}],"curies":[{"name":"wp","href":"https:\/\/api.w.org\/{rel}","templated":true}]}}