{"id":10407,"date":"2024-05-03T12:45:15","date_gmt":"2024-05-03T12:45:15","guid":{"rendered":"https:\/\/www.polskismak.nl\/?post_type=product&#038;p=10407"},"modified":"2024-06-27T12:22:41","modified_gmt":"2024-06-27T12:22:41","slug":"ryz-bialy","status":"publish","type":"product","link":"https:\/\/www.polskismak.nl\/index.php\/product\/ryz-bialy\/","title":{"rendered":"Ry\u017c bia\u0142y"},"content":{"rendered":"<p>[:pl]*na stanie s\u0105 kasze r\u00f3\u017cnych firm, w przypadku braku kaszy, kt\u00f3ra jest na obrazku wysy\u0142amy inn\u0105 o tej samej obi\u0119to\u015bci.[:nl]*grutten van verschillende bedrijven zijn op voorraad, als we de grutten op de foto niet hebben, sturen we een andere met hetzelfde volume.[:]<\/p>\n","protected":false},"excerpt":{"rendered":"<p>[:pl]*na stanie s\u0105 kasze r\u00f3\u017cnych firm, w przypadku braku kaszy, kt\u00f3ra jest na obrazku wysy\u0142amy inn\u0105 o tej samej obi\u0119to\u015bci.[:nl]*grutten van verschillende bedrijven zijn op voorraad, als we de grutten op de foto niet hebben, sturen we een andere met hetzelfde volume.[:]<\/p>\n","protected":false},"featured_media":10346,"template":"","meta":[],"product_brand":[],"product_cat":[137,136],"product_tag":[],"class_list":{"0":"post-10407","1":"product","2":"type-product","3":"status-publish","4":"has-post-thumbnail","6":"product_cat-kasze-i-ryz","7":"product_cat-produkty-sypkie","9":"first","10":"instock","11":"taxable","12":"shipping-taxable","13":"purchasable","14":"product-type-simple"},"_links":{"self":[{"href":"https:\/\/www.polskismak.nl\/index.php\/wp-json\/wp\/v2\/product\/10407","targetHints":{"allow":["GET"]}}],"collection":[{"href":"https:\/\/www.polskismak.nl\/index.php\/wp-json\/wp\/v2\/product"}],"about":[{"href":"https:\/\/www.polskismak.nl\/index.php\/wp-json\/wp\/v2\/types\/product"}],"wp:featuredmedia":[{"embeddable":true,"href":"https:\/\/www.polskismak.nl\/index.php\/wp-json\/wp\/v2\/media\/10346"}],"wp:attachment":[{"href":"https:\/\/www.polskismak.nl\/index.php\/wp-json\/wp\/v2\/media?parent=10407"}],"wp:term":[{"taxonomy":"product_brand","embeddable":true,"href":"https:\/\/www.polskismak.nl\/index.php\/wp-json\/wp\/v2\/product_brand?post=10407"},{"taxonomy":"product_cat","embeddable":true,"href":"https:\/\/www.polskismak.nl\/index.php\/wp-json\/wp\/v2\/product_cat?post=10407"},{"taxonomy":"product_tag","embeddable":true,"href":"https:\/\/www.polskismak.nl\/index.php\/wp-json\/wp\/v2\/product_tag?post=10407"}],"curies":[{"name":"wp","href":"https:\/\/api.w.org\/{rel}","templated":true}]}}