{"id":10414,"date":"2024-05-03T13:13:16","date_gmt":"2024-05-03T13:13:16","guid":{"rendered":"https:\/\/www.polskismak.nl\/?post_type=product&#038;p=10414"},"modified":"2024-06-27T12:13:09","modified_gmt":"2024-06-27T12:13:09","slug":"masa-makowa","status":"publish","type":"product","link":"https:\/\/www.polskismak.nl\/index.php\/product\/masa-makowa\/","title":{"rendered":"Masa makowa z bakaliami"},"content":{"rendered":"<p>[:pl]woda, mak 22%, cukier, bakalie 6,5% [rodzynki 55% (rodzynki 99,5%, olej bawe\u0142niany i\/lub s\u0142onecznikowy); sk\u00f3rka pomara\u0144czowa kandyzowana 45% (sk\u00f3rka pomara\u0144czowa 59%, syrop glukozowo-fruktozowy, cukier)], syrop cukru inwertowanego, m\u0105ka pszenna, aromat, regulator kwasowo\u015bci: kwas cytrynowy[:nl]water, maanzaad 22%, suiker, gedroogd fruit 6,5% [rozijnen 55% (rozijnen 99,5%, katoenzaad- en\/of zonnebloemolie); gekonfijte sinaasappelschil 45% (sinaasappelschil 59%, glucose-fructosestroop, suiker)], invertsuikerstroop, tarwebloem, aroma, zuurteregelaar: citroenzuur[:]<\/p>\n","protected":false},"excerpt":{"rendered":"<p>[:pl]woda, mak 22%, cukier, bakalie 6,5% [rodzynki 55% (rodzynki 99,5%, olej bawe\u0142niany i\/lub s\u0142onecznikowy); sk\u00f3rka pomara\u0144czowa kandyzowana 45% (sk\u00f3rka pomara\u0144czowa 59%, syrop glukozowo-fruktozowy, cukier)], syrop cukru inwertowanego, m\u0105ka pszenna, aromat, regulator kwasowo\u015bci: kwas cytrynowy[:nl]water, maanzaad 22%, suiker, gedroogd fruit 6,5% [rozijnen 55% (rozijnen 99,5%, katoenzaad- en\/of zonnebloemolie); gekonfijte sinaasappelschil 45% (sinaasappelschil 59%, glucose-fructosestroop, suiker)], invertsuikerstroop, [&hellip;]<\/p>\n","protected":false},"featured_media":10355,"template":"","meta":[],"product_brand":[],"product_cat":[111,110,109],"product_tag":[],"class_list":{"0":"post-10414","1":"product","2":"type-product","3":"status-publish","4":"has-post-thumbnail","6":"product_cat-dodatki-cukiernicze","7":"product_cat-produkty-do-pieczenia","8":"product_cat-produkty-do-pieczenia-i-desery","10":"first","11":"instock","12":"taxable","13":"shipping-taxable","14":"purchasable","15":"product-type-simple"},"_links":{"self":[{"href":"https:\/\/www.polskismak.nl\/index.php\/wp-json\/wp\/v2\/product\/10414","targetHints":{"allow":["GET"]}}],"collection":[{"href":"https:\/\/www.polskismak.nl\/index.php\/wp-json\/wp\/v2\/product"}],"about":[{"href":"https:\/\/www.polskismak.nl\/index.php\/wp-json\/wp\/v2\/types\/product"}],"wp:featuredmedia":[{"embeddable":true,"href":"https:\/\/www.polskismak.nl\/index.php\/wp-json\/wp\/v2\/media\/10355"}],"wp:attachment":[{"href":"https:\/\/www.polskismak.nl\/index.php\/wp-json\/wp\/v2\/media?parent=10414"}],"wp:term":[{"taxonomy":"product_brand","embeddable":true,"href":"https:\/\/www.polskismak.nl\/index.php\/wp-json\/wp\/v2\/product_brand?post=10414"},{"taxonomy":"product_cat","embeddable":true,"href":"https:\/\/www.polskismak.nl\/index.php\/wp-json\/wp\/v2\/product_cat?post=10414"},{"taxonomy":"product_tag","embeddable":true,"href":"https:\/\/www.polskismak.nl\/index.php\/wp-json\/wp\/v2\/product_tag?post=10414"}],"curies":[{"name":"wp","href":"https:\/\/api.w.org\/{rel}","templated":true}]}}