{"id":10436,"date":"2024-05-24T12:51:04","date_gmt":"2024-05-24T12:51:04","guid":{"rendered":"https:\/\/www.polskismak.nl\/?post_type=product&#038;p=10436"},"modified":"2025-11-13T14:37:14","modified_gmt":"2025-11-13T14:37:14","slug":"proszek-do-pieczenia","status":"publish","type":"product","link":"https:\/\/www.polskismak.nl\/index.php\/product\/proszek-do-pieczenia\/","title":{"rendered":"Proszek do pieczenia"},"content":{"rendered":"<p>[:pl]Substancje spulchniaj\u0105ce: difosforany, w\u0119glany sodu, m\u0105ka pszenna[:nl]Rijsmiddelen: difosfaten, natriumcarbonaten, tarwemeel[:]<\/p>\n","protected":false},"excerpt":{"rendered":"<p>[:pl]Substancje spulchniaj\u0105ce: difosforany, w\u0119glany sodu, m\u0105ka pszenna[:nl]Rijsmiddelen: difosfaten, natriumcarbonaten, tarwemeel[:]<\/p>\n","protected":false},"featured_media":10373,"template":"","meta":[],"product_brand":[],"product_cat":[110,109],"product_tag":[],"class_list":{"0":"post-10436","1":"product","2":"type-product","3":"status-publish","4":"has-post-thumbnail","6":"product_cat-produkty-do-pieczenia","7":"product_cat-produkty-do-pieczenia-i-desery","9":"first","10":"instock","11":"taxable","12":"shipping-taxable","13":"purchasable","14":"product-type-simple"},"_links":{"self":[{"href":"https:\/\/www.polskismak.nl\/index.php\/wp-json\/wp\/v2\/product\/10436","targetHints":{"allow":["GET"]}}],"collection":[{"href":"https:\/\/www.polskismak.nl\/index.php\/wp-json\/wp\/v2\/product"}],"about":[{"href":"https:\/\/www.polskismak.nl\/index.php\/wp-json\/wp\/v2\/types\/product"}],"wp:featuredmedia":[{"embeddable":true,"href":"https:\/\/www.polskismak.nl\/index.php\/wp-json\/wp\/v2\/media\/10373"}],"wp:attachment":[{"href":"https:\/\/www.polskismak.nl\/index.php\/wp-json\/wp\/v2\/media?parent=10436"}],"wp:term":[{"taxonomy":"product_brand","embeddable":true,"href":"https:\/\/www.polskismak.nl\/index.php\/wp-json\/wp\/v2\/product_brand?post=10436"},{"taxonomy":"product_cat","embeddable":true,"href":"https:\/\/www.polskismak.nl\/index.php\/wp-json\/wp\/v2\/product_cat?post=10436"},{"taxonomy":"product_tag","embeddable":true,"href":"https:\/\/www.polskismak.nl\/index.php\/wp-json\/wp\/v2\/product_tag?post=10436"}],"curies":[{"name":"wp","href":"https:\/\/api.w.org\/{rel}","templated":true}]}}