{"id":10439,"date":"2024-05-24T13:01:58","date_gmt":"2024-05-24T13:01:58","guid":{"rendered":"https:\/\/www.polskismak.nl\/?post_type=product&#038;p=10439"},"modified":"2025-01-23T13:57:51","modified_gmt":"2025-01-23T13:57:51","slug":"przyprawa-do-piernika","status":"publish","type":"product","link":"https:\/\/www.polskismak.nl\/index.php\/product\/przyprawa-do-piernika\/","title":{"rendered":"Przyprawa do piernika"},"content":{"rendered":"<p>[:pl]<\/p>\n<table id=\"product-attribute-specs-table\" class=\"data table additional-attributes\" style=\"height: 148px;\" width=\"706\">\n<caption class=\"table-caption\">\u00a0<\/caption>\n<tbody>\n<tr>\n<th class=\"col label\" scope=\"row\"><\/th>\n<td class=\"col data\" data-th=\"Sk\u0142adniki\">Sk\u0142adniki: cukier, cynamon (15%), go\u017adziki (12%), kakao o zmniejszonej zawarto\u015bci t\u0142uszczu, nasiona kolendry, ziele angielskie, ga\u0142ka muszkato\u0142owa (1,6%).<\/td>\n<\/tr>\n<tr>\n<th class=\"col label\" scope=\"row\"><\/th>\n<td class=\"col data\" data-th=\"Profil alergenny\">Produkt mo\u017ce zawiera\u0107:\u00a0<b>jaja, mleko<\/b>\u00a0(\u0142\u0105cznie z\u00a0<b>laktoz\u0105), soj\u0119, gorczyc\u0119, seler i orzeszki ziemne<\/b>.<\/td>\n<\/tr>\n<\/tbody>\n<\/table>\n<p>[:nl]Ingredi\u00ebnten<br \/>\nIngredi\u00ebnten: suiker, kaneel (15%), kruidnagel (12%), magere cacao, korianderzaad, piment, nootmuskaat (1,6%).<br \/>\nAllergeen profiel<br \/>\nHet product kan bevatten: eieren, melk (inclusief lactose), soja, mosterd, selderij en pinda&#8217;s.[:]<\/p>\n","protected":false},"excerpt":{"rendered":"<p>[:pl] \u00a0 Sk\u0142adniki: cukier, cynamon (15%), go\u017adziki (12%), kakao o zmniejszonej zawarto\u015bci t\u0142uszczu, nasiona kolendry, ziele angielskie, ga\u0142ka muszkato\u0142owa (1,6%). Produkt mo\u017ce zawiera\u0107:\u00a0jaja, mleko\u00a0(\u0142\u0105cznie z\u00a0laktoz\u0105), soj\u0119, gorczyc\u0119, seler i orzeszki ziemne. [:nl]Ingredi\u00ebnten Ingredi\u00ebnten: suiker, kaneel (15%), kruidnagel (12%), magere cacao, korianderzaad, piment, nootmuskaat (1,6%). Allergeen profiel Het product kan bevatten: eieren, melk (inclusief lactose), soja, [&hellip;]<\/p>\n","protected":false},"featured_media":10379,"template":"","meta":[],"product_brand":[],"product_cat":[111,109,147,146],"product_tag":[],"class_list":{"0":"post-10439","1":"product","2":"type-product","3":"status-publish","4":"has-post-thumbnail","6":"product_cat-dodatki-cukiernicze","7":"product_cat-produkty-do-pieczenia-i-desery","8":"product_cat-przyprawy","9":"product_cat-przyprawy-i-sosy","11":"first","12":"instock","13":"taxable","14":"shipping-taxable","15":"purchasable","16":"product-type-simple"},"_links":{"self":[{"href":"https:\/\/www.polskismak.nl\/index.php\/wp-json\/wp\/v2\/product\/10439","targetHints":{"allow":["GET"]}}],"collection":[{"href":"https:\/\/www.polskismak.nl\/index.php\/wp-json\/wp\/v2\/product"}],"about":[{"href":"https:\/\/www.polskismak.nl\/index.php\/wp-json\/wp\/v2\/types\/product"}],"wp:featuredmedia":[{"embeddable":true,"href":"https:\/\/www.polskismak.nl\/index.php\/wp-json\/wp\/v2\/media\/10379"}],"wp:attachment":[{"href":"https:\/\/www.polskismak.nl\/index.php\/wp-json\/wp\/v2\/media?parent=10439"}],"wp:term":[{"taxonomy":"product_brand","embeddable":true,"href":"https:\/\/www.polskismak.nl\/index.php\/wp-json\/wp\/v2\/product_brand?post=10439"},{"taxonomy":"product_cat","embeddable":true,"href":"https:\/\/www.polskismak.nl\/index.php\/wp-json\/wp\/v2\/product_cat?post=10439"},{"taxonomy":"product_tag","embeddable":true,"href":"https:\/\/www.polskismak.nl\/index.php\/wp-json\/wp\/v2\/product_tag?post=10439"}],"curies":[{"name":"wp","href":"https:\/\/api.w.org\/{rel}","templated":true}]}}