{"id":10440,"date":"2024-05-24T13:09:17","date_gmt":"2024-05-24T13:09:17","guid":{"rendered":"https:\/\/www.polskismak.nl\/?post_type=product&#038;p=10440"},"modified":"2025-11-13T14:36:31","modified_gmt":"2025-11-13T14:36:31","slug":"kwasek-cytrynowy","status":"publish","type":"product","link":"https:\/\/www.polskismak.nl\/index.php\/product\/kwasek-cytrynowy\/","title":{"rendered":"Kwasek cytrynowy"},"content":{"rendered":"<p>[:pl]Produkt mo\u017ce zawiera\u0107:\u00a0<b>zbo\u017ca zawieraj\u0105ce gluten, jaja, mleko<\/b>\u00a0(\u0142\u0105cznie z\u00a0<b>laktoz\u0105), soj\u0119, gorczyc\u0119, seler, orzeszki ziemne i sezam<\/b>.[:nl]Het product kan het volgende bevatten: glutenbevattende granen, eieren, melk (inclusief lactose), soja, mosterd, selderij, pinda&#8217;s en sesam.[:]<\/p>\n","protected":false},"excerpt":{"rendered":"<p>[:pl]Produkt mo\u017ce zawiera\u0107:\u00a0zbo\u017ca zawieraj\u0105ce gluten, jaja, mleko\u00a0(\u0142\u0105cznie z\u00a0laktoz\u0105), soj\u0119, gorczyc\u0119, seler, orzeszki ziemne i sezam.[:nl]Het product kan het volgende bevatten: glutenbevattende granen, eieren, melk (inclusief lactose), soja, mosterd, selderij, pinda&#8217;s en sesam.[:]<\/p>\n","protected":false},"featured_media":10381,"template":"","meta":[],"product_brand":[],"product_cat":[141,110,109,136],"product_tag":[],"class_list":{"0":"post-10440","1":"product","2":"type-product","3":"status-publish","4":"has-post-thumbnail","6":"product_cat-inne-produkty-sypkie","7":"product_cat-produkty-do-pieczenia","8":"product_cat-produkty-do-pieczenia-i-desery","9":"product_cat-produkty-sypkie","11":"first","12":"instock","13":"taxable","14":"shipping-taxable","15":"purchasable","16":"product-type-simple"},"_links":{"self":[{"href":"https:\/\/www.polskismak.nl\/index.php\/wp-json\/wp\/v2\/product\/10440","targetHints":{"allow":["GET"]}}],"collection":[{"href":"https:\/\/www.polskismak.nl\/index.php\/wp-json\/wp\/v2\/product"}],"about":[{"href":"https:\/\/www.polskismak.nl\/index.php\/wp-json\/wp\/v2\/types\/product"}],"wp:featuredmedia":[{"embeddable":true,"href":"https:\/\/www.polskismak.nl\/index.php\/wp-json\/wp\/v2\/media\/10381"}],"wp:attachment":[{"href":"https:\/\/www.polskismak.nl\/index.php\/wp-json\/wp\/v2\/media?parent=10440"}],"wp:term":[{"taxonomy":"product_brand","embeddable":true,"href":"https:\/\/www.polskismak.nl\/index.php\/wp-json\/wp\/v2\/product_brand?post=10440"},{"taxonomy":"product_cat","embeddable":true,"href":"https:\/\/www.polskismak.nl\/index.php\/wp-json\/wp\/v2\/product_cat?post=10440"},{"taxonomy":"product_tag","embeddable":true,"href":"https:\/\/www.polskismak.nl\/index.php\/wp-json\/wp\/v2\/product_tag?post=10440"}],"curies":[{"name":"wp","href":"https:\/\/api.w.org\/{rel}","templated":true}]}}