{"id":10443,"date":"2024-05-24T13:30:58","date_gmt":"2024-05-24T13:30:58","guid":{"rendered":"https:\/\/www.polskismak.nl\/?post_type=product&#038;p=10443"},"modified":"2025-11-13T14:35:58","modified_gmt":"2025-11-13T14:35:58","slug":"ciasto-piernik-z-miodem","status":"publish","type":"product","link":"https:\/\/www.polskismak.nl\/index.php\/product\/ciasto-piernik-z-miodem\/","title":{"rendered":"Ciasto piernik z miodem"},"content":{"rendered":"<p>[:pl]<\/p>\n<div class=\"overview\">\n<div class=\"product-name\">\n<h1><strong style=\"font-size: 16px;\">Sk\u0142adniki<\/strong><\/h1>\n<\/div>\n<\/div>\n<div class=\"full-description\">\n<p>m\u0105k\u0105 PSZENNA, cukier, MLEKO odt\u0142uszczone w proszku, m\u0105ka \u017bYTNIA, cykoria pra\u017cona, proszek do pieczenia (substancje spulchniaj\u0105ce: w\u0119glany sodu, difosforany), przyprawy 1,3% (cynamon, go\u017adziki, kolendra, pieprz, imbir), substancje zag\u0119szczaj\u0105ce: guma ksantanowa, guma guar, mi\u00f3d w proszku 0,1%<\/p>\n<p><strong>Tekst dotycz\u0105cy alergen\u00f3w<\/strong><\/p>\n<p>Produkt mo\u017ce zawiera\u0107 JAJA, SOJ\u0118, ORZECHY, ORZESZKI ZIEMNE i nasiona SEZAMU.<\/p>\n<\/div>\n<p>[:nl]Ingredi\u00ebnten<\/p>\n<p>TARWEbloem, suiker, magere MELKpoeder, ROGGEbloem, geroosterde cichorei, bakpoeder (rijsmiddelen: natriumcarbonaten, difosfaten), specerijen 1,3% (kaneel, kruidnagel, koriander, peper, gember), verdikkingsmiddelen: xanthaangom, guargom, honingpoeder 0,1%<\/p>\n<p>Tekst over allergenen<\/p>\n<p>Het product kan EIEREN, SOJA, NOTEN, PINDA&#8217;S en SESAMzaden bevatten.[:]<\/p>\n","protected":false},"excerpt":{"rendered":"<p>[:pl] Sk\u0142adniki m\u0105k\u0105 PSZENNA, cukier, MLEKO odt\u0142uszczone w proszku, m\u0105ka \u017bYTNIA, cykoria pra\u017cona, proszek do pieczenia (substancje spulchniaj\u0105ce: w\u0119glany sodu, difosforany), przyprawy 1,3% (cynamon, go\u017adziki, kolendra, pieprz, imbir), substancje zag\u0119szczaj\u0105ce: guma ksantanowa, guma guar, mi\u00f3d w proszku 0,1% Tekst dotycz\u0105cy alergen\u00f3w Produkt mo\u017ce zawiera\u0107 JAJA, SOJ\u0118, ORZECHY, ORZESZKI ZIEMNE i nasiona SEZAMU. [:nl]Ingredi\u00ebnten TARWEbloem, suiker, [&hellip;]<\/p>\n","protected":false},"featured_media":10385,"template":"","meta":[],"product_brand":[],"product_cat":[110,109],"product_tag":[],"class_list":{"0":"post-10443","1":"product","2":"type-product","3":"status-publish","4":"has-post-thumbnail","6":"product_cat-produkty-do-pieczenia","7":"product_cat-produkty-do-pieczenia-i-desery","9":"first","10":"onbackorder","11":"taxable","12":"shipping-taxable","13":"purchasable","14":"product-type-simple"},"_links":{"self":[{"href":"https:\/\/www.polskismak.nl\/index.php\/wp-json\/wp\/v2\/product\/10443","targetHints":{"allow":["GET"]}}],"collection":[{"href":"https:\/\/www.polskismak.nl\/index.php\/wp-json\/wp\/v2\/product"}],"about":[{"href":"https:\/\/www.polskismak.nl\/index.php\/wp-json\/wp\/v2\/types\/product"}],"wp:featuredmedia":[{"embeddable":true,"href":"https:\/\/www.polskismak.nl\/index.php\/wp-json\/wp\/v2\/media\/10385"}],"wp:attachment":[{"href":"https:\/\/www.polskismak.nl\/index.php\/wp-json\/wp\/v2\/media?parent=10443"}],"wp:term":[{"taxonomy":"product_brand","embeddable":true,"href":"https:\/\/www.polskismak.nl\/index.php\/wp-json\/wp\/v2\/product_brand?post=10443"},{"taxonomy":"product_cat","embeddable":true,"href":"https:\/\/www.polskismak.nl\/index.php\/wp-json\/wp\/v2\/product_cat?post=10443"},{"taxonomy":"product_tag","embeddable":true,"href":"https:\/\/www.polskismak.nl\/index.php\/wp-json\/wp\/v2\/product_tag?post=10443"}],"curies":[{"name":"wp","href":"https:\/\/api.w.org\/{rel}","templated":true}]}}