{"id":10450,"date":"2024-05-24T13:48:18","date_gmt":"2024-05-24T13:48:18","guid":{"rendered":"https:\/\/www.polskismak.nl\/?post_type=product&#038;p=10450"},"modified":"2024-06-27T10:55:53","modified_gmt":"2024-06-27T10:55:53","slug":"taart-karpatka","status":"publish","type":"product","link":"https:\/\/www.polskismak.nl\/index.php\/product\/taart-karpatka\/","title":{"rendered":"Ciasto &#8222;Karpatka&#8221;"},"content":{"rendered":"<p>[:pl]<\/p>\n<ul>\n<li>Ciasto: m\u0105ka\u00a0pszenna, proszek do pieczenia (substancje spulchniaj\u0105ce: difosforany, w\u0119glany sodu)<\/li>\n<li>Krem: cukier, skrobia kukurydziana, m\u0105ka\u00a0pszenna,\u00a0jaja\u00a0w proszku, naturalny aromat, naturalny ekstrakt z wanilii<\/li>\n<\/ul>\n<p>[:nl]Deeg: tarwebloem, bakpoeder (rijsmiddelen: difosfaten, natriumcarbonaten)<br \/>\nRoom: suiker, ma\u00efszetmeel, tarwebloem, eipoeder, natuurlijk aroma, natuurlijk vanille-extract[:]<\/p>\n","protected":false},"excerpt":{"rendered":"<p>[:pl] Ciasto: m\u0105ka\u00a0pszenna, proszek do pieczenia (substancje spulchniaj\u0105ce: difosforany, w\u0119glany sodu) Krem: cukier, skrobia kukurydziana, m\u0105ka\u00a0pszenna,\u00a0jaja\u00a0w proszku, naturalny aromat, naturalny ekstrakt z wanilii [:nl]Deeg: tarwebloem, bakpoeder (rijsmiddelen: difosfaten, natriumcarbonaten) Room: suiker, ma\u00efszetmeel, tarwebloem, eipoeder, natuurlijk aroma, natuurlijk vanille-extract[:]<\/p>\n","protected":false},"featured_media":10390,"template":"","meta":[],"product_brand":[],"product_cat":[110,109],"product_tag":[],"class_list":{"0":"post-10450","1":"product","2":"type-product","3":"status-publish","4":"has-post-thumbnail","6":"product_cat-produkty-do-pieczenia","7":"product_cat-produkty-do-pieczenia-i-desery","9":"first","10":"instock","11":"taxable","12":"shipping-taxable","13":"purchasable","14":"product-type-simple"},"_links":{"self":[{"href":"https:\/\/www.polskismak.nl\/index.php\/wp-json\/wp\/v2\/product\/10450","targetHints":{"allow":["GET"]}}],"collection":[{"href":"https:\/\/www.polskismak.nl\/index.php\/wp-json\/wp\/v2\/product"}],"about":[{"href":"https:\/\/www.polskismak.nl\/index.php\/wp-json\/wp\/v2\/types\/product"}],"wp:featuredmedia":[{"embeddable":true,"href":"https:\/\/www.polskismak.nl\/index.php\/wp-json\/wp\/v2\/media\/10390"}],"wp:attachment":[{"href":"https:\/\/www.polskismak.nl\/index.php\/wp-json\/wp\/v2\/media?parent=10450"}],"wp:term":[{"taxonomy":"product_brand","embeddable":true,"href":"https:\/\/www.polskismak.nl\/index.php\/wp-json\/wp\/v2\/product_brand?post=10450"},{"taxonomy":"product_cat","embeddable":true,"href":"https:\/\/www.polskismak.nl\/index.php\/wp-json\/wp\/v2\/product_cat?post=10450"},{"taxonomy":"product_tag","embeddable":true,"href":"https:\/\/www.polskismak.nl\/index.php\/wp-json\/wp\/v2\/product_tag?post=10450"}],"curies":[{"name":"wp","href":"https:\/\/api.w.org\/{rel}","templated":true}]}}