{"id":10607,"date":"2024-06-14T13:54:59","date_gmt":"2024-06-14T13:54:59","guid":{"rendered":"https:\/\/www.polskismak.nl\/?post_type=product&#038;p=10607"},"modified":"2024-06-27T10:56:57","modified_gmt":"2024-06-27T10:56:57","slug":"dr-oetker-serinik-krolewski","status":"publish","type":"product","link":"https:\/\/www.polskismak.nl\/index.php\/product\/dr-oetker-serinik-krolewski\/","title":{"rendered":"Dr Oetker Sernik Kr\u00f3lewski"},"content":{"rendered":"<p>Sk\u0142adniki: ciasto (m\u0105ka PSZENNA, cukier, proszek do pieczenia (m\u0105ka PSZENNA, substancje spulchniaj\u0105ce (difosforany, w\u0119glany sodu)), kakao o obni\u017conej zawarto\u015bci t\u0142uszczu, 1,0% czekolada w proszku (kakao o obni\u017conej zawarto\u015bci t\u0142uszczu, cukier, dekstroza), aromaty (zawieraj\u0105 LAKTOZ\u0118)), masa (cukier, skrobia, aromat, s\u00f3l).<\/p>\n","protected":false},"excerpt":{"rendered":"<p>Sk\u0142adniki: ciasto (m\u0105ka PSZENNA, cukier, proszek do pieczenia (m\u0105ka PSZENNA, substancje spulchniaj\u0105ce (difosforany, w\u0119glany sodu)), kakao o obni\u017conej zawarto\u015bci t\u0142uszczu, 1,0% czekolada w proszku (kakao o obni\u017conej zawarto\u015bci t\u0142uszczu, cukier, dekstroza), aromaty (zawieraj\u0105 LAKTOZ\u0118)), masa (cukier, skrobia, aromat, s\u00f3l).<\/p>\n","protected":false},"featured_media":10394,"template":"","meta":[],"product_brand":[],"product_cat":[110,109],"product_tag":[],"class_list":{"0":"post-10607","1":"product","2":"type-product","3":"status-publish","4":"has-post-thumbnail","6":"product_cat-produkty-do-pieczenia","7":"product_cat-produkty-do-pieczenia-i-desery","9":"first","10":"instock","11":"taxable","12":"shipping-taxable","13":"purchasable","14":"product-type-simple"},"_links":{"self":[{"href":"https:\/\/www.polskismak.nl\/index.php\/wp-json\/wp\/v2\/product\/10607","targetHints":{"allow":["GET"]}}],"collection":[{"href":"https:\/\/www.polskismak.nl\/index.php\/wp-json\/wp\/v2\/product"}],"about":[{"href":"https:\/\/www.polskismak.nl\/index.php\/wp-json\/wp\/v2\/types\/product"}],"wp:featuredmedia":[{"embeddable":true,"href":"https:\/\/www.polskismak.nl\/index.php\/wp-json\/wp\/v2\/media\/10394"}],"wp:attachment":[{"href":"https:\/\/www.polskismak.nl\/index.php\/wp-json\/wp\/v2\/media?parent=10607"}],"wp:term":[{"taxonomy":"product_brand","embeddable":true,"href":"https:\/\/www.polskismak.nl\/index.php\/wp-json\/wp\/v2\/product_brand?post=10607"},{"taxonomy":"product_cat","embeddable":true,"href":"https:\/\/www.polskismak.nl\/index.php\/wp-json\/wp\/v2\/product_cat?post=10607"},{"taxonomy":"product_tag","embeddable":true,"href":"https:\/\/www.polskismak.nl\/index.php\/wp-json\/wp\/v2\/product_tag?post=10607"}],"curies":[{"name":"wp","href":"https:\/\/api.w.org\/{rel}","templated":true}]}}