{"id":10989,"date":"2024-06-21T13:39:57","date_gmt":"2024-06-21T13:39:57","guid":{"rendered":"https:\/\/www.polskismak.nl\/?post_type=product&#038;p=10989"},"modified":"2025-01-23T13:53:42","modified_gmt":"2025-01-23T13:53:42","slug":"platki-jaglane-melwit","status":"publish","type":"product","link":"https:\/\/www.polskismak.nl\/index.php\/product\/platki-jaglane-melwit\/","title":{"rendered":"P\u0142atki jaglane Melwit"},"content":{"rendered":"<p>SK\u0141AD <\/p>\n<p>100% p\u0142atki jaglane b\u0142yskawiczne<\/p>\n<p>ALERGENY<\/p>\n<p>Zbo\u017ca zawieraj\u0105ce gluten &#8211; Mo\u017ce zawiera\u0107<\/p>\n<p>Orzechy &#8211; Mo\u017ce zawiera\u0107<\/p>\n<p>Sezam &#8211; Mo\u017ce zawiera\u0107<\/p>\n","protected":false},"excerpt":{"rendered":"<p>SK\u0141AD 100% p\u0142atki jaglane b\u0142yskawiczne ALERGENY Zbo\u017ca zawieraj\u0105ce gluten &#8211; Mo\u017ce zawiera\u0107 Orzechy &#8211; Mo\u017ce zawiera\u0107 Sezam &#8211; Mo\u017ce zawiera\u0107<\/p>\n","protected":false},"featured_media":10621,"template":"","meta":[],"product_brand":[],"product_cat":[136,139],"product_tag":[],"class_list":{"0":"post-10989","1":"product","2":"type-product","3":"status-publish","4":"has-post-thumbnail","6":"product_cat-produkty-sypkie","7":"product_cat-platki","9":"first","10":"instock","11":"taxable","12":"shipping-taxable","13":"purchasable","14":"product-type-simple"},"_links":{"self":[{"href":"https:\/\/www.polskismak.nl\/index.php\/wp-json\/wp\/v2\/product\/10989","targetHints":{"allow":["GET"]}}],"collection":[{"href":"https:\/\/www.polskismak.nl\/index.php\/wp-json\/wp\/v2\/product"}],"about":[{"href":"https:\/\/www.polskismak.nl\/index.php\/wp-json\/wp\/v2\/types\/product"}],"wp:featuredmedia":[{"embeddable":true,"href":"https:\/\/www.polskismak.nl\/index.php\/wp-json\/wp\/v2\/media\/10621"}],"wp:attachment":[{"href":"https:\/\/www.polskismak.nl\/index.php\/wp-json\/wp\/v2\/media?parent=10989"}],"wp:term":[{"taxonomy":"product_brand","embeddable":true,"href":"https:\/\/www.polskismak.nl\/index.php\/wp-json\/wp\/v2\/product_brand?post=10989"},{"taxonomy":"product_cat","embeddable":true,"href":"https:\/\/www.polskismak.nl\/index.php\/wp-json\/wp\/v2\/product_cat?post=10989"},{"taxonomy":"product_tag","embeddable":true,"href":"https:\/\/www.polskismak.nl\/index.php\/wp-json\/wp\/v2\/product_tag?post=10989"}],"curies":[{"name":"wp","href":"https:\/\/api.w.org\/{rel}","templated":true}]}}