{"id":10990,"date":"2024-06-21T13:43:33","date_gmt":"2024-06-21T13:43:33","guid":{"rendered":"https:\/\/www.polskismak.nl\/?post_type=product&#038;p=10990"},"modified":"2025-11-13T14:32:21","modified_gmt":"2025-11-13T14:32:21","slug":"mleko-w-proszku-pelne-laciate","status":"publish","type":"product","link":"https:\/\/www.polskismak.nl\/index.php\/product\/mleko-w-proszku-pelne-laciate\/","title":{"rendered":"Mleko w proszku pe\u0142ne \u0141aciate"},"content":{"rendered":"<p>Mleko w proszku pe\u0142ne 100%<\/p>\n","protected":false},"excerpt":{"rendered":"<p>Mleko w proszku pe\u0142ne 100%<\/p>\n","protected":false},"featured_media":10620,"template":"","meta":[],"product_brand":[],"product_cat":[141,136],"product_tag":[],"class_list":{"0":"post-10990","1":"product","2":"type-product","3":"status-publish","4":"has-post-thumbnail","6":"product_cat-inne-produkty-sypkie","7":"product_cat-produkty-sypkie","9":"first","10":"onbackorder","11":"taxable","12":"shipping-taxable","13":"purchasable","14":"product-type-simple"},"_links":{"self":[{"href":"https:\/\/www.polskismak.nl\/index.php\/wp-json\/wp\/v2\/product\/10990","targetHints":{"allow":["GET"]}}],"collection":[{"href":"https:\/\/www.polskismak.nl\/index.php\/wp-json\/wp\/v2\/product"}],"about":[{"href":"https:\/\/www.polskismak.nl\/index.php\/wp-json\/wp\/v2\/types\/product"}],"wp:featuredmedia":[{"embeddable":true,"href":"https:\/\/www.polskismak.nl\/index.php\/wp-json\/wp\/v2\/media\/10620"}],"wp:attachment":[{"href":"https:\/\/www.polskismak.nl\/index.php\/wp-json\/wp\/v2\/media?parent=10990"}],"wp:term":[{"taxonomy":"product_brand","embeddable":true,"href":"https:\/\/www.polskismak.nl\/index.php\/wp-json\/wp\/v2\/product_brand?post=10990"},{"taxonomy":"product_cat","embeddable":true,"href":"https:\/\/www.polskismak.nl\/index.php\/wp-json\/wp\/v2\/product_cat?post=10990"},{"taxonomy":"product_tag","embeddable":true,"href":"https:\/\/www.polskismak.nl\/index.php\/wp-json\/wp\/v2\/product_tag?post=10990"}],"curies":[{"name":"wp","href":"https:\/\/api.w.org\/{rel}","templated":true}]}}