{"id":10995,"date":"2024-06-21T13:49:56","date_gmt":"2024-06-21T13:49:56","guid":{"rendered":"https:\/\/www.polskismak.nl\/?post_type=product&#038;p=10995"},"modified":"2025-11-13T14:31:58","modified_gmt":"2025-11-13T14:31:58","slug":"krem-waniliowy","status":"publish","type":"product","link":"https:\/\/www.polskismak.nl\/index.php\/product\/krem-waniliowy\/","title":{"rendered":"Krem waniliowy"},"content":{"rendered":"<p>Sk\u0142adniki: cukier, syrop glukozowy, olej ro\u015blinny (palmowy, palmowy ca\u0142kowicie utwardzony), skrobia modyfikowana, emulgatory (mono- i diglicerydy kwas\u00f3w t\u0142uszczowych, mono- i diglicerydy kwas\u00f3w t\u0142uszczowych estryfikowane kwasem octowym), \u017celatyna, bia\u0142ka MLEKA, stabilizator (fosforany potasu), aromat, naturalny aromat wanilii bourbon, barwnik (karoteny), s\u00f3l. Mo\u017cliwa obecno\u015b\u0107 GLUTENU..<\/p>\n","protected":false},"excerpt":{"rendered":"<p>Sk\u0142adniki: cukier, syrop glukozowy, olej ro\u015blinny (palmowy, palmowy ca\u0142kowicie utwardzony), skrobia modyfikowana, emulgatory (mono- i diglicerydy kwas\u00f3w t\u0142uszczowych, mono- i diglicerydy kwas\u00f3w t\u0142uszczowych estryfikowane kwasem octowym), \u017celatyna, bia\u0142ka MLEKA, stabilizator (fosforany potasu), aromat, naturalny aromat wanilii bourbon, barwnik (karoteny), s\u00f3l. Mo\u017cliwa obecno\u015b\u0107 GLUTENU..<\/p>\n","protected":false},"featured_media":10625,"template":"","meta":[],"product_brand":[],"product_cat":[111,109],"product_tag":[],"class_list":{"0":"post-10995","1":"product","2":"type-product","3":"status-publish","4":"has-post-thumbnail","6":"product_cat-dodatki-cukiernicze","7":"product_cat-produkty-do-pieczenia-i-desery","9":"first","10":"instock","11":"taxable","12":"shipping-taxable","13":"purchasable","14":"product-type-simple"},"_links":{"self":[{"href":"https:\/\/www.polskismak.nl\/index.php\/wp-json\/wp\/v2\/product\/10995","targetHints":{"allow":["GET"]}}],"collection":[{"href":"https:\/\/www.polskismak.nl\/index.php\/wp-json\/wp\/v2\/product"}],"about":[{"href":"https:\/\/www.polskismak.nl\/index.php\/wp-json\/wp\/v2\/types\/product"}],"wp:featuredmedia":[{"embeddable":true,"href":"https:\/\/www.polskismak.nl\/index.php\/wp-json\/wp\/v2\/media\/10625"}],"wp:attachment":[{"href":"https:\/\/www.polskismak.nl\/index.php\/wp-json\/wp\/v2\/media?parent=10995"}],"wp:term":[{"taxonomy":"product_brand","embeddable":true,"href":"https:\/\/www.polskismak.nl\/index.php\/wp-json\/wp\/v2\/product_brand?post=10995"},{"taxonomy":"product_cat","embeddable":true,"href":"https:\/\/www.polskismak.nl\/index.php\/wp-json\/wp\/v2\/product_cat?post=10995"},{"taxonomy":"product_tag","embeddable":true,"href":"https:\/\/www.polskismak.nl\/index.php\/wp-json\/wp\/v2\/product_tag?post=10995"}],"curies":[{"name":"wp","href":"https:\/\/api.w.org\/{rel}","templated":true}]}}