{"id":11001,"date":"2024-06-21T13:57:29","date_gmt":"2024-06-21T13:57:29","guid":{"rendered":"https:\/\/www.polskismak.nl\/?post_type=product&#038;p=11001"},"modified":"2025-01-23T13:52:19","modified_gmt":"2025-01-23T13:52:19","slug":"kasza-gryczana-biala-500-g","status":"publish","type":"product","link":"https:\/\/www.polskismak.nl\/index.php\/product\/kasza-gryczana-biala-500-g\/","title":{"rendered":"Kasza gryczana bia\u0142a 500 g"},"content":{"rendered":"<p>Kasza gryczana, w sklepie mamy dost\u0119pne produkty r\u00f3\u017cnych marek, wysy\u0142amy ten, kt\u00f3ry akurat mamy na stanie.<\/p>\n","protected":false},"excerpt":{"rendered":"<p>Kasza gryczana, w sklepie mamy dost\u0119pne produkty r\u00f3\u017cnych marek, wysy\u0142amy ten, kt\u00f3ry akurat mamy na stanie.<\/p>\n","protected":false},"featured_media":10631,"template":"","meta":[],"product_brand":[],"product_cat":[137,136],"product_tag":[],"class_list":{"0":"post-11001","1":"product","2":"type-product","3":"status-publish","4":"has-post-thumbnail","6":"product_cat-kasze-i-ryz","7":"product_cat-produkty-sypkie","9":"first","10":"instock","11":"taxable","12":"shipping-taxable","13":"purchasable","14":"product-type-simple"},"_links":{"self":[{"href":"https:\/\/www.polskismak.nl\/index.php\/wp-json\/wp\/v2\/product\/11001","targetHints":{"allow":["GET"]}}],"collection":[{"href":"https:\/\/www.polskismak.nl\/index.php\/wp-json\/wp\/v2\/product"}],"about":[{"href":"https:\/\/www.polskismak.nl\/index.php\/wp-json\/wp\/v2\/types\/product"}],"wp:featuredmedia":[{"embeddable":true,"href":"https:\/\/www.polskismak.nl\/index.php\/wp-json\/wp\/v2\/media\/10631"}],"wp:attachment":[{"href":"https:\/\/www.polskismak.nl\/index.php\/wp-json\/wp\/v2\/media?parent=11001"}],"wp:term":[{"taxonomy":"product_brand","embeddable":true,"href":"https:\/\/www.polskismak.nl\/index.php\/wp-json\/wp\/v2\/product_brand?post=11001"},{"taxonomy":"product_cat","embeddable":true,"href":"https:\/\/www.polskismak.nl\/index.php\/wp-json\/wp\/v2\/product_cat?post=11001"},{"taxonomy":"product_tag","embeddable":true,"href":"https:\/\/www.polskismak.nl\/index.php\/wp-json\/wp\/v2\/product_tag?post=11001"}],"curies":[{"name":"wp","href":"https:\/\/api.w.org\/{rel}","templated":true}]}}