{"id":11007,"date":"2024-06-21T14:04:40","date_gmt":"2024-06-21T14:04:40","guid":{"rendered":"https:\/\/www.polskismak.nl\/?post_type=product&#038;p=11007"},"modified":"2024-06-27T10:24:58","modified_gmt":"2024-06-27T10:24:58","slug":"kasza-gryczana-prazona-900-g","status":"publish","type":"product","link":"https:\/\/www.polskismak.nl\/index.php\/product\/kasza-gryczana-prazona-900-g\/","title":{"rendered":"Kasza gryczana pra\u017cona 900 g"},"content":{"rendered":"<p>Kasza gryczana, w sklepie mamy r\u00f3\u017cne marki kaszy, wysy\u0142amy tak\u0105, kt\u00f3r\u0105 aktualnie mamy na stanie.<\/p>\n","protected":false},"excerpt":{"rendered":"<p>Kasza gryczana, w sklepie mamy r\u00f3\u017cne marki kaszy, wysy\u0142amy tak\u0105, kt\u00f3r\u0105 aktualnie mamy na stanie.<\/p>\n","protected":false},"featured_media":10634,"template":"","meta":[],"product_brand":[],"product_cat":[137,136],"product_tag":[],"class_list":{"0":"post-11007","1":"product","2":"type-product","3":"status-publish","4":"has-post-thumbnail","6":"product_cat-kasze-i-ryz","7":"product_cat-produkty-sypkie","9":"first","10":"instock","11":"taxable","12":"shipping-taxable","13":"purchasable","14":"product-type-simple"},"_links":{"self":[{"href":"https:\/\/www.polskismak.nl\/index.php\/wp-json\/wp\/v2\/product\/11007","targetHints":{"allow":["GET"]}}],"collection":[{"href":"https:\/\/www.polskismak.nl\/index.php\/wp-json\/wp\/v2\/product"}],"about":[{"href":"https:\/\/www.polskismak.nl\/index.php\/wp-json\/wp\/v2\/types\/product"}],"wp:featuredmedia":[{"embeddable":true,"href":"https:\/\/www.polskismak.nl\/index.php\/wp-json\/wp\/v2\/media\/10634"}],"wp:attachment":[{"href":"https:\/\/www.polskismak.nl\/index.php\/wp-json\/wp\/v2\/media?parent=11007"}],"wp:term":[{"taxonomy":"product_brand","embeddable":true,"href":"https:\/\/www.polskismak.nl\/index.php\/wp-json\/wp\/v2\/product_brand?post=11007"},{"taxonomy":"product_cat","embeddable":true,"href":"https:\/\/www.polskismak.nl\/index.php\/wp-json\/wp\/v2\/product_cat?post=11007"},{"taxonomy":"product_tag","embeddable":true,"href":"https:\/\/www.polskismak.nl\/index.php\/wp-json\/wp\/v2\/product_tag?post=11007"}],"curies":[{"name":"wp","href":"https:\/\/api.w.org\/{rel}","templated":true}]}}