{"id":11013,"date":"2024-06-21T14:12:25","date_gmt":"2024-06-21T14:12:25","guid":{"rendered":"https:\/\/www.polskismak.nl\/?post_type=product&#038;p=11013"},"modified":"2024-07-17T11:50:05","modified_gmt":"2024-07-17T11:50:05","slug":"zacierka-makaronowa","status":"publish","type":"product","link":"https:\/\/www.polskismak.nl\/index.php\/product\/zacierka-makaronowa\/","title":{"rendered":"Zacierka makaronowa"},"content":{"rendered":"<p>Sk\u0142ad: semolina, maka makaronowa z pszenicy durum( zawieraj\u0105 gluten pszenny semolina-m\u0105ka makaronowa z pszenicy durum, pasteryzowana masa jajowa 10%,woda.<\/p>\n","protected":false},"excerpt":{"rendered":"<p>Sk\u0142ad: semolina, maka makaronowa z pszenicy durum( zawieraj\u0105 gluten pszenny semolina-m\u0105ka makaronowa z pszenicy durum, pasteryzowana masa jajowa 10%,woda.<\/p>\n","protected":false},"featured_media":10637,"template":"","meta":[],"product_brand":[],"product_cat":[140,136],"product_tag":[],"class_list":{"0":"post-11013","1":"product","2":"type-product","3":"status-publish","4":"has-post-thumbnail","6":"product_cat-makarony","7":"product_cat-produkty-sypkie","9":"first","10":"instock","11":"taxable","12":"shipping-taxable","13":"purchasable","14":"product-type-simple"},"_links":{"self":[{"href":"https:\/\/www.polskismak.nl\/index.php\/wp-json\/wp\/v2\/product\/11013","targetHints":{"allow":["GET"]}}],"collection":[{"href":"https:\/\/www.polskismak.nl\/index.php\/wp-json\/wp\/v2\/product"}],"about":[{"href":"https:\/\/www.polskismak.nl\/index.php\/wp-json\/wp\/v2\/types\/product"}],"wp:featuredmedia":[{"embeddable":true,"href":"https:\/\/www.polskismak.nl\/index.php\/wp-json\/wp\/v2\/media\/10637"}],"wp:attachment":[{"href":"https:\/\/www.polskismak.nl\/index.php\/wp-json\/wp\/v2\/media?parent=11013"}],"wp:term":[{"taxonomy":"product_brand","embeddable":true,"href":"https:\/\/www.polskismak.nl\/index.php\/wp-json\/wp\/v2\/product_brand?post=11013"},{"taxonomy":"product_cat","embeddable":true,"href":"https:\/\/www.polskismak.nl\/index.php\/wp-json\/wp\/v2\/product_cat?post=11013"},{"taxonomy":"product_tag","embeddable":true,"href":"https:\/\/www.polskismak.nl\/index.php\/wp-json\/wp\/v2\/product_tag?post=11013"}],"curies":[{"name":"wp","href":"https:\/\/api.w.org\/{rel}","templated":true}]}}