{"id":11171,"date":"2024-06-27T19:37:22","date_gmt":"2024-06-27T19:37:22","guid":{"rendered":"https:\/\/www.polskismak.nl\/?post_type=product&#038;p=11171"},"modified":"2024-07-17T11:45:22","modified_gmt":"2024-07-17T11:45:22","slug":"prymat-owoc-jalowca","status":"publish","type":"product","link":"https:\/\/www.polskismak.nl\/index.php\/product\/prymat-owoc-jalowca\/","title":{"rendered":"Prymat Owoc ja\u0142owca"},"content":{"rendered":"<p>Produkt mo\u017ce zawiera\u0107: jaja, soj\u0119, mleko (\u0142\u0105cznie z laktoz\u0105), gorczyc\u0119, seler i orzeszki ziemne.<\/p>\n","protected":false},"excerpt":{"rendered":"<p>Produkt mo\u017ce zawiera\u0107: jaja, soj\u0119, mleko (\u0142\u0105cznie z laktoz\u0105), gorczyc\u0119, seler i orzeszki ziemne.<\/p>\n","protected":false},"featured_media":11035,"template":"","meta":[],"product_brand":[],"product_cat":[147,146],"product_tag":[],"class_list":{"0":"post-11171","1":"product","2":"type-product","3":"status-publish","4":"has-post-thumbnail","6":"product_cat-przyprawy","7":"product_cat-przyprawy-i-sosy","9":"first","10":"instock","11":"taxable","12":"shipping-taxable","13":"purchasable","14":"product-type-simple"},"_links":{"self":[{"href":"https:\/\/www.polskismak.nl\/index.php\/wp-json\/wp\/v2\/product\/11171","targetHints":{"allow":["GET"]}}],"collection":[{"href":"https:\/\/www.polskismak.nl\/index.php\/wp-json\/wp\/v2\/product"}],"about":[{"href":"https:\/\/www.polskismak.nl\/index.php\/wp-json\/wp\/v2\/types\/product"}],"wp:featuredmedia":[{"embeddable":true,"href":"https:\/\/www.polskismak.nl\/index.php\/wp-json\/wp\/v2\/media\/11035"}],"wp:attachment":[{"href":"https:\/\/www.polskismak.nl\/index.php\/wp-json\/wp\/v2\/media?parent=11171"}],"wp:term":[{"taxonomy":"product_brand","embeddable":true,"href":"https:\/\/www.polskismak.nl\/index.php\/wp-json\/wp\/v2\/product_brand?post=11171"},{"taxonomy":"product_cat","embeddable":true,"href":"https:\/\/www.polskismak.nl\/index.php\/wp-json\/wp\/v2\/product_cat?post=11171"},{"taxonomy":"product_tag","embeddable":true,"href":"https:\/\/www.polskismak.nl\/index.php\/wp-json\/wp\/v2\/product_tag?post=11171"}],"curies":[{"name":"wp","href":"https:\/\/api.w.org\/{rel}","templated":true}]}}