{"id":11177,"date":"2024-06-27T19:45:34","date_gmt":"2024-06-27T19:45:34","guid":{"rendered":"https:\/\/www.polskismak.nl\/?post_type=product&#038;p=11177"},"modified":"2025-11-13T14:28:53","modified_gmt":"2025-11-13T14:28:53","slug":"prymat-przyprawa-do-jajek","status":"publish","type":"product","link":"https:\/\/www.polskismak.nl\/index.php\/product\/prymat-przyprawa-do-jajek\/","title":{"rendered":"Prymat Przyprawa do jajek"},"content":{"rendered":"<p>Sk\u0142adniki: s\u00f3l morska, cebula (18,5%), papryka s\u0142odka (6,1%), szczypiorek liofilizowany (5,5%), czosnek, kurkuma, pieprz czarny, ga\u0142ka muszkato\u0142owa, oliwa z oliwek, koncentrat soku z cytryny.<br \/>\nProdukt mo\u017ce zawiera\u0107: zbo\u017ca zwieraj\u0105ce gluten, jaja, soj\u0119, mleko (\u0142\u0105cznie z laktoz\u0105), gorczyc\u0119, seler i orzeszki ziemne.<\/p>\n","protected":false},"excerpt":{"rendered":"<p>Sk\u0142adniki: s\u00f3l morska, cebula (18,5%), papryka s\u0142odka (6,1%), szczypiorek liofilizowany (5,5%), czosnek, kurkuma, pieprz czarny, ga\u0142ka muszkato\u0142owa, oliwa z oliwek, koncentrat soku z cytryny. Produkt mo\u017ce zawiera\u0107: zbo\u017ca zwieraj\u0105ce gluten, jaja, soj\u0119, mleko (\u0142\u0105cznie z laktoz\u0105), gorczyc\u0119, seler i orzeszki ziemne.<\/p>\n","protected":false},"featured_media":11041,"template":"","meta":[],"product_brand":[],"product_cat":[147,146],"product_tag":[],"class_list":{"0":"post-11177","1":"product","2":"type-product","3":"status-publish","4":"has-post-thumbnail","6":"product_cat-przyprawy","7":"product_cat-przyprawy-i-sosy","9":"first","10":"onbackorder","11":"taxable","12":"shipping-taxable","13":"purchasable","14":"product-type-simple"},"_links":{"self":[{"href":"https:\/\/www.polskismak.nl\/index.php\/wp-json\/wp\/v2\/product\/11177","targetHints":{"allow":["GET"]}}],"collection":[{"href":"https:\/\/www.polskismak.nl\/index.php\/wp-json\/wp\/v2\/product"}],"about":[{"href":"https:\/\/www.polskismak.nl\/index.php\/wp-json\/wp\/v2\/types\/product"}],"wp:featuredmedia":[{"embeddable":true,"href":"https:\/\/www.polskismak.nl\/index.php\/wp-json\/wp\/v2\/media\/11041"}],"wp:attachment":[{"href":"https:\/\/www.polskismak.nl\/index.php\/wp-json\/wp\/v2\/media?parent=11177"}],"wp:term":[{"taxonomy":"product_brand","embeddable":true,"href":"https:\/\/www.polskismak.nl\/index.php\/wp-json\/wp\/v2\/product_brand?post=11177"},{"taxonomy":"product_cat","embeddable":true,"href":"https:\/\/www.polskismak.nl\/index.php\/wp-json\/wp\/v2\/product_cat?post=11177"},{"taxonomy":"product_tag","embeddable":true,"href":"https:\/\/www.polskismak.nl\/index.php\/wp-json\/wp\/v2\/product_tag?post=11177"}],"curies":[{"name":"wp","href":"https:\/\/api.w.org\/{rel}","templated":true}]}}