{"id":11183,"date":"2024-06-27T19:53:50","date_gmt":"2024-06-27T19:53:50","guid":{"rendered":"https:\/\/www.polskismak.nl\/?post_type=product&#038;p=11183"},"modified":"2025-11-13T14:28:25","modified_gmt":"2025-11-13T14:28:25","slug":"prymat-przyprawa-curry","status":"publish","type":"product","link":"https:\/\/www.polskismak.nl\/index.php\/product\/prymat-przyprawa-curry\/","title":{"rendered":"Prymat Przyprawa Curry"},"content":{"rendered":"<p>Sk\u0142adniki: s\u00f3l, kurkuma, cebula, papryka s\u0142odka, cynamon, cukier, czosnek, kmin rzymski, korze\u0144 lubczyku, kardamon, kozieradka, go\u017adzik, owoc kolendry, chili, imbir, pieprz czarny.<br \/>\nProdukt mo\u017ce zawiera\u0107: zbo\u017ca zawieraj\u0105ce gluten, jaja, mleko (\u0142\u0105cznie z laktoz\u0105), soj\u0119, gorczyc\u0119, seler, orzeszki ziemne i sezam.<\/p>\n","protected":false},"excerpt":{"rendered":"<p>Sk\u0142adniki: s\u00f3l, kurkuma, cebula, papryka s\u0142odka, cynamon, cukier, czosnek, kmin rzymski, korze\u0144 lubczyku, kardamon, kozieradka, go\u017adzik, owoc kolendry, chili, imbir, pieprz czarny. Produkt mo\u017ce zawiera\u0107: zbo\u017ca zawieraj\u0105ce gluten, jaja, mleko (\u0142\u0105cznie z laktoz\u0105), soj\u0119, gorczyc\u0119, seler, orzeszki ziemne i sezam.<\/p>\n","protected":false},"featured_media":11071,"template":"","meta":[],"product_brand":[],"product_cat":[147,146],"product_tag":[],"class_list":{"0":"post-11183","1":"product","2":"type-product","3":"status-publish","4":"has-post-thumbnail","6":"product_cat-przyprawy","7":"product_cat-przyprawy-i-sosy","9":"first","10":"onbackorder","11":"taxable","12":"shipping-taxable","13":"purchasable","14":"product-type-simple"},"_links":{"self":[{"href":"https:\/\/www.polskismak.nl\/index.php\/wp-json\/wp\/v2\/product\/11183","targetHints":{"allow":["GET"]}}],"collection":[{"href":"https:\/\/www.polskismak.nl\/index.php\/wp-json\/wp\/v2\/product"}],"about":[{"href":"https:\/\/www.polskismak.nl\/index.php\/wp-json\/wp\/v2\/types\/product"}],"wp:featuredmedia":[{"embeddable":true,"href":"https:\/\/www.polskismak.nl\/index.php\/wp-json\/wp\/v2\/media\/11071"}],"wp:attachment":[{"href":"https:\/\/www.polskismak.nl\/index.php\/wp-json\/wp\/v2\/media?parent=11183"}],"wp:term":[{"taxonomy":"product_brand","embeddable":true,"href":"https:\/\/www.polskismak.nl\/index.php\/wp-json\/wp\/v2\/product_brand?post=11183"},{"taxonomy":"product_cat","embeddable":true,"href":"https:\/\/www.polskismak.nl\/index.php\/wp-json\/wp\/v2\/product_cat?post=11183"},{"taxonomy":"product_tag","embeddable":true,"href":"https:\/\/www.polskismak.nl\/index.php\/wp-json\/wp\/v2\/product_tag?post=11183"}],"curies":[{"name":"wp","href":"https:\/\/api.w.org\/{rel}","templated":true}]}}