{"id":11197,"date":"2024-06-27T20:16:07","date_gmt":"2024-06-27T20:16:07","guid":{"rendered":"https:\/\/www.polskismak.nl\/?post_type=product&#038;p=11197"},"modified":"2025-01-23T10:54:25","modified_gmt":"2025-01-23T10:54:25","slug":"prymat-przyprawa-do-miesa-mielonego","status":"publish","type":"product","link":"https:\/\/www.polskismak.nl\/index.php\/product\/prymat-przyprawa-do-miesa-mielonego\/","title":{"rendered":"Prymat Przyprawa do mi\u0119sa mielonego"},"content":{"rendered":"<p>Sk\u0142adniki: s\u00f3l, czosnek (15%), cebula, papryka s\u0142odka, gorczyca bia\u0142a, nasiona kolendry (5,5%), marchew, majeranek (3,5%), pieprz czarny, kminek, cukier, kozieradka, chili, tymianek, natka pietruszki, ziele angielskie.<br \/>\nProfil alergenny<br \/>\nProdukt mo\u017ce zawiera\u0107: jaja, mleko (\u0142\u0105cznie z laktoz\u0105), soj\u0119, seler i orzeszki ziemne.<\/p>\n","protected":false},"excerpt":{"rendered":"<p>Sk\u0142adniki: s\u00f3l, czosnek (15%), cebula, papryka s\u0142odka, gorczyca bia\u0142a, nasiona kolendry (5,5%), marchew, majeranek (3,5%), pieprz czarny, kminek, cukier, kozieradka, chili, tymianek, natka pietruszki, ziele angielskie. Profil alergenny Produkt mo\u017ce zawiera\u0107: jaja, mleko (\u0142\u0105cznie z laktoz\u0105), soj\u0119, seler i orzeszki ziemne.<\/p>\n","protected":false},"featured_media":11088,"template":"","meta":[],"product_brand":[],"product_cat":[147,146],"product_tag":[],"class_list":{"0":"post-11197","1":"product","2":"type-product","3":"status-publish","4":"has-post-thumbnail","6":"product_cat-przyprawy","7":"product_cat-przyprawy-i-sosy","9":"first","10":"instock","11":"taxable","12":"shipping-taxable","13":"purchasable","14":"product-type-simple"},"_links":{"self":[{"href":"https:\/\/www.polskismak.nl\/index.php\/wp-json\/wp\/v2\/product\/11197","targetHints":{"allow":["GET"]}}],"collection":[{"href":"https:\/\/www.polskismak.nl\/index.php\/wp-json\/wp\/v2\/product"}],"about":[{"href":"https:\/\/www.polskismak.nl\/index.php\/wp-json\/wp\/v2\/types\/product"}],"wp:featuredmedia":[{"embeddable":true,"href":"https:\/\/www.polskismak.nl\/index.php\/wp-json\/wp\/v2\/media\/11088"}],"wp:attachment":[{"href":"https:\/\/www.polskismak.nl\/index.php\/wp-json\/wp\/v2\/media?parent=11197"}],"wp:term":[{"taxonomy":"product_brand","embeddable":true,"href":"https:\/\/www.polskismak.nl\/index.php\/wp-json\/wp\/v2\/product_brand?post=11197"},{"taxonomy":"product_cat","embeddable":true,"href":"https:\/\/www.polskismak.nl\/index.php\/wp-json\/wp\/v2\/product_cat?post=11197"},{"taxonomy":"product_tag","embeddable":true,"href":"https:\/\/www.polskismak.nl\/index.php\/wp-json\/wp\/v2\/product_tag?post=11197"}],"curies":[{"name":"wp","href":"https:\/\/api.w.org\/{rel}","templated":true}]}}