{"id":11199,"date":"2024-06-27T20:18:48","date_gmt":"2024-06-27T20:18:48","guid":{"rendered":"https:\/\/www.polskismak.nl\/?post_type=product&#038;p=11199"},"modified":"2025-01-23T10:54:10","modified_gmt":"2025-01-23T10:54:10","slug":"prymat-przyprawa-do-gulaszu","status":"publish","type":"product","link":"https:\/\/www.polskismak.nl\/index.php\/product\/prymat-przyprawa-do-gulaszu\/","title":{"rendered":"Prymat Przyprawa do gulaszu"},"content":{"rendered":"<p>Sk\u0142adniki: s\u00f3l, wzmacniacz smaku: glutaminian monosodowy; papryka s\u0142odka, cebula, papryka ostra, gorczyca bia\u0142a, marchew, cz\u0105ber, majeranek, chili, natka pietruszki, tymianek, kminek, nasiona kolendry, ziele angielskie, pieprz czarny.<br \/>\nProfil alergenny<br \/>\nProdukt mo\u017ce zawiera\u0107: jaja, mleko (\u0142\u0105cznie z laktoz\u0105), soj\u0119, seler i orzeszki ziemne.<\/p>\n","protected":false},"excerpt":{"rendered":"<p>Sk\u0142adniki: s\u00f3l, wzmacniacz smaku: glutaminian monosodowy; papryka s\u0142odka, cebula, papryka ostra, gorczyca bia\u0142a, marchew, cz\u0105ber, majeranek, chili, natka pietruszki, tymianek, kminek, nasiona kolendry, ziele angielskie, pieprz czarny. Profil alergenny Produkt mo\u017ce zawiera\u0107: jaja, mleko (\u0142\u0105cznie z laktoz\u0105), soj\u0119, seler i orzeszki ziemne.<\/p>\n","protected":false},"featured_media":11090,"template":"","meta":[],"product_brand":[],"product_cat":[147,146],"product_tag":[],"class_list":{"0":"post-11199","1":"product","2":"type-product","3":"status-publish","4":"has-post-thumbnail","6":"product_cat-przyprawy","7":"product_cat-przyprawy-i-sosy","9":"first","10":"instock","11":"taxable","12":"shipping-taxable","13":"purchasable","14":"product-type-simple"},"_links":{"self":[{"href":"https:\/\/www.polskismak.nl\/index.php\/wp-json\/wp\/v2\/product\/11199","targetHints":{"allow":["GET"]}}],"collection":[{"href":"https:\/\/www.polskismak.nl\/index.php\/wp-json\/wp\/v2\/product"}],"about":[{"href":"https:\/\/www.polskismak.nl\/index.php\/wp-json\/wp\/v2\/types\/product"}],"wp:featuredmedia":[{"embeddable":true,"href":"https:\/\/www.polskismak.nl\/index.php\/wp-json\/wp\/v2\/media\/11090"}],"wp:attachment":[{"href":"https:\/\/www.polskismak.nl\/index.php\/wp-json\/wp\/v2\/media?parent=11199"}],"wp:term":[{"taxonomy":"product_brand","embeddable":true,"href":"https:\/\/www.polskismak.nl\/index.php\/wp-json\/wp\/v2\/product_brand?post=11199"},{"taxonomy":"product_cat","embeddable":true,"href":"https:\/\/www.polskismak.nl\/index.php\/wp-json\/wp\/v2\/product_cat?post=11199"},{"taxonomy":"product_tag","embeddable":true,"href":"https:\/\/www.polskismak.nl\/index.php\/wp-json\/wp\/v2\/product_tag?post=11199"}],"curies":[{"name":"wp","href":"https:\/\/api.w.org\/{rel}","templated":true}]}}