{"id":11245,"date":"2024-07-03T13:56:29","date_gmt":"2024-07-03T13:56:29","guid":{"rendered":"https:\/\/www.polskismak.nl\/?post_type=product&#038;p=11245"},"modified":"2024-07-17T11:08:03","modified_gmt":"2024-07-17T11:08:03","slug":"kamis-przyprawa-do-miesa-mielonego-2","status":"publish","type":"product","link":"https:\/\/www.polskismak.nl\/index.php\/product\/kamis-przyprawa-do-miesa-mielonego-2\/","title":{"rendered":"Kamis Przyprawa do mi\u0119sa mielonego"},"content":{"rendered":"<p>Produkt mo\u017ce zawiera\u0107: jaja, mleko (\u0142\u0105cznie z laktoz\u0105), soj\u0119, gorczyc\u0119, seler i orzeszki ziemne.<\/p>\n","protected":false},"excerpt":{"rendered":"<p>Produkt mo\u017ce zawiera\u0107: jaja, mleko (\u0142\u0105cznie z laktoz\u0105), soj\u0119, gorczyc\u0119, seler i orzeszki ziemne.<\/p>\n","protected":false},"featured_media":11117,"template":"","meta":[],"product_brand":[],"product_cat":[147,146],"product_tag":[],"class_list":{"0":"post-11245","1":"product","2":"type-product","3":"status-publish","4":"has-post-thumbnail","6":"product_cat-przyprawy","7":"product_cat-przyprawy-i-sosy","9":"first","10":"instock","11":"taxable","12":"shipping-taxable","13":"purchasable","14":"product-type-simple"},"_links":{"self":[{"href":"https:\/\/www.polskismak.nl\/index.php\/wp-json\/wp\/v2\/product\/11245","targetHints":{"allow":["GET"]}}],"collection":[{"href":"https:\/\/www.polskismak.nl\/index.php\/wp-json\/wp\/v2\/product"}],"about":[{"href":"https:\/\/www.polskismak.nl\/index.php\/wp-json\/wp\/v2\/types\/product"}],"wp:featuredmedia":[{"embeddable":true,"href":"https:\/\/www.polskismak.nl\/index.php\/wp-json\/wp\/v2\/media\/11117"}],"wp:attachment":[{"href":"https:\/\/www.polskismak.nl\/index.php\/wp-json\/wp\/v2\/media?parent=11245"}],"wp:term":[{"taxonomy":"product_brand","embeddable":true,"href":"https:\/\/www.polskismak.nl\/index.php\/wp-json\/wp\/v2\/product_brand?post=11245"},{"taxonomy":"product_cat","embeddable":true,"href":"https:\/\/www.polskismak.nl\/index.php\/wp-json\/wp\/v2\/product_cat?post=11245"},{"taxonomy":"product_tag","embeddable":true,"href":"https:\/\/www.polskismak.nl\/index.php\/wp-json\/wp\/v2\/product_tag?post=11245"}],"curies":[{"name":"wp","href":"https:\/\/api.w.org\/{rel}","templated":true}]}}