{"id":11256,"date":"2024-07-03T14:06:38","date_gmt":"2024-07-03T14:06:38","guid":{"rendered":"https:\/\/www.polskismak.nl\/?post_type=product&#038;p=11256"},"modified":"2025-01-23T13:35:11","modified_gmt":"2025-01-23T13:35:11","slug":"knorr-sos-borowikowy","status":"publish","type":"product","link":"https:\/\/www.polskismak.nl\/index.php\/product\/knorr-sos-borowikowy\/","title":{"rendered":"Knorr Sos borowikowy"},"content":{"rendered":"<p>Sk\u0142adniki:<br \/>\nskrobia<br \/>\n\u015aMIETANA (14,5 %)<br \/>\nt\u0142uszcz palmowy<br \/>\nm\u0105ka PSZENNA<br \/>\nmaltodekstryna<br \/>\ns\u00f3l jodowana<br \/>\nborowiki* (4,5 %)<br \/>\ncebula* (3,1 %)<br \/>\nkoncentrat soku z pieczarek*<br \/>\naromaty<br \/>\nma\u015blaki (2,3 %)<br \/>\nsyrop glukozowy<br \/>\nhydrolizowane bia\u0142ko ro\u015blinne<br \/>\nmineralna s\u00f3l potasowa<br \/>\nbia\u0142ka MLEKA<br \/>\nekstrakt dro\u017cd\u017cowy<br \/>\npieprz<br \/>\ns\u00f3l<\/p>\n","protected":false},"excerpt":{"rendered":"<p>Sk\u0142adniki: skrobia \u015aMIETANA (14,5 %) t\u0142uszcz palmowy m\u0105ka PSZENNA maltodekstryna s\u00f3l jodowana borowiki* (4,5 %) cebula* (3,1 %) koncentrat soku z pieczarek* aromaty ma\u015blaki (2,3 %) syrop glukozowy hydrolizowane bia\u0142ko ro\u015blinne mineralna s\u00f3l potasowa bia\u0142ka MLEKA ekstrakt dro\u017cd\u017cowy pieprz s\u00f3l<\/p>\n","protected":false},"featured_media":11130,"template":"","meta":[],"product_brand":[],"product_cat":[146,148],"product_tag":[],"class_list":{"0":"post-11256","1":"product","2":"type-product","3":"status-publish","4":"has-post-thumbnail","6":"product_cat-przyprawy-i-sosy","7":"product_cat-sosy","9":"first","10":"instock","11":"taxable","12":"shipping-taxable","13":"purchasable","14":"product-type-simple"},"_links":{"self":[{"href":"https:\/\/www.polskismak.nl\/index.php\/wp-json\/wp\/v2\/product\/11256","targetHints":{"allow":["GET"]}}],"collection":[{"href":"https:\/\/www.polskismak.nl\/index.php\/wp-json\/wp\/v2\/product"}],"about":[{"href":"https:\/\/www.polskismak.nl\/index.php\/wp-json\/wp\/v2\/types\/product"}],"wp:featuredmedia":[{"embeddable":true,"href":"https:\/\/www.polskismak.nl\/index.php\/wp-json\/wp\/v2\/media\/11130"}],"wp:attachment":[{"href":"https:\/\/www.polskismak.nl\/index.php\/wp-json\/wp\/v2\/media?parent=11256"}],"wp:term":[{"taxonomy":"product_brand","embeddable":true,"href":"https:\/\/www.polskismak.nl\/index.php\/wp-json\/wp\/v2\/product_brand?post=11256"},{"taxonomy":"product_cat","embeddable":true,"href":"https:\/\/www.polskismak.nl\/index.php\/wp-json\/wp\/v2\/product_cat?post=11256"},{"taxonomy":"product_tag","embeddable":true,"href":"https:\/\/www.polskismak.nl\/index.php\/wp-json\/wp\/v2\/product_tag?post=11256"}],"curies":[{"name":"wp","href":"https:\/\/api.w.org\/{rel}","templated":true}]}}