{"id":11260,"date":"2024-07-03T14:10:34","date_gmt":"2024-07-03T14:10:34","guid":{"rendered":"https:\/\/www.polskismak.nl\/?post_type=product&#038;p=11260"},"modified":"2024-07-17T10:43:17","modified_gmt":"2024-07-17T10:43:17","slug":"sos-pieczeniowy-jasny","status":"publish","type":"product","link":"https:\/\/www.polskismak.nl\/index.php\/product\/sos-pieczeniowy-jasny\/","title":{"rendered":"Sos pieczeniowy jasny"},"content":{"rendered":"<p>M\u0105ka pszenna* 35,3%, skrobia ziemniaczana*, aromaty (z pszenic\u0105, soj\u0105), s\u00f3l, cukier*, olej palmowy, suszone warzywa 4,7% (cebula*, czosnek*), barwnik (karmel), przyprawy (pieprz czarny*, kurkuma*, li\u015b\u0107 laurowy*), kwas (kwas cytrynowy). <\/p>\n<p>*naturalne sk\u0142adniki<\/p>\n<p>Mo\u017ce zawiera\u0107: jaja, mleko, seler, gorczyc\u0119.<\/p>\n","protected":false},"excerpt":{"rendered":"<p>M\u0105ka pszenna* 35,3%, skrobia ziemniaczana*, aromaty (z pszenic\u0105, soj\u0105), s\u00f3l, cukier*, olej palmowy, suszone warzywa 4,7% (cebula*, czosnek*), barwnik (karmel), przyprawy (pieprz czarny*, kurkuma*, li\u015b\u0107 laurowy*), kwas (kwas cytrynowy). *naturalne sk\u0142adniki Mo\u017ce zawiera\u0107: jaja, mleko, seler, gorczyc\u0119.<\/p>\n","protected":false},"featured_media":11134,"template":"","meta":[],"product_brand":[],"product_cat":[146,148],"product_tag":[],"class_list":{"0":"post-11260","1":"product","2":"type-product","3":"status-publish","4":"has-post-thumbnail","6":"product_cat-przyprawy-i-sosy","7":"product_cat-sosy","9":"first","10":"instock","11":"taxable","12":"shipping-taxable","13":"purchasable","14":"product-type-simple"},"_links":{"self":[{"href":"https:\/\/www.polskismak.nl\/index.php\/wp-json\/wp\/v2\/product\/11260","targetHints":{"allow":["GET"]}}],"collection":[{"href":"https:\/\/www.polskismak.nl\/index.php\/wp-json\/wp\/v2\/product"}],"about":[{"href":"https:\/\/www.polskismak.nl\/index.php\/wp-json\/wp\/v2\/types\/product"}],"wp:featuredmedia":[{"embeddable":true,"href":"https:\/\/www.polskismak.nl\/index.php\/wp-json\/wp\/v2\/media\/11134"}],"wp:attachment":[{"href":"https:\/\/www.polskismak.nl\/index.php\/wp-json\/wp\/v2\/media?parent=11260"}],"wp:term":[{"taxonomy":"product_brand","embeddable":true,"href":"https:\/\/www.polskismak.nl\/index.php\/wp-json\/wp\/v2\/product_brand?post=11260"},{"taxonomy":"product_cat","embeddable":true,"href":"https:\/\/www.polskismak.nl\/index.php\/wp-json\/wp\/v2\/product_cat?post=11260"},{"taxonomy":"product_tag","embeddable":true,"href":"https:\/\/www.polskismak.nl\/index.php\/wp-json\/wp\/v2\/product_tag?post=11260"}],"curies":[{"name":"wp","href":"https:\/\/api.w.org\/{rel}","templated":true}]}}