{"id":11262,"date":"2024-07-03T14:12:48","date_gmt":"2024-07-03T14:12:48","guid":{"rendered":"https:\/\/www.polskismak.nl\/?post_type=product&#038;p=11262"},"modified":"2025-11-13T14:22:07","modified_gmt":"2025-11-13T14:22:07","slug":"sos-grzybowy","status":"publish","type":"product","link":"https:\/\/www.polskismak.nl\/index.php\/product\/sos-grzybowy\/","title":{"rendered":"Sos grzybowy"},"content":{"rendered":"<p>Lista sk\u0142adnik\u00f3w<br \/>\nM\u0105ka pszenna*, skrobia kukurydziana*, odt\u0142uszczone mleko w proszku*, suszone grzyby 7% (pieczarka*, ma\u015blak*, podgrzybek*), s\u00f3l, aromaty, skrobia ziemniaczana*, \u015bmietanka w proszku* 5,4% (z mleka), cukier*, olej palmowy, suszony czosnek*, barwnik (karmel*), przyprawy, li\u015b\u0107 pietruszki*.<\/p>\n<p>*Naturalne sk\u0142adniki.<\/p>\n<p>Mo\u017ce zawiera\u0107: jaja, soj\u0119, seler, gorczyc\u0119.<\/p>\n","protected":false},"excerpt":{"rendered":"<p>Lista sk\u0142adnik\u00f3w M\u0105ka pszenna*, skrobia kukurydziana*, odt\u0142uszczone mleko w proszku*, suszone grzyby 7% (pieczarka*, ma\u015blak*, podgrzybek*), s\u00f3l, aromaty, skrobia ziemniaczana*, \u015bmietanka w proszku* 5,4% (z mleka), cukier*, olej palmowy, suszony czosnek*, barwnik (karmel*), przyprawy, li\u015b\u0107 pietruszki*. *Naturalne sk\u0142adniki. Mo\u017ce zawiera\u0107: jaja, soj\u0119, seler, gorczyc\u0119.<\/p>\n","protected":false},"featured_media":11136,"template":"","meta":[],"product_brand":[],"product_cat":[146,148],"product_tag":[],"class_list":{"0":"post-11262","1":"product","2":"type-product","3":"status-publish","4":"has-post-thumbnail","6":"product_cat-przyprawy-i-sosy","7":"product_cat-sosy","9":"first","10":"instock","11":"taxable","12":"shipping-taxable","13":"purchasable","14":"product-type-simple"},"_links":{"self":[{"href":"https:\/\/www.polskismak.nl\/index.php\/wp-json\/wp\/v2\/product\/11262","targetHints":{"allow":["GET"]}}],"collection":[{"href":"https:\/\/www.polskismak.nl\/index.php\/wp-json\/wp\/v2\/product"}],"about":[{"href":"https:\/\/www.polskismak.nl\/index.php\/wp-json\/wp\/v2\/types\/product"}],"wp:featuredmedia":[{"embeddable":true,"href":"https:\/\/www.polskismak.nl\/index.php\/wp-json\/wp\/v2\/media\/11136"}],"wp:attachment":[{"href":"https:\/\/www.polskismak.nl\/index.php\/wp-json\/wp\/v2\/media?parent=11262"}],"wp:term":[{"taxonomy":"product_brand","embeddable":true,"href":"https:\/\/www.polskismak.nl\/index.php\/wp-json\/wp\/v2\/product_brand?post=11262"},{"taxonomy":"product_cat","embeddable":true,"href":"https:\/\/www.polskismak.nl\/index.php\/wp-json\/wp\/v2\/product_cat?post=11262"},{"taxonomy":"product_tag","embeddable":true,"href":"https:\/\/www.polskismak.nl\/index.php\/wp-json\/wp\/v2\/product_tag?post=11262"}],"curies":[{"name":"wp","href":"https:\/\/api.w.org\/{rel}","templated":true}]}}