{"id":11280,"date":"2024-07-10T12:09:55","date_gmt":"2024-07-10T12:09:55","guid":{"rendered":"https:\/\/www.polskismak.nl\/?post_type=product&#038;p=11280"},"modified":"2025-01-23T13:33:32","modified_gmt":"2025-01-23T13:33:32","slug":"aromat-do-ciast-migdalowy","status":"publish","type":"product","link":"https:\/\/www.polskismak.nl\/index.php\/product\/aromat-do-ciast-migdalowy\/","title":{"rendered":"Aromat do ciast migda\u0142owy"},"content":{"rendered":"<p>Sk\u0142adniki<br \/>\nolej rzepakowy<\/p>\n<p>aromat<\/p>\n<p>Tekst dotycz\u0105cy alergen\u00f3w<br \/>\nProdukt mo\u017ce zawiera\u0107 gluten, jaja, mleko, soj\u0119, orzechy, orzeszki ziemne i nasiona sezamu.<\/p>\n","protected":false},"excerpt":{"rendered":"<p>Sk\u0142adniki olej rzepakowy aromat Tekst dotycz\u0105cy alergen\u00f3w Produkt mo\u017ce zawiera\u0107 gluten, jaja, mleko, soj\u0119, orzechy, orzeszki ziemne i nasiona sezamu.<\/p>\n","protected":false},"featured_media":11265,"template":"","meta":[],"product_brand":[],"product_cat":[111,109],"product_tag":[],"class_list":{"0":"post-11280","1":"product","2":"type-product","3":"status-publish","4":"has-post-thumbnail","6":"product_cat-dodatki-cukiernicze","7":"product_cat-produkty-do-pieczenia-i-desery","9":"first","10":"instock","11":"taxable","12":"shipping-taxable","13":"purchasable","14":"product-type-simple"},"_links":{"self":[{"href":"https:\/\/www.polskismak.nl\/index.php\/wp-json\/wp\/v2\/product\/11280","targetHints":{"allow":["GET"]}}],"collection":[{"href":"https:\/\/www.polskismak.nl\/index.php\/wp-json\/wp\/v2\/product"}],"about":[{"href":"https:\/\/www.polskismak.nl\/index.php\/wp-json\/wp\/v2\/types\/product"}],"wp:featuredmedia":[{"embeddable":true,"href":"https:\/\/www.polskismak.nl\/index.php\/wp-json\/wp\/v2\/media\/11265"}],"wp:attachment":[{"href":"https:\/\/www.polskismak.nl\/index.php\/wp-json\/wp\/v2\/media?parent=11280"}],"wp:term":[{"taxonomy":"product_brand","embeddable":true,"href":"https:\/\/www.polskismak.nl\/index.php\/wp-json\/wp\/v2\/product_brand?post=11280"},{"taxonomy":"product_cat","embeddable":true,"href":"https:\/\/www.polskismak.nl\/index.php\/wp-json\/wp\/v2\/product_cat?post=11280"},{"taxonomy":"product_tag","embeddable":true,"href":"https:\/\/www.polskismak.nl\/index.php\/wp-json\/wp\/v2\/product_tag?post=11280"}],"curies":[{"name":"wp","href":"https:\/\/api.w.org\/{rel}","templated":true}]}}