{"id":11456,"date":"2024-07-17T14:31:33","date_gmt":"2024-07-17T14:31:33","guid":{"rendered":"https:\/\/www.polskismak.nl\/?post_type=product&#038;p=11456"},"modified":"2025-01-23T13:05:13","modified_gmt":"2025-01-23T13:05:13","slug":"bulka-wroclawska-tarta","status":"publish","type":"product","link":"https:\/\/www.polskismak.nl\/index.php\/product\/bulka-wroclawska-tarta\/","title":{"rendered":"Bu\u0142ka wroc\u0142awska tarta"},"content":{"rendered":"<p>Sk\u0142adniki<br \/>\nm\u0105ka pszenna<\/p>\n<p>s\u00f3l<\/p>\n<p>dro\u017cd\u017ce<\/p>\n","protected":false},"excerpt":{"rendered":"<p>Sk\u0142adniki m\u0105ka pszenna s\u00f3l dro\u017cd\u017ce<\/p>\n","protected":false},"featured_media":11381,"template":"","meta":[],"product_brand":[],"product_cat":[141,136],"product_tag":[],"class_list":{"0":"post-11456","1":"product","2":"type-product","3":"status-publish","4":"has-post-thumbnail","6":"product_cat-inne-produkty-sypkie","7":"product_cat-produkty-sypkie","9":"first","10":"instock","11":"taxable","12":"shipping-taxable","13":"purchasable","14":"product-type-simple"},"_links":{"self":[{"href":"https:\/\/www.polskismak.nl\/index.php\/wp-json\/wp\/v2\/product\/11456","targetHints":{"allow":["GET"]}}],"collection":[{"href":"https:\/\/www.polskismak.nl\/index.php\/wp-json\/wp\/v2\/product"}],"about":[{"href":"https:\/\/www.polskismak.nl\/index.php\/wp-json\/wp\/v2\/types\/product"}],"wp:featuredmedia":[{"embeddable":true,"href":"https:\/\/www.polskismak.nl\/index.php\/wp-json\/wp\/v2\/media\/11381"}],"wp:attachment":[{"href":"https:\/\/www.polskismak.nl\/index.php\/wp-json\/wp\/v2\/media?parent=11456"}],"wp:term":[{"taxonomy":"product_brand","embeddable":true,"href":"https:\/\/www.polskismak.nl\/index.php\/wp-json\/wp\/v2\/product_brand?post=11456"},{"taxonomy":"product_cat","embeddable":true,"href":"https:\/\/www.polskismak.nl\/index.php\/wp-json\/wp\/v2\/product_cat?post=11456"},{"taxonomy":"product_tag","embeddable":true,"href":"https:\/\/www.polskismak.nl\/index.php\/wp-json\/wp\/v2\/product_tag?post=11456"}],"curies":[{"name":"wp","href":"https:\/\/api.w.org\/{rel}","templated":true}]}}