{"id":11577,"date":"2024-08-07T11:32:02","date_gmt":"2024-08-07T11:32:02","guid":{"rendered":"https:\/\/www.polskismak.nl\/?post_type=product&#038;p=11577"},"modified":"2025-01-23T12:59:41","modified_gmt":"2025-01-23T12:59:41","slug":"vifon-kurczak-lagodny","status":"publish","type":"product","link":"https:\/\/www.polskismak.nl\/index.php\/product\/vifon-kurczak-lagodny\/","title":{"rendered":"Vifon Kurczak \u0141agodny"},"content":{"rendered":"<p>Sk\u0142adniki Kluski (94%): m\u0105ka pszenna, t\u0142uszcz palmowy, tapioka, s\u00f3l, skrobia modyfikowana, cukier, stabilizatory: trifosforany, guma guar; substancje spulchniaj\u0105ce: w\u0119glany potasu, w\u0119glany sodu; kurkuma; dodatki smakowe (6%): s\u00f3l, rafinowany olej palmowy, cukier, wzmacniacze smaku: glutaminian monosodowy, guanylan disodowy, inozynian disodowy; maltodekstryna, pieprz, czosnek (1,5%), suszony por (1%), barwniki: karmel, karoteny; aromat, hydrolizat bia\u0142ka sojowego, substancja przeciwzbrylaj\u0105ca: e 551; przeciwutleniacz: e 306.<\/p>\n","protected":false},"excerpt":{"rendered":"<p>Sk\u0142adniki Kluski (94%): m\u0105ka pszenna, t\u0142uszcz palmowy, tapioka, s\u00f3l, skrobia modyfikowana, cukier, stabilizatory: trifosforany, guma guar; substancje spulchniaj\u0105ce: w\u0119glany potasu, w\u0119glany sodu; kurkuma; dodatki smakowe (6%): s\u00f3l, rafinowany olej palmowy, cukier, wzmacniacze smaku: glutaminian monosodowy, guanylan disodowy, inozynian disodowy; maltodekstryna, pieprz, czosnek (1,5%), suszony por (1%), barwniki: karmel, karoteny; aromat, hydrolizat bia\u0142ka sojowego, substancja przeciwzbrylaj\u0105ca: [&hellip;]<\/p>\n","protected":false},"featured_media":11413,"template":"","meta":[],"product_brand":[],"product_cat":[142,144],"product_tag":[],"class_list":{"0":"post-11577","1":"product","2":"type-product","3":"status-publish","4":"has-post-thumbnail","6":"product_cat-gotowe-dania","7":"product_cat-zupy-i-buliony","9":"first","10":"instock","11":"taxable","12":"shipping-taxable","13":"purchasable","14":"product-type-simple"},"_links":{"self":[{"href":"https:\/\/www.polskismak.nl\/index.php\/wp-json\/wp\/v2\/product\/11577","targetHints":{"allow":["GET"]}}],"collection":[{"href":"https:\/\/www.polskismak.nl\/index.php\/wp-json\/wp\/v2\/product"}],"about":[{"href":"https:\/\/www.polskismak.nl\/index.php\/wp-json\/wp\/v2\/types\/product"}],"wp:featuredmedia":[{"embeddable":true,"href":"https:\/\/www.polskismak.nl\/index.php\/wp-json\/wp\/v2\/media\/11413"}],"wp:attachment":[{"href":"https:\/\/www.polskismak.nl\/index.php\/wp-json\/wp\/v2\/media?parent=11577"}],"wp:term":[{"taxonomy":"product_brand","embeddable":true,"href":"https:\/\/www.polskismak.nl\/index.php\/wp-json\/wp\/v2\/product_brand?post=11577"},{"taxonomy":"product_cat","embeddable":true,"href":"https:\/\/www.polskismak.nl\/index.php\/wp-json\/wp\/v2\/product_cat?post=11577"},{"taxonomy":"product_tag","embeddable":true,"href":"https:\/\/www.polskismak.nl\/index.php\/wp-json\/wp\/v2\/product_tag?post=11577"}],"curies":[{"name":"wp","href":"https:\/\/api.w.org\/{rel}","templated":true}]}}