{"id":11583,"date":"2024-08-07T11:40:18","date_gmt":"2024-08-07T11:40:18","guid":{"rendered":"https:\/\/www.polskismak.nl\/?post_type=product&#038;p=11583"},"modified":"2025-01-23T12:58:52","modified_gmt":"2025-01-23T12:58:52","slug":"vifon-curry","status":"publish","type":"product","link":"https:\/\/www.polskismak.nl\/index.php\/product\/vifon-curry\/","title":{"rendered":"Vifon curry"},"content":{"rendered":"<p>Sk\u0142adniki<br \/>\nkluski (91,7%): m\u0105ka pszenna, t\u0142uszcz palmowy, tapioka, s\u00f3l, skrobia modyfikowana, cukier, stabilizatory: trifosforany, guma guar; substancje spulchniaj\u0105ce: w\u0119glany potasu, w\u0119glany sodu; kurkuma<\/p>\n<p>dodatki smakowe (8,3%): s\u00f3l, rafinowany olej palmowy, cukier, curry w proszku w zmiennych proporcjach (9,2%): kurkuma, any\u017c, go\u017adzik, nasiona kolendry, cynamon; suszone warzywa w zmiennych proporcjach (8,6%): marchew, szczypior, kolendra; wzmacniacze smaku: glutaminian monosodowy, guanylan disodowy, inozynian disodowy; aromat (jaja, orzeszki ziemne, soja), chili (1,4%), czosnek, trawa cytrynowa (0,5%), pieprz, substancja przeciwzbrylaj\u0105ca: E 551; barwnik: karoteny; ekstrakt z chili (0,01%), przeciwutleniacz: E 306<\/p>\n","protected":false},"excerpt":{"rendered":"<p>Sk\u0142adniki kluski (91,7%): m\u0105ka pszenna, t\u0142uszcz palmowy, tapioka, s\u00f3l, skrobia modyfikowana, cukier, stabilizatory: trifosforany, guma guar; substancje spulchniaj\u0105ce: w\u0119glany potasu, w\u0119glany sodu; kurkuma dodatki smakowe (8,3%): s\u00f3l, rafinowany olej palmowy, cukier, curry w proszku w zmiennych proporcjach (9,2%): kurkuma, any\u017c, go\u017adzik, nasiona kolendry, cynamon; suszone warzywa w zmiennych proporcjach (8,6%): marchew, szczypior, kolendra; wzmacniacze smaku: [&hellip;]<\/p>\n","protected":false},"featured_media":11417,"template":"","meta":[],"product_brand":[],"product_cat":[142,144],"product_tag":[],"class_list":{"0":"post-11583","1":"product","2":"type-product","3":"status-publish","4":"has-post-thumbnail","6":"product_cat-gotowe-dania","7":"product_cat-zupy-i-buliony","9":"first","10":"instock","11":"taxable","12":"shipping-taxable","13":"purchasable","14":"product-type-simple"},"_links":{"self":[{"href":"https:\/\/www.polskismak.nl\/index.php\/wp-json\/wp\/v2\/product\/11583","targetHints":{"allow":["GET"]}}],"collection":[{"href":"https:\/\/www.polskismak.nl\/index.php\/wp-json\/wp\/v2\/product"}],"about":[{"href":"https:\/\/www.polskismak.nl\/index.php\/wp-json\/wp\/v2\/types\/product"}],"wp:featuredmedia":[{"embeddable":true,"href":"https:\/\/www.polskismak.nl\/index.php\/wp-json\/wp\/v2\/media\/11417"}],"wp:attachment":[{"href":"https:\/\/www.polskismak.nl\/index.php\/wp-json\/wp\/v2\/media?parent=11583"}],"wp:term":[{"taxonomy":"product_brand","embeddable":true,"href":"https:\/\/www.polskismak.nl\/index.php\/wp-json\/wp\/v2\/product_brand?post=11583"},{"taxonomy":"product_cat","embeddable":true,"href":"https:\/\/www.polskismak.nl\/index.php\/wp-json\/wp\/v2\/product_cat?post=11583"},{"taxonomy":"product_tag","embeddable":true,"href":"https:\/\/www.polskismak.nl\/index.php\/wp-json\/wp\/v2\/product_tag?post=11583"}],"curies":[{"name":"wp","href":"https:\/\/api.w.org\/{rel}","templated":true}]}}