{"id":11587,"date":"2024-08-07T11:45:38","date_gmt":"2024-08-07T11:45:38","guid":{"rendered":"https:\/\/www.polskismak.nl\/?post_type=product&#038;p=11587"},"modified":"2025-01-23T12:57:21","modified_gmt":"2025-01-23T12:57:21","slug":"vifon-kurczak-zloty","status":"publish","type":"product","link":"https:\/\/www.polskismak.nl\/index.php\/product\/vifon-kurczak-zloty\/","title":{"rendered":"Vifon Kurczak Z\u0142oty"},"content":{"rendered":"<p>Sk\u0142adniki<br \/>\ndodatki smakowe (7,2 %): s\u00f3l, rafinowany olej palmowy, wzmacniacze smaku: glutaminian monosodowy, guanylan disodowy, inozynian disodowy; cukier, aromaty (orzeszki ziemne, sezam), pieprz, suszony por (0,82 %), czerwona szalotka (0,5 %), czosnek (0,5 %), hydrolizat bia\u0142ka sojowego, barwnik: karmel; maltodekstryna, substancja przeciwzbrylaj\u0105ca: E 551, przeciwutleniacz: E 306<\/p>\n<p>kluski (92,8 %): m\u0105ka pszenna, t\u0142uszcz palmowy, tapioka, s\u00f3l, skrobia modyfikowana, cukier, stabilizatory: trifosforany, guma guar; substancje spulchniaj\u0105ce: w\u0119glan potasu, w\u0119glan sodu; kurkuma<\/p>\n","protected":false},"excerpt":{"rendered":"<p>Sk\u0142adniki dodatki smakowe (7,2 %): s\u00f3l, rafinowany olej palmowy, wzmacniacze smaku: glutaminian monosodowy, guanylan disodowy, inozynian disodowy; cukier, aromaty (orzeszki ziemne, sezam), pieprz, suszony por (0,82 %), czerwona szalotka (0,5 %), czosnek (0,5 %), hydrolizat bia\u0142ka sojowego, barwnik: karmel; maltodekstryna, substancja przeciwzbrylaj\u0105ca: E 551, przeciwutleniacz: E 306 kluski (92,8 %): m\u0105ka pszenna, t\u0142uszcz palmowy, tapioka, [&hellip;]<\/p>\n","protected":false},"featured_media":11419,"template":"","meta":[],"product_brand":[],"product_cat":[142,144],"product_tag":[],"class_list":{"0":"post-11587","1":"product","2":"type-product","3":"status-publish","4":"has-post-thumbnail","6":"product_cat-gotowe-dania","7":"product_cat-zupy-i-buliony","9":"first","10":"instock","11":"taxable","12":"shipping-taxable","13":"purchasable","14":"product-type-simple"},"_links":{"self":[{"href":"https:\/\/www.polskismak.nl\/index.php\/wp-json\/wp\/v2\/product\/11587","targetHints":{"allow":["GET"]}}],"collection":[{"href":"https:\/\/www.polskismak.nl\/index.php\/wp-json\/wp\/v2\/product"}],"about":[{"href":"https:\/\/www.polskismak.nl\/index.php\/wp-json\/wp\/v2\/types\/product"}],"wp:featuredmedia":[{"embeddable":true,"href":"https:\/\/www.polskismak.nl\/index.php\/wp-json\/wp\/v2\/media\/11419"}],"wp:attachment":[{"href":"https:\/\/www.polskismak.nl\/index.php\/wp-json\/wp\/v2\/media?parent=11587"}],"wp:term":[{"taxonomy":"product_brand","embeddable":true,"href":"https:\/\/www.polskismak.nl\/index.php\/wp-json\/wp\/v2\/product_brand?post=11587"},{"taxonomy":"product_cat","embeddable":true,"href":"https:\/\/www.polskismak.nl\/index.php\/wp-json\/wp\/v2\/product_cat?post=11587"},{"taxonomy":"product_tag","embeddable":true,"href":"https:\/\/www.polskismak.nl\/index.php\/wp-json\/wp\/v2\/product_tag?post=11587"}],"curies":[{"name":"wp","href":"https:\/\/api.w.org\/{rel}","templated":true}]}}