{"id":11618,"date":"2024-08-30T13:21:38","date_gmt":"2024-08-30T13:21:38","guid":{"rendered":"https:\/\/www.polskismak.nl\/?post_type=product&#038;p=11618"},"modified":"2025-11-12T15:08:09","modified_gmt":"2025-11-12T15:08:09","slug":"czekolada-tiki-taki","status":"publish","type":"product","link":"https:\/\/www.polskismak.nl\/index.php\/product\/czekolada-tiki-taki\/","title":{"rendered":"Czekolada Tiki Taki"},"content":{"rendered":"<p>Sk\u0142adniki<br \/>\nczekolada 53 % [cukier, miazga kakaowa, t\u0142uszcz kakaowy, t\u0142uszcz ro\u015blinny (shea), emulgator: lecytyny], cukier, t\u0142uszcz ro\u015blinny (palmowy, kokosowy), orzeszki arachidowe 11 %, mleko w proszku odt\u0142uszczone, wi\u00f3rki kokosowe 4,3 %, emulgator: lecytyny<\/p>\n<p>Opr\u00f3cz t\u0142uszczu kakaowego czekolada zawiera t\u0142uszcze ro\u015blinne<br \/>\nCzekolada: masa kakaowa minimum 43 %<\/p>\n<p>Tekst dotycz\u0105cy alergen\u00f3w<br \/>\nProdukt mo\u017ce zawiera\u0107 soj\u0119, orzechy, nasiona sezamu, pszenic\u0119 i jaja.<\/p>\n","protected":false},"excerpt":{"rendered":"<p>Sk\u0142adniki czekolada 53 % [cukier, miazga kakaowa, t\u0142uszcz kakaowy, t\u0142uszcz ro\u015blinny (shea), emulgator: lecytyny], cukier, t\u0142uszcz ro\u015blinny (palmowy, kokosowy), orzeszki arachidowe 11 %, mleko w proszku odt\u0142uszczone, wi\u00f3rki kokosowe 4,3 %, emulgator: lecytyny Opr\u00f3cz t\u0142uszczu kakaowego czekolada zawiera t\u0142uszcze ro\u015blinne Czekolada: masa kakaowa minimum 43 % Tekst dotycz\u0105cy alergen\u00f3w Produkt mo\u017ce zawiera\u0107 soj\u0119, orzechy, nasiona [&hellip;]<\/p>\n","protected":false},"featured_media":11466,"template":"","meta":[],"product_brand":[],"product_cat":[105,103],"product_tag":[],"class_list":{"0":"post-11618","1":"product","2":"type-product","3":"status-publish","4":"has-post-thumbnail","6":"product_cat-czekolady-i-bombonierki","7":"product_cat-slodycze-i-przekaski","9":"first","10":"onbackorder","11":"taxable","12":"shipping-taxable","13":"purchasable","14":"product-type-simple"},"_links":{"self":[{"href":"https:\/\/www.polskismak.nl\/index.php\/wp-json\/wp\/v2\/product\/11618","targetHints":{"allow":["GET"]}}],"collection":[{"href":"https:\/\/www.polskismak.nl\/index.php\/wp-json\/wp\/v2\/product"}],"about":[{"href":"https:\/\/www.polskismak.nl\/index.php\/wp-json\/wp\/v2\/types\/product"}],"wp:featuredmedia":[{"embeddable":true,"href":"https:\/\/www.polskismak.nl\/index.php\/wp-json\/wp\/v2\/media\/11466"}],"wp:attachment":[{"href":"https:\/\/www.polskismak.nl\/index.php\/wp-json\/wp\/v2\/media?parent=11618"}],"wp:term":[{"taxonomy":"product_brand","embeddable":true,"href":"https:\/\/www.polskismak.nl\/index.php\/wp-json\/wp\/v2\/product_brand?post=11618"},{"taxonomy":"product_cat","embeddable":true,"href":"https:\/\/www.polskismak.nl\/index.php\/wp-json\/wp\/v2\/product_cat?post=11618"},{"taxonomy":"product_tag","embeddable":true,"href":"https:\/\/www.polskismak.nl\/index.php\/wp-json\/wp\/v2\/product_tag?post=11618"}],"curies":[{"name":"wp","href":"https:\/\/api.w.org\/{rel}","templated":true}]}}