{"id":11620,"date":"2024-08-30T13:25:15","date_gmt":"2024-08-30T13:25:15","guid":{"rendered":"https:\/\/www.polskismak.nl\/?post_type=product&#038;p=11620"},"modified":"2025-11-12T15:07:56","modified_gmt":"2025-11-12T15:07:56","slug":"czekolada-nussbeisser","status":"publish","type":"product","link":"https:\/\/www.polskismak.nl\/index.php\/product\/czekolada-nussbeisser\/","title":{"rendered":"Czekolada Nussbeisser"},"content":{"rendered":"<p>Sk\u0142adniki: cukier, orzechy laskowe (23%), miazga kakaowa, t\u0142uszcz kakaowy, odt\u0142uszczone mleko w proszku, serwatka w proszku (z mleka), t\u0142uszcze ro\u015blinne (palmowy, shea), t\u0142uszcz mleczny, emulgatory (lecytyny sojowe, E 476, lecytyny s\u0142onecznikowe), aromat<\/p>\n<p>Masa kakaowa w czekoladzie mlecznej minimum 25%<\/p>\n<p>Opr\u00f3cz t\u0142uszczu kakaowego zawiera t\u0142uszcze ro\u015blinne<\/p>\n<p>Tekst dotycz\u0105cy alergen\u00f3w<br \/>\nMo\u017ce zawiera\u0107 inne orzechy oraz pszenic\u0119.<\/p>\n","protected":false},"excerpt":{"rendered":"<p>Sk\u0142adniki: cukier, orzechy laskowe (23%), miazga kakaowa, t\u0142uszcz kakaowy, odt\u0142uszczone mleko w proszku, serwatka w proszku (z mleka), t\u0142uszcze ro\u015blinne (palmowy, shea), t\u0142uszcz mleczny, emulgatory (lecytyny sojowe, E 476, lecytyny s\u0142onecznikowe), aromat Masa kakaowa w czekoladzie mlecznej minimum 25% Opr\u00f3cz t\u0142uszczu kakaowego zawiera t\u0142uszcze ro\u015blinne Tekst dotycz\u0105cy alergen\u00f3w Mo\u017ce zawiera\u0107 inne orzechy oraz pszenic\u0119.<\/p>\n","protected":false},"featured_media":11467,"template":"","meta":[],"product_brand":[],"product_cat":[17,105,103],"product_tag":[],"class_list":{"0":"post-11620","1":"product","2":"type-product","3":"status-publish","4":"has-post-thumbnail","6":"product_cat-bez-kategorii","7":"product_cat-czekolady-i-bombonierki","8":"product_cat-slodycze-i-przekaski","10":"first","11":"instock","12":"taxable","13":"shipping-taxable","14":"purchasable","15":"product-type-simple"},"_links":{"self":[{"href":"https:\/\/www.polskismak.nl\/index.php\/wp-json\/wp\/v2\/product\/11620","targetHints":{"allow":["GET"]}}],"collection":[{"href":"https:\/\/www.polskismak.nl\/index.php\/wp-json\/wp\/v2\/product"}],"about":[{"href":"https:\/\/www.polskismak.nl\/index.php\/wp-json\/wp\/v2\/types\/product"}],"wp:featuredmedia":[{"embeddable":true,"href":"https:\/\/www.polskismak.nl\/index.php\/wp-json\/wp\/v2\/media\/11467"}],"wp:attachment":[{"href":"https:\/\/www.polskismak.nl\/index.php\/wp-json\/wp\/v2\/media?parent=11620"}],"wp:term":[{"taxonomy":"product_brand","embeddable":true,"href":"https:\/\/www.polskismak.nl\/index.php\/wp-json\/wp\/v2\/product_brand?post=11620"},{"taxonomy":"product_cat","embeddable":true,"href":"https:\/\/www.polskismak.nl\/index.php\/wp-json\/wp\/v2\/product_cat?post=11620"},{"taxonomy":"product_tag","embeddable":true,"href":"https:\/\/www.polskismak.nl\/index.php\/wp-json\/wp\/v2\/product_tag?post=11620"}],"curies":[{"name":"wp","href":"https:\/\/api.w.org\/{rel}","templated":true}]}}