{"id":11632,"date":"2024-08-30T13:43:04","date_gmt":"2024-08-30T13:43:04","guid":{"rendered":"https:\/\/www.polskismak.nl\/?post_type=product&#038;p=11632"},"modified":"2025-11-12T15:05:27","modified_gmt":"2025-11-12T15:05:27","slug":"czkolada-jedyna","status":"publish","type":"product","link":"https:\/\/www.polskismak.nl\/index.php\/product\/czkolada-jedyna\/","title":{"rendered":"Czkolada Jedyna"},"content":{"rendered":"<p>Sk\u0142adniki:<br \/>\ncukier, miazga kakaowa, kakao o obni\u017conej zawarto\u015bci t\u0142uszczu, t\u0142uszcz kakaowy, t\u0142uszcz mleczny, emulgatory (lecytyna sojowa, E 476), s\u00f3l, aromat<\/p>\n<p>Masa kakaowa minimum 50 %<\/p>\n<p>Tekst dotycz\u0105cy alergen\u00f3w<br \/>\nMo\u017ce zawiera\u0107 orzeszki arachidowe, orzechy, mleko, zbo\u017ca, jaja.<\/p>\n","protected":false},"excerpt":{"rendered":"<p>Sk\u0142adniki: cukier, miazga kakaowa, kakao o obni\u017conej zawarto\u015bci t\u0142uszczu, t\u0142uszcz kakaowy, t\u0142uszcz mleczny, emulgatory (lecytyna sojowa, E 476), s\u00f3l, aromat Masa kakaowa minimum 50 % Tekst dotycz\u0105cy alergen\u00f3w Mo\u017ce zawiera\u0107 orzeszki arachidowe, orzechy, mleko, zbo\u017ca, jaja.<\/p>\n","protected":false},"featured_media":11472,"template":"","meta":[],"product_brand":[],"product_cat":[105,103],"product_tag":[],"class_list":{"0":"post-11632","1":"product","2":"type-product","3":"status-publish","4":"has-post-thumbnail","6":"product_cat-czekolady-i-bombonierki","7":"product_cat-slodycze-i-przekaski","9":"first","10":"outofstock","11":"taxable","12":"shipping-taxable","13":"purchasable","14":"product-type-simple"},"_links":{"self":[{"href":"https:\/\/www.polskismak.nl\/index.php\/wp-json\/wp\/v2\/product\/11632","targetHints":{"allow":["GET"]}}],"collection":[{"href":"https:\/\/www.polskismak.nl\/index.php\/wp-json\/wp\/v2\/product"}],"about":[{"href":"https:\/\/www.polskismak.nl\/index.php\/wp-json\/wp\/v2\/types\/product"}],"wp:featuredmedia":[{"embeddable":true,"href":"https:\/\/www.polskismak.nl\/index.php\/wp-json\/wp\/v2\/media\/11472"}],"wp:attachment":[{"href":"https:\/\/www.polskismak.nl\/index.php\/wp-json\/wp\/v2\/media?parent=11632"}],"wp:term":[{"taxonomy":"product_brand","embeddable":true,"href":"https:\/\/www.polskismak.nl\/index.php\/wp-json\/wp\/v2\/product_brand?post=11632"},{"taxonomy":"product_cat","embeddable":true,"href":"https:\/\/www.polskismak.nl\/index.php\/wp-json\/wp\/v2\/product_cat?post=11632"},{"taxonomy":"product_tag","embeddable":true,"href":"https:\/\/www.polskismak.nl\/index.php\/wp-json\/wp\/v2\/product_tag?post=11632"}],"curies":[{"name":"wp","href":"https:\/\/api.w.org\/{rel}","templated":true}]}}