{"id":11638,"date":"2024-08-30T14:03:13","date_gmt":"2024-08-30T14:03:13","guid":{"rendered":"https:\/\/www.polskismak.nl\/?post_type=product&#038;p=11638"},"modified":"2025-11-12T15:04:49","modified_gmt":"2025-11-12T15:04:49","slug":"delicje-szampanskie-wisniowe","status":"publish","type":"product","link":"https:\/\/www.polskismak.nl\/index.php\/product\/delicje-szampanskie-wisniowe\/","title":{"rendered":"Delicje szampa\u0144skie wi\u015bniowe"},"content":{"rendered":"<p>Sk\u0142adniki: syrop glukozowo-fruktozowy, cukier, czekolada 15 % [cukier, miazga kakaowa, t\u0142uszcz kakaowy, t\u0142uszcze ro\u015blinne (shea, palmowy, w zmiennych proporcjach), emulgatory (lecytyny sojowe, E 476), aromat], m\u0105ka pszenna, jaja, woda, skrobia ziemniaczana, zag\u0119szczony sok wi\u015bniowy 1,5 %, substancja utrzymuj\u0105ca wilgo\u0107 (glicerol), olej rzepakowy, regulatory kwasowo\u015bci (kwas cytrynowy, kwas jab\u0142kowy, cytryniany sodu), substancja \u017celuj\u0105ca (pektyny), barwniki (E 120, karoteny), s\u00f3l, aromaty, substancja spulchniaj\u0105ca (w\u0119glany amonu), emulgator (E 471), odt\u0142uszczone mleko w proszku<\/p>\n<p>Opr\u00f3cz t\u0142uszczu kakaowego czekolada zawiera t\u0142uszcze ro\u015blinne<\/p>\n<p>Tekst dotycz\u0105cy alergen\u00f3w<br \/>\nMo\u017ce zawiera\u0107 orzechy.<\/p>\n","protected":false},"excerpt":{"rendered":"<p>Sk\u0142adniki: syrop glukozowo-fruktozowy, cukier, czekolada 15 % [cukier, miazga kakaowa, t\u0142uszcz kakaowy, t\u0142uszcze ro\u015blinne (shea, palmowy, w zmiennych proporcjach), emulgatory (lecytyny sojowe, E 476), aromat], m\u0105ka pszenna, jaja, woda, skrobia ziemniaczana, zag\u0119szczony sok wi\u015bniowy 1,5 %, substancja utrzymuj\u0105ca wilgo\u0107 (glicerol), olej rzepakowy, regulatory kwasowo\u015bci (kwas cytrynowy, kwas jab\u0142kowy, cytryniany sodu), substancja \u017celuj\u0105ca (pektyny), barwniki (E [&hellip;]<\/p>\n","protected":false},"featured_media":11476,"template":"","meta":[],"product_brand":[],"product_cat":[104,103],"product_tag":[],"class_list":{"0":"post-11638","1":"product","2":"type-product","3":"status-publish","4":"has-post-thumbnail","6":"product_cat-ciastka-i-pierniki","7":"product_cat-slodycze-i-przekaski","9":"first","10":"instock","11":"taxable","12":"shipping-taxable","13":"purchasable","14":"product-type-simple"},"_links":{"self":[{"href":"https:\/\/www.polskismak.nl\/index.php\/wp-json\/wp\/v2\/product\/11638","targetHints":{"allow":["GET"]}}],"collection":[{"href":"https:\/\/www.polskismak.nl\/index.php\/wp-json\/wp\/v2\/product"}],"about":[{"href":"https:\/\/www.polskismak.nl\/index.php\/wp-json\/wp\/v2\/types\/product"}],"wp:featuredmedia":[{"embeddable":true,"href":"https:\/\/www.polskismak.nl\/index.php\/wp-json\/wp\/v2\/media\/11476"}],"wp:attachment":[{"href":"https:\/\/www.polskismak.nl\/index.php\/wp-json\/wp\/v2\/media?parent=11638"}],"wp:term":[{"taxonomy":"product_brand","embeddable":true,"href":"https:\/\/www.polskismak.nl\/index.php\/wp-json\/wp\/v2\/product_brand?post=11638"},{"taxonomy":"product_cat","embeddable":true,"href":"https:\/\/www.polskismak.nl\/index.php\/wp-json\/wp\/v2\/product_cat?post=11638"},{"taxonomy":"product_tag","embeddable":true,"href":"https:\/\/www.polskismak.nl\/index.php\/wp-json\/wp\/v2\/product_tag?post=11638"}],"curies":[{"name":"wp","href":"https:\/\/api.w.org\/{rel}","templated":true}]}}