{"id":11692,"date":"2024-09-04T09:40:30","date_gmt":"2024-09-04T09:40:30","guid":{"rendered":"https:\/\/www.polskismak.nl\/?post_type=product&#038;p=11692"},"modified":"2025-01-22T14:43:24","modified_gmt":"2025-01-22T14:43:24","slug":"chalwa-krolewska","status":"publish","type":"product","link":"https:\/\/www.polskismak.nl\/index.php\/product\/chalwa-krolewska\/","title":{"rendered":"Cha\u0142wa Kr\u00f3lewska"},"content":{"rendered":"<p>Sk\u0142ad: Miazga sezamowa (50%), Syrop glukozowy, Cukier, T\u0142uszcz ro\u015blinny (palmowy), S\u00f3l, Bia\u0142ko jaja w proszku, Aromat. Mo\u017ce zawiera\u0107 orzeszki arachidowe, orzechy, soj\u0119.<\/p>\n","protected":false},"excerpt":{"rendered":"<p>Sk\u0142ad: Miazga sezamowa (50%), Syrop glukozowy, Cukier, T\u0142uszcz ro\u015blinny (palmowy), S\u00f3l, Bia\u0142ko jaja w proszku, Aromat. Mo\u017ce zawiera\u0107 orzeszki arachidowe, orzechy, soj\u0119.<\/p>\n","protected":false},"featured_media":11486,"template":"","meta":[],"product_brand":[],"product_cat":[107,103],"product_tag":[],"class_list":{"0":"post-11692","1":"product","2":"type-product","3":"status-publish","4":"has-post-thumbnail","6":"product_cat-batoniki-i-wafelki","7":"product_cat-slodycze-i-przekaski","9":"first","10":"instock","11":"taxable","12":"shipping-taxable","13":"purchasable","14":"product-type-simple"},"_links":{"self":[{"href":"https:\/\/www.polskismak.nl\/index.php\/wp-json\/wp\/v2\/product\/11692","targetHints":{"allow":["GET"]}}],"collection":[{"href":"https:\/\/www.polskismak.nl\/index.php\/wp-json\/wp\/v2\/product"}],"about":[{"href":"https:\/\/www.polskismak.nl\/index.php\/wp-json\/wp\/v2\/types\/product"}],"wp:featuredmedia":[{"embeddable":true,"href":"https:\/\/www.polskismak.nl\/index.php\/wp-json\/wp\/v2\/media\/11486"}],"wp:attachment":[{"href":"https:\/\/www.polskismak.nl\/index.php\/wp-json\/wp\/v2\/media?parent=11692"}],"wp:term":[{"taxonomy":"product_brand","embeddable":true,"href":"https:\/\/www.polskismak.nl\/index.php\/wp-json\/wp\/v2\/product_brand?post=11692"},{"taxonomy":"product_cat","embeddable":true,"href":"https:\/\/www.polskismak.nl\/index.php\/wp-json\/wp\/v2\/product_cat?post=11692"},{"taxonomy":"product_tag","embeddable":true,"href":"https:\/\/www.polskismak.nl\/index.php\/wp-json\/wp\/v2\/product_tag?post=11692"}],"curies":[{"name":"wp","href":"https:\/\/api.w.org\/{rel}","templated":true}]}}